{"id":1026,"date":"2019-11-26T16:31:21","date_gmt":"2019-11-26T15:31:21","guid":{"rendered":"https:\/\/fan-info.ch\/impressum\/"},"modified":"2020-07-14T09:27:47","modified_gmt":"2020-07-14T07:27:47","slug":"impressum","status":"publish","type":"page","link":"https:\/\/fan-info.ch\/fr\/impressum\/","title":{"rendered":"Impressum"},"content":{"rendered":"<p>[et_pb_section fb_built=\u00a0\u00bb1&Prime; _builder_version=\u00a0\u00bb4.0.6&Prime;][et_pb_row _builder_version=\u00a0\u00bb4.0.6&Prime;][et_pb_column type=\u00a0\u00bb4_4&Prime; _builder_version=\u00a0\u00bb4.0.6&Prime;][et_pb_text _builder_version=\u00a0\u00bb4.0.11&Prime; hover_enabled=\u00a0\u00bb0&Prime;]<\/p>\n<h1>Impressum<\/h1>\n<p>&nbsp;<\/p>\n<h2>Inhaber der Website<\/h2>\n<p>Fachleute Naturgefahren (FAN)<br \/>\nc\/o Eidgen\u00f6ssische Forschungsanstalt f\u00fcr Wald, Schnee und Landschaft<br \/>\nChristoph Graf, Pr\u00e4sident<br \/>\nZ\u00fcrcherstr. 111<br \/>\n8903 Birmensdorf<\/p>\n<p>FAN\u2013Sekretariat<br \/>\nc\/o geo7 AG<br \/>\nSonja Cosandey<br \/>\nNeufeldstrasse 5-9<br \/>\n3012 Bern<br \/>\nTel: 031 300 44 33<br \/>\nkontakt@fan-info.ch<\/p>\n<p>&nbsp;<\/p>\n<h2>Copyright \/ Bildnachweis<\/h2>\n<p>Die Website der Fachleute Naturgefahren (FAN) dient ausschliesslich der Information. Das Copyright f\u00fcr s\u00e4mtliche Inhalte dieser Website liegt bei der FAN und ist urheberrechtlich gesch\u00fctzt.<\/p>\n<p>Das Verlinken auf diese Webseite sowie das Zitieren unter Angabe der Quelle (Quelle: Fachleute Naturgefahren (FAN), <a href=\"https:\/\/fan-info.ch\/fr\/home\/\" target=\"_blank\" rel=\"noopener noreferrer\">www.fan-info.ch<\/a>) ist erlaubt. Der Verein Fachleute Naturgefahren beh\u00e4lt sich das Recht vor, einen Betreiber aufzufordern, Hyperlinks zu l\u00f6schen, die nicht den redaktionellen Richtlinien des Vereins entsprechen.<\/p>\n<p>&nbsp;<\/p>\n<h2>Haftungsausschluss<\/h2>\n<p>Die Inhalte wurden mit gr\u00f6sster Sorgfalt erstellt. F\u00fcr die Richtigkeit und Vollst\u00e4ndigkeit der Inhalte wird aber jegliche Haftung abgelehnt, ebenso f\u00fcr Sch\u00e4den, die sich aus der Nutzung der Website ergeben.<\/p>\n<p>Auf der Website des Vereins Fachleute Naturgefahren befinden sich Links, die zu anderen Websites f\u00fchren. Die Fachleute Naturgefahren haben diese Sites nicht gepr\u00fcft und \u00fcbernehmen keine Verantwortung f\u00fcr deren Inhalt.<\/p>\n<p>&nbsp;<\/p>\n<p>&nbsp;<\/p>\n<p>&nbsp;<br \/>\n[\/et_pb_text][\/et_pb_column][\/et_pb_row][\/et_pb_section]<\/p>\n","protected":false},"excerpt":{"rendered":"<p>Impressum &nbsp; Inhaber der Website Fachleute Naturgefahren (FAN) c\/o Eidgen\u00f6ssische Forschungsanstalt f\u00fcr Wald, Schnee und Landschaft Christoph Graf, Pr\u00e4sident Z\u00fcrcherstr. 111 8903 Birmensdorf FAN\u2013Sekretariat c\/o geo7 AG Sonja Cosandey Neufeldstrasse 5-9 3012 Bern Tel: 031 300 44 33 kontakt@fan-info.ch &nbsp; Copyright \/ Bildnachweis Die Website der Fachleute Naturgefahren (FAN) dient ausschliesslich der Information. Das Copyright [&hellip;]<\/p>\n","protected":false},"author":1,"featured_media":0,"parent":0,"menu_order":0,"comment_status":"closed","ping_status":"closed","template":"","meta":{"_et_pb_use_builder":"on","_et_pb_old_content":"","_et_gb_content_width":"","footnotes":""},"class_list":["post-1026","page","type-page","status-publish","hentry"],"_links":{"self":[{"href":"https:\/\/fan-info.ch\/fr\/wp-json\/wp\/v2\/pages\/1026","targetHints":{"allow":["GET"]}}],"collection":[{"href":"https:\/\/fan-info.ch\/fr\/wp-json\/wp\/v2\/pages"}],"about":[{"href":"https:\/\/fan-info.ch\/fr\/wp-json\/wp\/v2\/types\/page"}],"author":[{"embeddable":true,"href":"https:\/\/fan-info.ch\/fr\/wp-json\/wp\/v2\/users\/1"}],"replies":[{"embeddable":true,"href":"https:\/\/fan-info.ch\/fr\/wp-json\/wp\/v2\/comments?post=1026"}],"version-history":[{"count":2,"href":"https:\/\/fan-info.ch\/fr\/wp-json\/wp\/v2\/pages\/1026\/revisions"}],"predecessor-version":[{"id":2310,"href":"https:\/\/fan-info.ch\/fr\/wp-json\/wp\/v2\/pages\/1026\/revisions\/2310"}],"wp:attachment":[{"href":"https:\/\/fan-info.ch\/fr\/wp-json\/wp\/v2\/media?parent=1026"}],"curies":[{"name":"wp","href":"https:\/\/api.w.org\/{rel}","templated":true}]}}