{"id":1034,"date":"2019-12-03T09:40:41","date_gmt":"2019-12-03T08:40:41","guid":{"rendered":"https:\/\/fan-info.ch\/fan-sekretariat\/"},"modified":"2025-09-11T15:16:23","modified_gmt":"2025-09-11T13:16:23","slug":"fan-sekretariat","status":"publish","type":"page","link":"https:\/\/fan-info.ch\/fr\/a-propos-de-fan\/fan-sekretariat\/","title":{"rendered":"S\u00e9cretariat"},"content":{"rendered":"<p>[et_pb_section fb_built=\u00a0\u00bb1&Prime; _builder_version=\u00a0\u00bb4.16&Prime; global_colors_info=\u00a0\u00bb{}\u00a0\u00bb][et_pb_row _builder_version=\u00a0\u00bb4.16&Prime; background_size=\u00a0\u00bbinitial\u00a0\u00bb background_position=\u00a0\u00bbtop_left\u00a0\u00bb background_repeat=\u00a0\u00bbrepeat\u00a0\u00bb global_colors_info=\u00a0\u00bb{}\u00a0\u00bb][et_pb_column type=\u00a0\u00bb4_4&Prime; _builder_version=\u00a0\u00bb4.16&Prime; custom_padding=\u00a0\u00bb|||\u00a0\u00bb global_colors_info=\u00a0\u00bb{}\u00a0\u00bb custom_padding__hover=\u00a0\u00bb|||\u00a0\u00bb][et_pb_text _builder_version=\u00a0\u00bb4.27.4&Prime; background_size=\u00a0\u00bbinitial\u00a0\u00bb background_position=\u00a0\u00bbtop_left\u00a0\u00bb background_repeat=\u00a0\u00bbrepeat\u00a0\u00bb hover_enabled=\u00a0\u00bb0&Prime; global_colors_info=\u00a0\u00bb{}\u00a0\u00bb sticky_enabled=\u00a0\u00bb0&Prime;]<\/p>\n<h2>Secr\u00e9tariat<\/h2>\n<div>\u00a0<\/div>\n<div>Le secr\u00e9tariat de la FAN soutient le d\u00e9partement des finances et de l&rsquo;administration du comit\u00e9 ex\u00e9cutif de la FAN. Il est \u00e9galement le point de contact pour les questions des membres et pour les demandes de renseignements externes. Il s&rsquo;occupe de l&rsquo;administration et de la comptabilit\u00e9 de l&rsquo;association et soutient l&rsquo;organisation d&rsquo;\u00e9v\u00e9nements.<\/div>\n<div>\u00a0<\/div>\n<div>\u00a0<\/div>\n<div>Contact :<\/div>\n<div>FAN \u2013 Sekretariat<\/div>\n<div>Selnaustr. 16<\/div>\n<div>8001 Z\u00fcrich<\/div>\n<div>044 283 15 33<\/div>\n<div><a href=\"mailto:kontakt@fan-info.ch\">kontakt@fan-info.ch<\/a><\/div>\n<p>[\/et_pb_text][\/et_pb_column][\/et_pb_row][\/et_pb_section]<\/p>\n","protected":false},"excerpt":{"rendered":"<p>Secr\u00e9tariat \u00a0 Le secr\u00e9tariat de la FAN soutient le d\u00e9partement des finances et de l&rsquo;administration du comit\u00e9 ex\u00e9cutif de la FAN. Il est \u00e9galement le point de contact pour les questions des membres et pour les demandes de renseignements externes. Il s&rsquo;occupe de l&rsquo;administration et de la comptabilit\u00e9 de l&rsquo;association et soutient l&rsquo;organisation d&rsquo;\u00e9v\u00e9nements. \u00a0 [&hellip;]<\/p>\n","protected":false},"author":15,"featured_media":0,"parent":2213,"menu_order":0,"comment_status":"closed","ping_status":"closed","template":"","meta":{"_et_pb_use_builder":"on","_et_pb_old_content":"","_et_gb_content_width":"","footnotes":""},"class_list":["post-1034","page","type-page","status-publish","hentry"],"_links":{"self":[{"href":"https:\/\/fan-info.ch\/fr\/wp-json\/wp\/v2\/pages\/1034","targetHints":{"allow":["GET"]}}],"collection":[{"href":"https:\/\/fan-info.ch\/fr\/wp-json\/wp\/v2\/pages"}],"about":[{"href":"https:\/\/fan-info.ch\/fr\/wp-json\/wp\/v2\/types\/page"}],"author":[{"embeddable":true,"href":"https:\/\/fan-info.ch\/fr\/wp-json\/wp\/v2\/users\/15"}],"replies":[{"embeddable":true,"href":"https:\/\/fan-info.ch\/fr\/wp-json\/wp\/v2\/comments?post=1034"}],"version-history":[{"count":6,"href":"https:\/\/fan-info.ch\/fr\/wp-json\/wp\/v2\/pages\/1034\/revisions"}],"predecessor-version":[{"id":9076,"href":"https:\/\/fan-info.ch\/fr\/wp-json\/wp\/v2\/pages\/1034\/revisions\/9076"}],"up":[{"embeddable":true,"href":"https:\/\/fan-info.ch\/fr\/wp-json\/wp\/v2\/pages\/2213"}],"wp:attachment":[{"href":"https:\/\/fan-info.ch\/fr\/wp-json\/wp\/v2\/media?parent=1034"}],"curies":[{"name":"wp","href":"https:\/\/api.w.org\/{rel}","templated":true}]}}