{"id":1057,"date":"2020-01-14T13:10:30","date_gmt":"2020-01-14T12:10:30","guid":{"rendered":"https:\/\/fan-info.ch\/evenements\/"},"modified":"2026-01-09T14:50:45","modified_gmt":"2026-01-09T13:50:45","slug":"evenements","status":"publish","type":"page","link":"https:\/\/fan-info.ch\/fr\/evenements\/","title":{"rendered":"\u00c9v\u00e9nements"},"content":{"rendered":"<p>[et_pb_section fb_built=\u00a0\u00bb1&Prime; _builder_version=\u00a0\u00bb4.16&Prime; global_colors_info=\u00a0\u00bb{}\u00a0\u00bb][et_pb_row _builder_version=\u00a0\u00bb4.16&Prime; background_size=\u00a0\u00bbinitial\u00a0\u00bb background_position=\u00a0\u00bbtop_left\u00a0\u00bb background_repeat=\u00a0\u00bbrepeat\u00a0\u00bb global_colors_info=\u00a0\u00bb{}\u00a0\u00bb][et_pb_column type=\u00a0\u00bb4_4&Prime; _builder_version=\u00a0\u00bb4.16&Prime; custom_padding=\u00a0\u00bb|||\u00a0\u00bb global_colors_info=\u00a0\u00bb{}\u00a0\u00bb custom_padding__hover=\u00a0\u00bb|||\u00a0\u00bb][et_pb_text admin_label=\u00a0\u00bbForum \/ Cours d&rsquo;automne\u00a0\u00bb _builder_version=\u00a0\u00bb4.27.4&Prime; background_size=\u00a0\u00bbinitial\u00a0\u00bb background_position=\u00a0\u00bbtop_left\u00a0\u00bb background_repeat=\u00a0\u00bbrepeat\u00a0\u00bb global_colors_info=\u00a0\u00bb{}\u00a0\u00bb]<\/p>\n<p>La FAN organise normalement <strong>deux \u00e9v\u00e9nements<\/strong> de son c\u00f4t\u00e9 par an:<\/p>\n<ul>\n<li><a href=\"https:\/\/fan-info.ch\/fr\/evenements\/fan-forum\/\">Forum FAN<\/a>: \u00c9v\u00e9nement d&rsquo;une journ\u00e9e \u00e0 Olten avec des contributions d&rsquo;experts sur un sujet choisi et une assembl\u00e9e g\u00e9n\u00e9rale int\u00e9gr\u00e9e.<\/li>\n<li><a href=\"https:\/\/fan-info.ch\/fr\/evenements\/fan-herbstkurs\/\">Cours d&rsquo;automne du FAN <\/a>: Le cours d&rsquo;automne annuel du FAN est le c\u0153ur traditionnel du programme de formation continue. Le cours d&rsquo;automne a lieu entre septembre et novembre.<\/li>\n<\/ul>\n<p>[\/et_pb_text][et_pb_text admin_label=\u00a0\u00bbpetits forums\u00a0\u00bb _builder_version=\u00a0\u00bb4.27.4&Prime; _module_preset=\u00a0\u00bbdefault\u00a0\u00bb global_colors_info=\u00a0\u00bb{}\u00a0\u00bb]<\/p>\n<p>La FAN prend en charge le <strong>patronage<\/strong> des <a href=\"https:\/\/fan-info.ch\/fr\/evenements\/petit-forum-fan\/\">petits forums<\/a> de la FAN et budg\u00e9tise un montant de soutien par an.<\/p>\n<p>[\/et_pb_text][et_pb_text admin_label=\u00a0\u00bbOFEV\u00a0\u00bb _builder_version=\u00a0\u00bb4.27.4&Prime; _module_preset=\u00a0\u00bbdefault\u00a0\u00bb global_colors_info=\u00a0\u00bb{}\u00a0\u00bb]<\/p>\n<p>La FAN propose des cours suppl\u00e9mentaires sur <strong>mandat<\/strong> de l&rsquo;Office f\u00e9d\u00e9ral de l&rsquo;environnement (OFEV):<\/p>\n<ul>\n<li><a href=\"https:\/\/fan-info.ch\/fr\/evenements\/fan-cours-pratique\/\">Cours pratique sur l&rsquo;\u00e9valuation des dangers naturels gravitationnels<\/a>: La formation continue offre aux d\u00e9butants ayant peu d&rsquo;exp\u00e9rience pratique dans l&rsquo;\u00e9valuation des risques la possibilit\u00e9 d&rsquo;acqu\u00e9rir des connaissances sp\u00e9cialis\u00e9es dans l&rsquo;\u00e9valuation des dangers naturels gravitaires, de former les comp\u00e9tences correspondantes et de les appliquer ensuite de mani\u00e8re cibl\u00e9e. Le cours aura initialement lieu trois fois par \u00e9t\u00e9 \u00e0 Grindelwald \u00e0 partir de 2019. La langue du cours est l&rsquo;allemand.<\/li>\n<\/ul>\n<p>[\/et_pb_text][et_pb_text admin_label=\u00a0\u00bbautres\u00a0\u00bb _builder_version=\u00a0\u00bb4.27.4&Prime; _module_preset=\u00a0\u00bbdefault\u00a0\u00bb hover_enabled=\u00a0\u00bb0&Prime; global_colors_info=\u00a0\u00bb{}\u00a0\u00bb sticky_enabled=\u00a0\u00bb0&Prime;]<\/p>\n<p>En <strong>collaboration<\/strong> avec des<strong> organisations partenaires<\/strong>, d&rsquo;autres activit\u00e9s et <strong>cours communs<\/strong> sont propos\u00e9s de mani\u00e8re sporadique.<\/p>\n<p>&nbsp;<\/p>\n<p>[\/et_pb_text][et_pb_text admin_label=\u00a0\u00bbProchain \u00e9v\u00e9nements\u00a0\u00bb _builder_version=\u00a0\u00bb4.27.4&Prime; _module_preset=\u00a0\u00bbdefault\u00a0\u00bb global_colors_info=\u00a0\u00bb{}\u00a0\u00bb]<\/p>\n<h2>\u00c9v\u00e9nements \u00e0 venir<\/h2>\n<div class=\"em em-view-container\" id=\"em-view-295441612\" data-view=\"list\">\r\n\t<div class=\"em em-list em-events-list\" id=\"em-events-list-295441612\" data-view-id=\"295441612\">\r\n\t<table class=\"events-table\" >\r\n    <thead>\r\n        <tr>\r\n\t\t\t<th class=\"event-time\" scope=\"col\">Date\/heure<\/th>\r\n\t\t\t<th class=\"event-description\" scope=\"col\">\u00c9v\u00e9nement<\/th>\r\n\t\t<\/tr>\r\n   \t<\/thead>\r\n    <tbody><tr>\r\n            <td>\r\n                18.05.2026 - 22.05.2026<br\/>\r\n                Toute la journ\u00e9e\r\n            <\/td>\r\n            <td>\r\n                <a href=\"https:\/\/fan-info.ch\/fr\/veranstaltungen\/cours-pratique-fan-evaluation-des-dangers-naturels-gravitationnels-2026\/\">Cours pratique FAN \u00ab\u00c9valuation des dangers naturels gravitationnels\u00bb 2026<\/a>\r\n                <br\/><i>Sunstar, Grindelwald Bern<\/i>\r\n            <\/td>\r\n        <\/tr><tr>\r\n            <td>\r\n                26.05.2026<br\/>\r\n                16:55 - 20:00\r\n            <\/td>\r\n            <td>\r\n                <a href=\"https:\/\/fan-info.ch\/fr\/veranstaltungen\/table-ronde-fan-zurich-2026\/\">Table ronde FAN Zurich 2026<\/a>\r\n                <br\/><i>Andelfingen, Andelfingen <\/i>\r\n            <\/td>\r\n        <\/tr><tr>\r\n            <td>\r\n                11.06.2026<br\/>\r\n                16:20 - 20:30\r\n            <\/td>\r\n            <td>\r\n                <a href=\"https:\/\/fan-info.ch\/fr\/veranstaltungen\/table-ronde-fan-oberland-bernois-haut-valais-2026\/\">FAN table ronde Oberland bernois \u2013 Haut-Valais 2026<\/a>\r\n                <br\/><i>Reichbach, Reichenbach <\/i>\r\n            <\/td>\r\n        <\/tr><tr>\r\n            <td>\r\n                18.06.2026<br\/>\r\n                17:00 - 21:00\r\n            <\/td>\r\n            <td>\r\n                <a href=\"https:\/\/fan-info.ch\/fr\/veranstaltungen\/fan-table-ronde-de-la-suisse-du-nord-est-2026\/\">FAN table ronde de la Suisse du Nord-Est 2026<\/a>\r\n                <br\/><i>St. Gallen, St. Gallen <\/i>\r\n            <\/td>\r\n        <\/tr><tr>\r\n            <td>\r\n                29.06.2026<br\/>\r\n                16:40 - 20:30\r\n            <\/td>\r\n            <td>\r\n                <a href=\"https:\/\/fan-info.ch\/fr\/veranstaltungen\/table-ronde-fan-suisse-centrale-2026\/\">Table ronde FAN Suisse centrale 2026<\/a>\r\n                <br\/><i>Dallenwil, Dallenwil <\/i>\r\n            <\/td>\r\n        <\/tr><\/tbody><\/table>\t<\/div>\r\n<\/div>\n<p>[\/et_pb_text][et_pb_text disabled_on=\u00a0\u00bbon|on|on\u00a0\u00bb _builder_version=\u00a0\u00bb4.16&Prime; _module_preset=\u00a0\u00bbdefault\u00a0\u00bb disabled=\u00a0\u00bbon\u00a0\u00bb global_colors_info=\u00a0\u00bb{}\u00a0\u00bb]<\/p>\n<p>CONTENTS<\/p>\n<p>[\/et_pb_text][\/et_pb_column][\/et_pb_row][\/et_pb_section]<\/p>\n","protected":false},"excerpt":{"rendered":"<p>La FAN organise normalement deux \u00e9v\u00e9nements de son c\u00f4t\u00e9 par an: Forum FAN: \u00c9v\u00e9nement d&rsquo;une journ\u00e9e \u00e0 Olten avec des contributions d&rsquo;experts sur un sujet choisi et une assembl\u00e9e g\u00e9n\u00e9rale int\u00e9gr\u00e9e. Cours d&rsquo;automne du FAN : Le cours d&rsquo;automne annuel du FAN est le c\u0153ur traditionnel du programme de formation continue. Le cours d&rsquo;automne a [&hellip;]<\/p>\n","protected":false},"author":1,"featured_media":0,"parent":0,"menu_order":0,"comment_status":"closed","ping_status":"closed","template":"","meta":{"_et_pb_use_builder":"on","_et_pb_old_content":"","_et_gb_content_width":"","footnotes":""},"class_list":["post-1057","page","type-page","status-publish","hentry"],"_links":{"self":[{"href":"https:\/\/fan-info.ch\/fr\/wp-json\/wp\/v2\/pages\/1057","targetHints":{"allow":["GET"]}}],"collection":[{"href":"https:\/\/fan-info.ch\/fr\/wp-json\/wp\/v2\/pages"}],"about":[{"href":"https:\/\/fan-info.ch\/fr\/wp-json\/wp\/v2\/types\/page"}],"author":[{"embeddable":true,"href":"https:\/\/fan-info.ch\/fr\/wp-json\/wp\/v2\/users\/1"}],"replies":[{"embeddable":true,"href":"https:\/\/fan-info.ch\/fr\/wp-json\/wp\/v2\/comments?post=1057"}],"version-history":[{"count":17,"href":"https:\/\/fan-info.ch\/fr\/wp-json\/wp\/v2\/pages\/1057\/revisions"}],"predecessor-version":[{"id":9444,"href":"https:\/\/fan-info.ch\/fr\/wp-json\/wp\/v2\/pages\/1057\/revisions\/9444"}],"wp:attachment":[{"href":"https:\/\/fan-info.ch\/fr\/wp-json\/wp\/v2\/media?parent=1057"}],"curies":[{"name":"wp","href":"https:\/\/api.w.org\/{rel}","templated":true}]}}