{"id":2220,"date":"2020-07-13T17:22:22","date_gmt":"2020-07-13T15:22:22","guid":{"rendered":"https:\/\/fan-info.ch\/evenements\/evenements-passes\/"},"modified":"2023-10-17T17:18:20","modified_gmt":"2023-10-17T15:18:20","slug":"evenements-passes","status":"publish","type":"page","link":"https:\/\/fan-info.ch\/fr\/evenements\/evenements-passes\/","title":{"rendered":"\u00e9v\u00e9nements pass\u00e9s"},"content":{"rendered":"<p>[et_pb_section fb_built=\u00a0\u00bb1&Prime; _builder_version=\u00a0\u00bb4.16&Prime; global_colors_info=\u00a0\u00bb{}\u00a0\u00bb][et_pb_row _builder_version=\u00a0\u00bb4.16&Prime; global_colors_info=\u00a0\u00bb{}\u00a0\u00bb][et_pb_column type=\u00a0\u00bb4_4&Prime; _builder_version=\u00a0\u00bb4.16&Prime; global_colors_info=\u00a0\u00bb{}\u00a0\u00bb][et_pb_text _builder_version=\u00a0\u00bb4.22.2&Prime; hover_enabled=\u00a0\u00bb0&Prime; global_colors_info=\u00a0\u00bb{}\u00a0\u00bb admin_label=\u00a0\u00bb\u00c9v\u00e9nements pass\u00e9s\u00a0\u00bb sticky_enabled=\u00a0\u00bb0&Prime;]<\/p>\n<h1>\u00c9v\u00e9nements pass\u00e9s<\/h1>\n<p>13.03.2026\u00a0 <a href=\"https:\/\/fan-info.ch\/fr\/veranstaltungen\/fan-forum-2026\/\">Forum FAN 2026 - Prise en compte du changement climatique dans l&#039;\u00e9valuation des processus naturels gravitaires - \u00c9tat des connaissances et approches de solution<\/a> <\/p><\/p>\n<p><p>12.02.2026\u00a0 <a href=\"https:\/\/fan-info.ch\/fr\/veranstaltungen\/mentoring-programm-2026\/\">Programme de mentorat 2026<\/a> <\/p><\/p>\n<p><p>01.10.2025 - 02.10.2025\u00a0 <a href=\"https:\/\/fan-info.ch\/fr\/veranstaltungen\/cours-dautomne-fan-2025-intemperies-en-suisse-meridionale-ete-2024-gestion-analyse-et-enseignements\/\">Cours d&#039;automne FAN 2025 - intemp\u00e9ries en Suisse m\u00e9ridionale \u00e9t\u00e9 2024  - gestion, analyse et enseignements<\/a> <\/p><\/p>\n<p><p>11.09.2025\u00a0 <a href=\"https:\/\/fan-info.ch\/fr\/veranstaltungen\/table-ronde-berne-fribourg\/\">Table ronde Berne-Fribourg de la FAN<\/a> <\/p><\/p>\n<p><p>07.03.2025\u00a0 <a href=\"https:\/\/fan-info.ch\/fr\/veranstaltungen\/fan-forum-2025\/\">FAN-Forum 2025 - Digitalisation et intelligence artificielle dans la gestion des dangers naturels: opportunit\u00e9s et risques<\/a> <\/p><\/p>\n<p><p>28.11.2024\u00a0 <a href=\"https:\/\/fan-info.ch\/fr\/veranstaltungen\/table-de-rencontre-des-fan-a-coire\/\">Table de rencontre des FAN \u00e0 Coire<\/a> <\/p><\/p>\n<p><p>14.11.2024\u00a0 <a href=\"https:\/\/fan-info.ch\/fr\/veranstaltungen\/table-de-rencontre-des-fan-a-berne\/\">Table de rencontre des FAN \u00e0 Berne<\/a> <\/p><\/p>\n<p><p>23.09.2024 - 24.09.2024\u00a0 <a href=\"https:\/\/fan-info.ch\/fr\/veranstaltungen\/fan-herbstkurs-2024-inspektion-von-alternden-schutzbauten\/\">Cours d&#039;automne FAN 2024 - Inspection des ouvrages de protection vieillissants<\/a> <\/p><\/p>\n<p><p>13.05.2024 - 17.05.2024\u00a0 <a href=\"https:\/\/fan-info.ch\/fr\/veranstaltungen\/fan-praxiskurs-gefahrenbeurteilung-2024\/\">FAN-Praxiskurs Gefahrenbeurteilung 2024<\/a> <\/p><\/p>\n<p><p>08.03.2024\u00a0 <a href=\"https:\/\/fan-info.ch\/fr\/veranstaltungen\/fan-forum-2024-flutkatastrophen-aktuell\/\">FAN-Forum 2024 - Inondations catastrophiques<\/a> <\/p><\/p>\n<p>\n<p>[\/et_pb_text][\/et_pb_column][\/et_pb_row][\/et_pb_section]<\/p>\n","protected":false},"excerpt":{"rendered":"<p>\u00c9v\u00e9nements pass\u00e9s <p>13.03.2026\u00a0 <a href=\"https:\/\/fan-info.ch\/fr\/veranstaltungen\/fan-forum-2026\/\">Forum FAN 2026 - Prise en compte du changement climatique dans l&#039;\u00e9valuation des processus naturels gravitaires - \u00c9tat des connaissances et approches de solution<\/a> <\/p> <p>12.02.2026\u00a0 <a href=\"https:\/\/fan-info.ch\/fr\/veranstaltungen\/mentoring-programm-2026\/\">Programme de mentorat 2026<\/a> <\/p> <p>01.10.2025 - 02.10.2025\u00a0 <a href=\"https:\/\/fan-info.ch\/fr\/veranstaltungen\/cours-dautomne-fan-2025-intemperies-en-suisse-meridionale-ete-2024-gestion-analyse-et-enseignements\/\">Cours d&#039;automne FAN 2025 - intemp\u00e9ries en Suisse m\u00e9ridionale \u00e9t\u00e9 2024  - gestion, analyse et enseignements<\/a> <\/p> <p>11.09.2025\u00a0 <a href=\"https:\/\/fan-info.ch\/fr\/veranstaltungen\/table-ronde-berne-fribourg\/\">Table ronde Berne-Fribourg de la FAN<\/a> <\/p> <p>07.03.2025\u00a0 <a href=\"https:\/\/fan-info.ch\/fr\/veranstaltungen\/fan-forum-2025\/\">FAN-Forum 2025 - Digitalisation et intelligence artificielle dans la gestion des dangers naturels: opportunit\u00e9s et risques<\/a> <\/p> <p>28.11.2024\u00a0 <a href=\"https:\/\/fan-info.ch\/fr\/veranstaltungen\/table-de-rencontre-des-fan-a-coire\/\">Table de rencontre des FAN \u00e0 Coire<\/a> <\/p> <p>14.11.2024\u00a0 <a href=\"https:\/\/fan-info.ch\/fr\/veranstaltungen\/table-de-rencontre-des-fan-a-berne\/\">Table de rencontre des FAN \u00e0 Berne<\/a> <\/p> <p>23.09.2024 - 24.09.2024\u00a0 <a href=\"https:\/\/fan-info.ch\/fr\/veranstaltungen\/fan-herbstkurs-2024-inspektion-von-alternden-schutzbauten\/\">Cours d&#039;automne FAN 2024 - Inspection des ouvrages de protection vieillissants<\/a> <\/p> <p>13.05.2024 - 17.05.2024\u00a0 <a href=\"https:\/\/fan-info.ch\/fr\/veranstaltungen\/fan-praxiskurs-gefahrenbeurteilung-2024\/\">FAN-Praxiskurs Gefahrenbeurteilung 2024<\/a> <\/p> <p>08.03.2024\u00a0 <a href=\"https:\/\/fan-info.ch\/fr\/veranstaltungen\/fan-forum-2024-flutkatastrophen-aktuell\/\">FAN-Forum 2024 - Inondations catastrophiques<\/a> <\/p> <\/p>\n","protected":false},"author":11,"featured_media":0,"parent":1057,"menu_order":0,"comment_status":"closed","ping_status":"closed","template":"","meta":{"_et_pb_use_builder":"on","_et_pb_old_content":"","_et_gb_content_width":"","footnotes":""},"class_list":["post-2220","page","type-page","status-publish","hentry"],"_links":{"self":[{"href":"https:\/\/fan-info.ch\/fr\/wp-json\/wp\/v2\/pages\/2220","targetHints":{"allow":["GET"]}}],"collection":[{"href":"https:\/\/fan-info.ch\/fr\/wp-json\/wp\/v2\/pages"}],"about":[{"href":"https:\/\/fan-info.ch\/fr\/wp-json\/wp\/v2\/types\/page"}],"author":[{"embeddable":true,"href":"https:\/\/fan-info.ch\/fr\/wp-json\/wp\/v2\/users\/11"}],"replies":[{"embeddable":true,"href":"https:\/\/fan-info.ch\/fr\/wp-json\/wp\/v2\/comments?post=2220"}],"version-history":[{"count":3,"href":"https:\/\/fan-info.ch\/fr\/wp-json\/wp\/v2\/pages\/2220\/revisions"}],"predecessor-version":[{"id":7014,"href":"https:\/\/fan-info.ch\/fr\/wp-json\/wp\/v2\/pages\/2220\/revisions\/7014"}],"up":[{"embeddable":true,"href":"https:\/\/fan-info.ch\/fr\/wp-json\/wp\/v2\/pages\/1057"}],"wp:attachment":[{"href":"https:\/\/fan-info.ch\/fr\/wp-json\/wp\/v2\/media?parent=2220"}],"curies":[{"name":"wp","href":"https:\/\/api.w.org\/{rel}","templated":true}]}}