{"id":2230,"date":"2020-07-13T17:26:02","date_gmt":"2020-07-13T15:26:02","guid":{"rendered":"https:\/\/fan-info.ch\/evenements\/petit-forum-fan\/"},"modified":"2021-11-12T17:23:11","modified_gmt":"2021-11-12T16:23:11","slug":"petit-forum-fan","status":"publish","type":"page","link":"https:\/\/fan-info.ch\/fr\/evenements\/petit-forum-fan\/","title":{"rendered":"Petit forum FAN"},"content":{"rendered":"<p>[et_pb_section fb_built=\u00a0\u00bb1&Prime; _builder_version=\u00a0\u00bb4.0.6&Prime;][et_pb_row _builder_version=\u00a0\u00bb4.0.6&Prime;][et_pb_column type=\u00a0\u00bb4_4&Prime; _builder_version=\u00a0\u00bb4.0.6&Prime;][et_pb_text admin_label=\u00a0\u00bbTitel\u00a0\u00bb _builder_version=\u00a0\u00bb4.0.6&Prime;]<\/p>\n<h2>FAN-Kleinforum<\/h2>\n<p>[\/et_pb_text][\/et_pb_column][\/et_pb_row][et_pb_row column_structure=\u00a0\u00bb2_5,3_5&Prime; _builder_version=\u00a0\u00bb4.0.6&Prime;][et_pb_column type=\u00a0\u00bb2_5&Prime; _builder_version=\u00a0\u00bb4.0.6&Prime;][et_pb_text admin_label=\u00a0\u00bbFormatbeschrieb\u00a0\u00bb _builder_version=\u00a0\u00bb4.9.9&Prime;]<\/p>\n<p>Mit dem Format \u00ab\u00a0FAN-Kleinforum\u00a0\u00bb leistet die FAN einen<strong> Beitrag zur fachlichen Abstimmung <\/strong>und<strong> Weiterbildung<\/strong>, welche als eine der Lehren in der <a href=\"https:\/\/www.bafu.admin.ch\/bafu\/de\/home\/themen\/naturgefahren\/publikationen-studien\/publikationen\/ereignisanalyse-hochwasser-2005-analyse-von-prozessen-massnahmen-und-gefahrengrundlagen.html\" target=\"_blank\" rel=\"noopener noreferrer\">Ereignisanalyse 2005 (2008)<\/a> und sp\u00e4ter im <a href=\"https:\/\/www.newsd.admin.ch\/newsd\/message\/attachments\/45043.pdf\" target=\"_blank\" rel=\"noopener noreferrer\">Bericht \u00ab\u00a0Umgang mit Naturgefahren in der Schweiz\u00a0\u00bb (2016)<\/a> festgehalten wurden. \u00ab\u00a0<em>Aus- und <span class=\"highlight\">Weiterbildung<\/span> sind im Bereich Naturgefahren zentral, da die Vermittlung der relevanten Kenntnisse einen risikobasierten Umgang mit Naturgefahren f\u00f6rdert<\/em>\u00ab\u00a0.<\/p>\n<p>Das urspr\u00fcnglich als Kleingruppen Workshop benannte Gef\u00e4ss soll ein spezifisches fachliches Problem (z.B. Fragen der Szenarienbildung) an konkreten Objekten (z.B. im Rahmen einer Begehung) angehen, welches als Workshop in einer kleinen Gruppe diskutiert wird. Damit gleicht es im Wesentlichen dem Ursprungsgedanken und -anliegen der Forstlichen Arbeitsgruppe Naturgefahren. <strong>Erfahrungsaustausch<\/strong> und <strong>Weiterbildung<\/strong> sind und waren immer zentrale Anliegen der FAN.<\/p>\n<p>Die FAN hat 2012 beschlossen, Kleingruppen Workshops als FAN-Kleinforen zu lancieren, \u00fcbernimmt also das <strong>Patronat<\/strong> daf\u00fcr und budgetiert pro Jahr einen <strong>Unterst\u00fctzungsbetrag<\/strong>. Mitglieder sind dazu aufgefordert, Ideen und Bed\u00fcrfnisse jederzeit an den FAN-Ausschuss zu kommunizieren und mittels eines <strong>kurzen Konzepts<\/strong> einen <strong>Antrag auf Unterst\u00fctzung<\/strong> zu stellen. Der FAN-Ausschuss entscheidet dann \u00fcber die Unterst\u00fctzung und allf\u00e4llige spezifische Auflagen.<\/p>\n<h3>Bisherige FAN-Kleinforen<\/h3>\n<p>2014: Kleinforum Risiko &#8211; Beitrag in der FAN-Agenda<\/p>\n<p>6.2.2020: <a href=\"\/variante-2?p=617\">\u00ab\u00a0Umsetzung von Modellierungsresultaten in Gefahrenbeurteilungen f\u00fcr Wasserprozesse\u00a0\u00bb<\/a><\/p>\n<ul>\n<li>11.12.2019: <a href=\"https:\/\/fan-info.ch\/wp-content\/uploads\/FAN-Kleinforum_2020_Modellierung_Wasserprozesse.pdf\" rel=\"attachment wp-att-769\">Aufruf_FAN-Kleinforum_2020_Modellierung_Wasserprozesse<\/a><\/li>\n<\/ul>\n<p>&nbsp;<\/p>\n<h3>Aktuelles FAN-Kleinforum<\/h3>\n<p>&#8211; Antr\u00e4ge in Bearbeitung<\/p>\n<p>[\/et_pb_text][et_pb_text admin_label=\u00a0\u00bbBisherige FAN-Kleinforen\u00a0\u00bb _builder_version=\u00a0\u00bb4.9.9&Prime; _module_preset=\u00a0\u00bbdefault\u00a0\u00bb]<\/p>\n<h3>Bisherige FAN-Kleinforen<\/h3>\n<p>2014: Kleinforum Risiko &#8211; Beitrag in der FAN-Agenda<\/p>\n<p>6.2.2020: <a href=\"https:\/\/fan-info.ch\/veranstaltungen\/kleinforum-umsetzung-von-modellierungsresultaten-in-gefahrenbeurteilungen-fuer-wasserprozesse\/\">\u00ab\u00a0Umsetzung von Modellierungsresultaten in Gefahrenbeurteilungen f\u00fcr Wasserprozesse\u00a0\u00bb<\/a><\/p>\n<ul>\n<li>11.12.2019: <a href=\"https:\/\/fan-info.ch\/wp-content\/uploads\/FAN-Kleinforum_2020_Modellierung_Wasserprozesse.pdf\" rel=\"attachment wp-att-769\">Aufruf_FAN-Kleinforum_2020_Modellierung_Wasserprozesse<\/a><\/li>\n<\/ul>\n<p>&nbsp;<\/p>\n<p>[\/et_pb_text][et_pb_text admin_label=\u00a0\u00bbKommende FAN-Kleinforen\u00a0\u00bb _builder_version=\u00a0\u00bb4.9.9&Prime;]<\/p>\n<p>Kommende FAN-Kleinforen:<br \/><div class=\"em em-view-container\" id=\"em-view-802687821\" data-view=\"list\">\r\n\t<div class=\"em em-list em-events-list\" id=\"em-events-list-802687821\" data-view-id=\"802687821\">\r\n\tAucun \u00e9v\u00e9nement\t<\/div>\r\n<\/div><\/p>\n<p>[\/et_pb_text][\/et_pb_column][et_pb_column type=\u00a0\u00bb3_5&Prime; _builder_version=\u00a0\u00bb4.0.6&Prime;][et_pb_text admin_label=\u00a0\u00bbAblauf FAN-Kleinforum\u00a0\u00bb _builder_version=\u00a0\u00bb4.9.9&Prime;]<\/p>\n<h3>Ablauf f\u00fcr ein FAN-Kleinforum<\/h3>\n<h4>Initiierung<\/h4>\n<p>Experte hat Bedarf, legt dem FAN-Ausschuss ein Konzpet und einen Antrag vor.<\/p>\n<ul>\n<li>Kriterien f\u00fcr Teilnahme<\/li>\n<li>Konzept f\u00fcr Output<\/li>\n<li>Budget<\/li>\n<\/ul>\n<p>FAN-Ausschuss entscheidet \u00fcber Unterst\u00fctzung und allf\u00e4llige spezifische Auflagen<\/p>\n<h4>Einladung zur Teilnahme<\/h4>\n<p>Experte l\u00e4dt innerhalb der FAN entsprechend den vom Ausschuss genehmigten Kriterien ein<\/p>\n<h4>Vorbereitung<\/h4>\n<p>Experte bereitet den Workshop entsprechend den Qualit\u00e4tskriterien der FAN vor und bedient den Ausschuss vor der Veranstaltung mit den vorbereiteten Unterlagen.<\/p>\n<h4>Durchf\u00fchrung<\/h4>\n<p>Experte f\u00fchrt den Workshop entsprechend den Qualit\u00e4tskriterien der FAN und im Einvernehmen mit den Teilnehmern durch.<\/p>\n<h4>Auswertung<\/h4>\n<p>Experte wertet den Workshop entsprechend den Qualit\u00e4tskriterien der FAN und im Einvernehmen mit den Teilnehmern schriftlich aus.<\/p>\n<p>Experte erstellt einen Bericht<\/p>\n<ul>\n<li>wichtige Diskussionspunkte<\/li>\n<li>Wichtige Ergebnisse (Konsens \/ Dissens)<\/li>\n<li>Empfehlungen z.Hd. FAN und allenfalls Weiteren<\/li>\n<\/ul>\n<p>und<\/p>\n<ul>\n<li>organisatorische Aspekte<\/li>\n<li>durchgef\u00fchrtes Programm<\/li>\n<li>Abrechnung<\/li>\n<\/ul>\n<h4>Verbreitung der Ergebnisse<\/h4>\n<p>FAN-Ausschuss entscheidet \u00fcber Verbreitung und allf\u00e4llige Bearbeitung \/ Weiterleitung von Empfehlungen<\/p>\n<h4>Finanzierung<\/h4>\n<p>Teilweise Eigenfinanzierung durch Experte und Teilnehmende<\/p>\n<p>Finanzielle Unterst\u00fctzung durch FAN, besonders f\u00fcr Vorbereitung der Unterlagen und die Berichterstattung<\/p>\n<p>Unterst\u00fctzungsbetrag in der Gr\u00f6ssenordnung von CHF 3000.- bis 7000.- f\u00fcr einen 1 bis 1.5-t\u00e4gigen Workshop<\/p>\n<h4>Benefit<\/h4>\n<p>Teilnahme an einem \u00ab\u00a0privat\u00a0\u00bb organisierten Workshop in einer kleinen Gruppe<\/p>\n<p>Dank Publikation kommen alle weiteren interessierten FAN-Mitglieder zu interessanten Informationen<\/p>\n<p>FAN als Fachverein kann Aktivit\u00e4t ausweisen<\/p>\n<p>Weitere k\u00f6nnen von den Resultaten profitieren<\/p>\n<p>[\/et_pb_text][\/et_pb_column][\/et_pb_row][\/et_pb_section]<\/p>\n","protected":false},"excerpt":{"rendered":"<p>FAN-KleinforumMit dem Format \u00ab\u00a0FAN-Kleinforum\u00a0\u00bb leistet die FAN einen Beitrag zur fachlichen Abstimmung und Weiterbildung, welche als eine der Lehren in der Ereignisanalyse 2005 (2008) und sp\u00e4ter im Bericht \u00ab\u00a0Umgang mit Naturgefahren in der Schweiz\u00a0\u00bb (2016) festgehalten wurden. \u00ab\u00a0Aus- und Weiterbildung sind im Bereich Naturgefahren zentral, da die Vermittlung der relevanten Kenntnisse einen risikobasierten Umgang mit [&hellip;]<\/p>\n","protected":false},"author":15,"featured_media":0,"parent":1057,"menu_order":0,"comment_status":"closed","ping_status":"closed","template":"","meta":{"_et_pb_use_builder":"on","_et_pb_old_content":"","_et_gb_content_width":"","footnotes":""},"class_list":["post-2230","page","type-page","status-publish","hentry"],"_links":{"self":[{"href":"https:\/\/fan-info.ch\/fr\/wp-json\/wp\/v2\/pages\/2230","targetHints":{"allow":["GET"]}}],"collection":[{"href":"https:\/\/fan-info.ch\/fr\/wp-json\/wp\/v2\/pages"}],"about":[{"href":"https:\/\/fan-info.ch\/fr\/wp-json\/wp\/v2\/types\/page"}],"author":[{"embeddable":true,"href":"https:\/\/fan-info.ch\/fr\/wp-json\/wp\/v2\/users\/15"}],"replies":[{"embeddable":true,"href":"https:\/\/fan-info.ch\/fr\/wp-json\/wp\/v2\/comments?post=2230"}],"version-history":[{"count":2,"href":"https:\/\/fan-info.ch\/fr\/wp-json\/wp\/v2\/pages\/2230\/revisions"}],"predecessor-version":[{"id":5152,"href":"https:\/\/fan-info.ch\/fr\/wp-json\/wp\/v2\/pages\/2230\/revisions\/5152"}],"up":[{"embeddable":true,"href":"https:\/\/fan-info.ch\/fr\/wp-json\/wp\/v2\/pages\/1057"}],"wp:attachment":[{"href":"https:\/\/fan-info.ch\/fr\/wp-json\/wp\/v2\/media?parent=2230"}],"curies":[{"name":"wp","href":"https:\/\/api.w.org\/{rel}","templated":true}]}}