{"id":2234,"date":"2020-07-13T17:27:18","date_gmt":"2020-07-13T15:27:18","guid":{"rendered":"https:\/\/fan-info.ch\/evenements\/fan-forum\/"},"modified":"2025-03-11T11:47:24","modified_gmt":"2025-03-11T10:47:24","slug":"fan-forum","status":"publish","type":"page","link":"https:\/\/fan-info.ch\/fr\/evenements\/fan-forum\/","title":{"rendered":"Forum FAN"},"content":{"rendered":"<p>[et_pb_section fb_built=\u00a0\u00bb1&Prime; _builder_version=\u00a0\u00bb4.16&Prime; global_colors_info=\u00a0\u00bb{}\u00a0\u00bb][et_pb_row _builder_version=\u00a0\u00bb4.16&Prime; background_size=\u00a0\u00bbinitial\u00a0\u00bb background_position=\u00a0\u00bbtop_left\u00a0\u00bb background_repeat=\u00a0\u00bbrepeat\u00a0\u00bb global_colors_info=\u00a0\u00bb{}\u00a0\u00bb][et_pb_column type=\u00a0\u00bb4_4&Prime; _builder_version=\u00a0\u00bb4.16&Prime; custom_padding=\u00a0\u00bb|||\u00a0\u00bb global_colors_info=\u00a0\u00bb{}\u00a0\u00bb custom_padding__hover=\u00a0\u00bb|||\u00a0\u00bb][et_pb_text admin_label=\u00a0\u00bbFAN-Forum\u00a0\u00bb _builder_version=\u00a0\u00bb4.22.2&Prime; _module_preset=\u00a0\u00bbdefault\u00a0\u00bb global_colors_info=\u00a0\u00bb{}\u00a0\u00bb]<\/p>\n<h3>FAN-Forum<\/h3>\n<p>[\/et_pb_text][et_pb_text admin_label=\u00a0\u00bbEin Forum im allgemeinen Sinn ist ein realer Ort oder&#8230;\u00a0\u00bb _builder_version=\u00a0\u00bb4.22.2&Prime; background_size=\u00a0\u00bbinitial\u00a0\u00bb background_position=\u00a0\u00bbtop_left\u00a0\u00bb background_repeat=\u00a0\u00bbrepeat\u00a0\u00bb global_colors_info=\u00a0\u00bb{}\u00a0\u00bb]<\/p>\n<div class=\"et_pb_module et_pb_text et_pb_text_1  et_pb_text_align_left et_pb_bg_layout_light\">\n<div class=\"et_pb_text_inner\">\n<p>Un\u00a0<strong>forum<\/strong> au sens g\u00e9n\u00e9ral du terme est un lieu r\u00e9el ou un espace virtuel (forum internet) o\u00f9 l\u2019on pose des questions et o\u00f9 l\u2019on y r\u00e9pond, et o\u00f9 les gens peuvent \u00e9changer des id\u00e9es et des opinions entre eux. Dans les contextes culturels, le mot est donc g\u00e9n\u00e9ralement compris comme signifiant un lieu de rencontre et de communication \u2013 comme un \u00ab\u00a0forum de la science\u00a0\u00bb ou un \u00ab\u00a0forum du public\u00a0\u00bb, ou encore le \u00ab\u00a0forum FAN\u00a0\u00bb. \u00c0 l\u2019origine, le terme \u00ab\u00a0forum\u00a0\u00bb vient du latin et d\u00e9signait \u00e0 l\u2019\u00e9poque une place centrale \u00e0 Rome ou dans d\u2019autres villes de l\u2019Empire romain, qui servait de march\u00e9, pour les proc\u00e8s, les assembl\u00e9es populaires, les spectacles de l\u2019arm\u00e9e, etc.<\/p>\n<\/div>\n<\/div>\n<p>[\/et_pb_text][et_pb_text admin_label=\u00a0\u00bbDie FAN pflegt seit Jahren ein eint\u00e4giges Forum, welches&#8230;\u00a0\u00bb _builder_version=\u00a0\u00bb4.22.2&Prime; background_size=\u00a0\u00bbinitial\u00a0\u00bb background_position=\u00a0\u00bbtop_left\u00a0\u00bb background_repeat=\u00a0\u00bbrepeat\u00a0\u00bb global_colors_info=\u00a0\u00bb{}\u00a0\u00bb]<\/p>\n<p>Depuis des ann\u00e9es, la FAN organise un forum annuel, qui a toujours lieu\u00a0<strong>le dernier vendredi de f\u00e9vrier<\/strong>\u00a0et dure\u00a0<strong>une journ\u00e9e<\/strong>.<\/p>\n<p><strong>Un groupe pr\u00e9paratoire<\/strong>\u00a0du Comit\u00e9 FAN d\u00e9termine un\u00a0<strong>sujet principal<\/strong>\u00a0et con\u00e7oit un\u00a0<strong>programme de conf\u00e9rences<\/strong>. Les membres int\u00e9ress\u00e9s sont invit\u00e9s \u00e0\u00a0<strong>contribuer au contenu<\/strong>\u00a0du forum en fonction du sujet.<\/p>\n<p>Depuis quelques ann\u00e9es,\u00a0<strong>une session de posters<\/strong>\u00a0a lieu pendant la longue pause d\u00e9jeuner, \u00e0 laquelle les jeunes membres sont invit\u00e9s \u00e0 contribuer par un poster sur les projets en cours. Les jeunes professionnels qui pr\u00e9sentent un poster et qui n\u2019ont pas encore termin\u00e9 leur travail de master ou qui r\u00e9digent leur th\u00e8se de doctorat peuvent participer gratuitement au Forum FAN. Les posters des autres professionnels sont \u00e9galement les bienvenus, mais ils ne b\u00e9n\u00e9ficient pas de r\u00e9ductions.<\/p>\n<p><strong>L\u2019assembl\u00e9e g\u00e9n\u00e9rale annuelle<\/strong>\u00a0a lieu dans le cadre du Forum FAN.<\/p>\n<p>[\/et_pb_text][et_pb_divider _builder_version=\u00a0\u00bb4.16&Prime; _module_preset=\u00a0\u00bbdefault\u00a0\u00bb global_colors_info=\u00a0\u00bb{}\u00a0\u00bb][\/et_pb_divider][et_pb_text admin_label=\u00a0\u00bbKommendes FAN-Forum\u00a0\u00bb _builder_version=\u00a0\u00bb4.16&Prime; _module_preset=\u00a0\u00bbdefault\u00a0\u00bb global_colors_info=\u00a0\u00bb{}\u00a0\u00bb]<\/p>\n<h4>Prochain forum des FAN:<\/h4>\nAucun \u00e9v\u00e9nement\n<p>[\/et_pb_text][et_pb_text admin_label=\u00a0\u00bbVergangene FAN-Foren\u00a0\u00bb _builder_version=\u00a0\u00bb4.16&Prime; _module_preset=\u00a0\u00bbdefault\u00a0\u00bb global_colors_info=\u00a0\u00bb{}\u00a0\u00bb]<\/p>\n<h4>Forums FAN pass\u00e9s:<\/h4>\nAucun \u00e9v\u00e9nement\n<p>[\/et_pb_text][et_pb_text admin_label=\u00a0\u00bbKursunterlagen vergangener Foren\u00a0\u00bb _builder_version=\u00a0\u00bb4.27.4&Prime; _module_preset=\u00a0\u00bbdefault\u00a0\u00bb hover_enabled=\u00a0\u00bb0&Prime; global_colors_info=\u00a0\u00bb{}\u00a0\u00bb sticky_enabled=\u00a0\u00bb0&Prime;]<\/p>\n<h3>Archiv<\/h3>\n<p>&nbsp;<\/p>\n<p><a href=\"https:\/\/owncloud.fan-info.ch\/s\/oUh3w7VS1mxeMUU\" target=\"_blank\" rel=\"noopener\">Supports de cours des forums pr\u00e9c\u00e9dents <\/a><\/p>\n<p>[\/et_pb_text][\/et_pb_column][\/et_pb_row][\/et_pb_section]<\/p>\n","protected":false},"excerpt":{"rendered":"<p>FAN-Forum Un\u00a0forum au sens g\u00e9n\u00e9ral du terme est un lieu r\u00e9el ou un espace virtuel (forum internet) o\u00f9 l\u2019on pose des questions et o\u00f9 l\u2019on y r\u00e9pond, et o\u00f9 les gens peuvent \u00e9changer des id\u00e9es et des opinions entre eux. Dans les contextes culturels, le mot est donc g\u00e9n\u00e9ralement compris comme signifiant un lieu de [&hellip;]<\/p>\n","protected":false},"author":15,"featured_media":0,"parent":1057,"menu_order":0,"comment_status":"closed","ping_status":"closed","template":"","meta":{"_et_pb_use_builder":"on","_et_pb_old_content":"","_et_gb_content_width":"","footnotes":""},"class_list":["post-2234","page","type-page","status-publish","hentry"],"_links":{"self":[{"href":"https:\/\/fan-info.ch\/fr\/wp-json\/wp\/v2\/pages\/2234","targetHints":{"allow":["GET"]}}],"collection":[{"href":"https:\/\/fan-info.ch\/fr\/wp-json\/wp\/v2\/pages"}],"about":[{"href":"https:\/\/fan-info.ch\/fr\/wp-json\/wp\/v2\/types\/page"}],"author":[{"embeddable":true,"href":"https:\/\/fan-info.ch\/fr\/wp-json\/wp\/v2\/users\/15"}],"replies":[{"embeddable":true,"href":"https:\/\/fan-info.ch\/fr\/wp-json\/wp\/v2\/comments?post=2234"}],"version-history":[{"count":8,"href":"https:\/\/fan-info.ch\/fr\/wp-json\/wp\/v2\/pages\/2234\/revisions"}],"predecessor-version":[{"id":8504,"href":"https:\/\/fan-info.ch\/fr\/wp-json\/wp\/v2\/pages\/2234\/revisions\/8504"}],"up":[{"embeddable":true,"href":"https:\/\/fan-info.ch\/fr\/wp-json\/wp\/v2\/pages\/1057"}],"wp:attachment":[{"href":"https:\/\/fan-info.ch\/fr\/wp-json\/wp\/v2\/media?parent=2234"}],"curies":[{"name":"wp","href":"https:\/\/api.w.org\/{rel}","templated":true}]}}