{"id":2296,"date":"2020-07-14T09:20:17","date_gmt":"2020-07-14T07:20:17","guid":{"rendered":"https:\/\/fan-info.ch\/nouvelles-info-et-nouvelles\/adhesion\/"},"modified":"2026-04-10T13:55:04","modified_gmt":"2026-04-10T11:55:04","slug":"adhesion","status":"publish","type":"page","link":"https:\/\/fan-info.ch\/fr\/a-propos-de-fan\/adhesion\/","title":{"rendered":"Adh\u00e9sion"},"content":{"rendered":"<p>[et_pb_section fb_built=\u00a0\u00bb1&Prime; _builder_version=\u00a0\u00bb4.16&Prime; global_colors_info=\u00a0\u00bb{}\u00a0\u00bb][et_pb_row _builder_version=\u00a0\u00bb4.16&Prime; global_colors_info=\u00a0\u00bb{}\u00a0\u00bb][et_pb_column type=\u00a0\u00bb4_4&Prime; _builder_version=\u00a0\u00bb4.16&Prime; global_colors_info=\u00a0\u00bb{}\u00a0\u00bb][et_pb_text _builder_version=\u00a0\u00bb4.27.5&Prime; global_colors_info=\u00a0\u00bb{}\u00a0\u00bb]<\/p>\n<h2>Bienvenue chez FAN, les sp\u00e9cialistes des dangers naturels !<\/h2>\n<p>Pour cr\u00e9er un nouveau <strong>compte utilisateur,<\/strong> veuillez remplir le formulaire d&rsquo;inscription. Vous pouvez modifier et ajouter vos informations \u00e0 tout moment ult\u00e9rieurement.<\/p>\n<p>Vous pouvez choisir si vous souhaitez devenir <strong>membre de la FAN<\/strong> ou simplement vous inscrire en tant qu&rsquo;<strong>abonn\u00e9<\/strong> \u00e0 un \u00e9v\u00e9nement ou si vous souhaitez vous abonner \u00e0 la newsletter sans devenir membre.<\/p>\n<p>En tant que membre de la FAN, vous b\u00e9n\u00e9ficiez de l&rsquo;adh\u00e9sion \u00e0 une association qui promeut une protection holistique contre les dangers naturels et favorise l&rsquo;\u00e9change d&rsquo;exp\u00e9riences entre la pratique, la recherche et les autorit\u00e9s sp\u00e9cialis\u00e9es dans le domaine des dangers naturels gravitationnels en Suisse lors <a href=\"https:\/\/fan-info.ch\/fr\/evenements\/\">d&rsquo;\u00e9v\u00e9nements<\/a>. De plus, une \u00e0 deux fois par an, vous recevrez la publication de l&rsquo;association <a href=\"https:\/\/fan-info.ch\/fr\/publications\/agenda-de-la-fan\/\">Agenda FAN<\/a> avec des articles techniques int\u00e9ressants sur le th\u00e8me des dangers naturels en version papier ainsi que la newsletter FAN, envoy\u00e9e tous les trimestres..<\/p>\n<p>La FAN n&rsquo;accepte que les <strong>membres individuels<\/strong> et la <strong>cotisation annuelle<\/strong> est actuellement fix\u00e9e \u00e0 <strong>100 CHF<\/strong>.<\/p>\n<p>La direction examine les demandes d&rsquo;adh\u00e9sion et donne une r\u00e9ponse au plus tard au bout de 8 jours.<\/p>\n<p>[\/et_pb_text][et_pb_button button_url=\u00a0\u00bbhttps:\/\/fan-info.ch\/mitgliedschaftsantrag\/\u00a0\u00bb button_text=\u00a0\u00bbformulaire d&rsquo;inscription\u00a0\u00bb _builder_version=\u00a0\u00bb4.27.5&Prime; hover_enabled=\u00a0\u00bb0&Prime; global_colors_info=\u00a0\u00bb{}\u00a0\u00bb sticky_enabled=\u00a0\u00bb0&Prime;][\/et_pb_button][\/et_pb_column][\/et_pb_row][\/et_pb_section]<\/p>\n","protected":false},"excerpt":{"rendered":"<p>Bienvenue chez FAN, les sp\u00e9cialistes des dangers naturels ! Pour cr\u00e9er un nouveau compte utilisateur, veuillez remplir le formulaire d&rsquo;inscription. Vous pouvez modifier et ajouter vos informations \u00e0 tout moment ult\u00e9rieurement. Vous pouvez choisir si vous souhaitez devenir membre de la FAN ou simplement vous inscrire en tant qu&rsquo;abonn\u00e9 \u00e0 un \u00e9v\u00e9nement ou si vous [&hellip;]<\/p>\n","protected":false},"author":1,"featured_media":0,"parent":2213,"menu_order":0,"comment_status":"closed","ping_status":"closed","template":"","meta":{"_et_pb_use_builder":"on","_et_pb_old_content":"","_et_gb_content_width":"","footnotes":""},"class_list":["post-2296","page","type-page","status-publish","hentry"],"_links":{"self":[{"href":"https:\/\/fan-info.ch\/fr\/wp-json\/wp\/v2\/pages\/2296","targetHints":{"allow":["GET"]}}],"collection":[{"href":"https:\/\/fan-info.ch\/fr\/wp-json\/wp\/v2\/pages"}],"about":[{"href":"https:\/\/fan-info.ch\/fr\/wp-json\/wp\/v2\/types\/page"}],"author":[{"embeddable":true,"href":"https:\/\/fan-info.ch\/fr\/wp-json\/wp\/v2\/users\/1"}],"replies":[{"embeddable":true,"href":"https:\/\/fan-info.ch\/fr\/wp-json\/wp\/v2\/comments?post=2296"}],"version-history":[{"count":6,"href":"https:\/\/fan-info.ch\/fr\/wp-json\/wp\/v2\/pages\/2296\/revisions"}],"predecessor-version":[{"id":10150,"href":"https:\/\/fan-info.ch\/fr\/wp-json\/wp\/v2\/pages\/2296\/revisions\/10150"}],"up":[{"embeddable":true,"href":"https:\/\/fan-info.ch\/fr\/wp-json\/wp\/v2\/pages\/2213"}],"wp:attachment":[{"href":"https:\/\/fan-info.ch\/fr\/wp-json\/wp\/v2\/media?parent=2296"}],"curies":[{"name":"wp","href":"https:\/\/api.w.org\/{rel}","templated":true}]}}