{"id":3277,"date":"2020-11-20T14:28:16","date_gmt":"2020-11-20T13:28:16","guid":{"rendered":"https:\/\/fan-info.ch\/a-propos-de-fan\/vorstand-ausschuss\/"},"modified":"2026-03-16T08:51:52","modified_gmt":"2026-03-16T07:51:52","slug":"vorstand-ausschuss","status":"publish","type":"page","link":"https:\/\/fan-info.ch\/fr\/a-propos-de-fan\/vorstand-ausschuss\/","title":{"rendered":"Comit\u00e9"},"content":{"rendered":"<p>[et_pb_section fb_built=\u00a0\u00bb1&Prime; _builder_version=\u00a0\u00bb4.16&Prime; global_colors_info=\u00a0\u00bb{}\u00a0\u00bb][et_pb_row _builder_version=\u00a0\u00bb4.16&Prime; background_size=\u00a0\u00bbinitial\u00a0\u00bb background_position=\u00a0\u00bbtop_left\u00a0\u00bb background_repeat=\u00a0\u00bbrepeat\u00a0\u00bb global_colors_info=\u00a0\u00bb{}\u00a0\u00bb][et_pb_column type=\u00a0\u00bb4_4&Prime; _builder_version=\u00a0\u00bb4.16&Prime; custom_padding=\u00a0\u00bb|||\u00a0\u00bb global_colors_info=\u00a0\u00bb{}\u00a0\u00bb custom_padding__hover=\u00a0\u00bb|||\u00a0\u00bb][et_pb_text admin_label=\u00a0\u00bbGesch\u00e4ftsleitung und Ausschuss\u00a0\u00bb _builder_version=\u00a0\u00bb4.22.2&Prime; background_size=\u00a0\u00bbinitial\u00a0\u00bb background_position=\u00a0\u00bbtop_left\u00a0\u00bb background_repeat=\u00a0\u00bbrepeat\u00a0\u00bb global_colors_info=\u00a0\u00bb{}\u00a0\u00bb]<\/p>\n<div>\n<div>\n<h2>Direction et comit\u00e9<\/h2>\n<\/div>\n<div>Le comit\u00e9 FAN est la direction technique de la FAN. Il se compose actuellement de 13 membres repr\u00e9sentant l\u2019\u00e9conomie priv\u00e9e, les cantons et les services f\u00e9d\u00e9raux (OFEV, WSL). Le comit\u00e9 se r\u00e9unit trois fois par an et traite les affaires courantes, organise les manifestations et pr\u00e9pare l\u2019assembl\u00e9e g\u00e9n\u00e9rale. Les t\u00e2ches d\u00e9taill\u00e9es du comit\u00e9 sont d\u00e9finies au point 4.2 des\u00a0<a href=\"https:\/\/fan-info.ch\/fr\/a-propos-de-fan\/statuts\/\">statuts de la FAN<\/a>.<\/div>\n<\/div>\n<div>\u00a0<\/div>\n<p>[\/et_pb_text][et_pb_text admin_label=\u00a0\u00bbGesch\u00e4ftsleitung\u00a0\u00bb _builder_version=\u00a0\u00bb4.22.2&Prime; _module_preset=\u00a0\u00bbdefault\u00a0\u00bb global_colors_info=\u00a0\u00bb{}\u00a0\u00bb]<\/p>\n<h2>Direction<\/h2>\n<h3>\u00a0<\/h3>\n<h3>Pr\u00e9sident<\/h3>\n<p>Christoph Graf<br \/>Eidg. Forschungsanstalt WSL<br \/>Z\u00fcrcherstrasse 111<br \/>8903 Birmensdorf<br \/>044 739 24 54<br \/>christoph.graf@wsl.ch<\/p>\n<p>&nbsp;<\/p>\n<h3>Vice-pr\u00e9sident<\/h3>\n<div>Federico Ferrario<\/div>\n<div>EcoEng SA<\/div>\n<div>Place de la Gare 4<\/div>\n<div>2900 Porrentruy<\/div>\n<div>032 466 22 20<\/div>\n<div>\n<div>federico.ferrario@ecoeng.ch<\/div>\n<\/div>\n<div>\u00a0<\/div>\n<h3>\u00a0<\/h3>\n<h3>Finances et administration<\/h3>\n<p>Eva Frick<br \/>geo7 AG<br \/>Neufeldstrasse 5-9<br \/>3012 Bern<br \/>0313004433<br \/>eva.frick@geo7.ch<\/p>\n<p>&nbsp;<\/p>\n<p>[\/et_pb_text][et_pb_text admin_label=\u00a0\u00bbTabelle Ausschuss\u00a0\u00bb _builder_version=\u00a0\u00bb4.27.5&Prime; _module_preset=\u00a0\u00bbdefault\u00a0\u00bb hover_enabled=\u00a0\u00bb0&Prime; global_colors_info=\u00a0\u00bb{}\u00a0\u00bb sticky_enabled=\u00a0\u00bb0&Prime;]<\/p>\n<h2>Comit\u00e9<\/h2>\n<table style=\"width: 1419px; height: 305px;\" border=\"0\" width=\"705\" cellspacing=\"0\" cellpadding=\"0\">\n<tbody>\n<tr style=\"height: 23px;\">\n<td style=\"width: 79.9375px; height: 23px;\" height=\"20\"><strong>Name<\/strong><\/td>\n<td style=\"width: 85.7969px; height: 23px;\"><strong>Vorname<\/strong><\/td>\n<td style=\"width: 311.844px; height: 23px;\"><strong>Beruf<\/strong><\/td>\n<td style=\"width: 931.422px; height: 23px;\"><strong>Funktion<\/strong><\/td>\n<\/tr>\n<tr>\n<td style=\"width: 79.9375px;\">Bachmann<\/td>\n<td style=\"width: 85.7969px;\">Annette<\/td>\n<td style=\"width: 311.844px;\">MSc Geographie<\/td>\n<td style=\"width: 931.422px;\">Mitglied Gesch\u00e4ftsleitung Flussbau AG SAH Bern<\/td>\n<\/tr>\n<tr style=\"height: 23px;\">\n<td style=\"width: 79.9375px; height: 23px;\" height=\"20\">D\u00e9nervaud<\/td>\n<td style=\"width: 85.7969px; height: 23px;\">Christophe<\/td>\n<td style=\"width: 311.844px; height: 23px;\">dipl. Geologe<\/td>\n<td style=\"width: 931.422px; height: 23px;\">Fachspezialist Schutzbauten; Sektion Rutschungen, Lawinen und Schutzwald; Abteilung Gefahrenpr\u00e4vention; Bundesamt f\u00fcr Umwelt BAFU<\/td>\n<\/tr>\n<tr style=\"height: 23px;\">\n<td style=\"width: 79.9375px; height: 23px;\" valign=\"top\">Eggimann<\/td>\n<td style=\"width: 85.7969px; height: 23px;\" valign=\"top\">Lukas<\/td>\n<td style=\"width: 311.844px; height: 23px;\" valign=\"top\">dipl. Erdwissenschaftler (Geologe) ETHZ<\/td>\n<td style=\"width: 931.422px; height: 23px;\" valign=\"top\">Leiter Abteilung Naturgefahren, Kanton Uri<\/td>\n<\/tr>\n<tr style=\"height: 10px;\">\n<td style=\"width: 79.9375px; height: 10px;\" height=\"40\">Fehr<\/td>\n<td style=\"width: 85.7969px; height: 10px;\">Seraina<\/td>\n<td style=\"width: 311.844px; height: 10px;\">MSc Geographie, MSc BFH Engineering<\/td>\n<td style=\"width: 931.422px; height: 10px;\">Mitglied Gesch\u00e4ftsleitung Impuls AG Wald Landschaft Naturgefahren, Thun<\/td>\n<\/tr>\n<tr style=\"height: 47px;\">\n<td style=\"width: 79.9375px; height: 47px;\" height=\"40\">Ferrario<\/td>\n<td style=\"width: 85.7969px; height: 47px;\">Federico<\/td>\n<td style=\"width: 311.844px; height: 47px;\">dipl. Forsting. ETHZ \/ SIA<br \/>MAS Hydraulic Engineering EPFL<\/td>\n<td style=\"width: 931.422px; height: 47px;\">Gesch\u00e4ftsf\u00fchrer EcoEng SA<\/td>\n<\/tr>\n<tr style=\"height: 40px;\">\n<td style=\"width: 79.9375px; height: 10px;\" height=\"40\">Frick<\/td>\n<td style=\"width: 85.7969px; height: 10px;\">Eva<\/td>\n<td style=\"width: 311.844px; height: 10px;\">Dr. phil. nat., Dipl. Geografin<\/td>\n<td style=\"width: 931.422px; height: 10px;\">Fachgruppen-Leitung Naturgefahren geo7 AG<\/td>\n<\/tr>\n<tr style=\"height: 40px;\">\n<td style=\"width: 79.9375px; height: 10px;\" height=\"40\">Graf<\/td>\n<td style=\"width: 85.7969px; height: 10px;\">Christoph<\/td>\n<td style=\"width: 311.844px; height: 10px;\">dipl. Geograph<\/td>\n<td style=\"width: 931.422px; height: 10px;\">Forschungseinheit Gebirgshydrologie und Massenbewegungen, WSL<\/td>\n<\/tr>\n<tr style=\"height: 10px;\">\n<td style=\"width: 79.9375px; height: 10px;\" height=\"40\">Gusterer<\/td>\n<td style=\"width: 85.7969px; height: 10px;\">Cornelia<\/td>\n<td style=\"width: 311.844px; height: 10px;\">MSc Geographie<\/td>\n<td style=\"width: 931.422px; height: 10px;\">Projektleiterin Abteilung Naturgefahren, vif Luzern<\/td>\n<\/tr>\n<tr style=\"height: 10px;\">\n<td style=\"width: 79.9375px; height: 10px;\">K\u00fchne<\/td>\n<td style=\"width: 85.7969px; height: 10px;\">Roderick<\/td>\n<td style=\"width: 311.844px; height: 10px;\">dipl. Geograph<\/td>\n<td style=\"width: 931.422px; height: 10px;\">Projektleiter Abteilung Naturgefahren, Amt f\u00fcr Wald und Naturgefahren Graub\u00fcnden<\/td>\n<\/tr>\n<tr style=\"height: 40px;\">\n<td style=\"width: 79.9375px; height: 10px;\" height=\"40\">Ritler<\/td>\n<td style=\"width: 85.7969px; height: 10px;\">Sandro<\/td>\n<td style=\"width: 311.844px; height: 10px;\">dipl. Umweltingenieur ETH<\/td>\n<td style=\"width: 931.422px; height: 10px;\">Niederlassungsleiter\/Fachbereichsleiter Wasserbau HOLINGER AG<\/td>\n<\/tr>\n<tr>\n<td style=\"width: 79.9375px;\">Steffen<\/td>\n<td style=\"width: 85.7969px;\">Damian<\/td>\n<td style=\"width: 311.844px;\">Dipl. Natw. ETHZ, Dr. phil. nat.<\/td>\n<td style=\"width: 931.422px;\">Mitglied der Gesch\u00e4ftsleitung geoformer igp AG<\/td>\n<\/tr>\n<tr style=\"height: 40px;\">\n<td style=\"width: 79.9375px; height: 10px;\" height=\"40\">Stoffel<\/td>\n<td style=\"width: 85.7969px; height: 10px;\">Markus<\/td>\n<td style=\"width: 311.844px; height: 10px;\">Prof. Dr., dipl. Geograph<\/td>\n<td style=\"width: 931.422px; height: 10px;\">Professor in Naturgefahren an der Universit\u00e4t Genf<\/td>\n<\/tr>\n<tr style=\"height: 40px;\">\n<td style=\"width: 79.9375px; height: 10px;\" height=\"40\">Tobler<\/td>\n<td style=\"width: 85.7969px; height: 10px;\">Daniel<\/td>\n<td style=\"width: 311.844px; height: 10px;\">dipl. Geologe ETH, NDU,KMU, HSG<\/td>\n<td style=\"width: 931.422px; height: 10px;\">Mitglied Gesch\u00e4ftsleitung GEOTEST AG<\/td>\n<\/tr>\n<\/tbody>\n<\/table>\n<p>&nbsp;<\/p>\n<p>[\/et_pb_text][\/et_pb_column][\/et_pb_row][\/et_pb_section]<\/p>\n","protected":false},"excerpt":{"rendered":"<p>Direction et comit\u00e9 Le comit\u00e9 FAN est la direction technique de la FAN. Il se compose actuellement de 13 membres repr\u00e9sentant l\u2019\u00e9conomie priv\u00e9e, les cantons et les services f\u00e9d\u00e9raux (OFEV, WSL). Le comit\u00e9 se r\u00e9unit trois fois par an et traite les affaires courantes, organise les manifestations et pr\u00e9pare l\u2019assembl\u00e9e g\u00e9n\u00e9rale. Les t\u00e2ches d\u00e9taill\u00e9es du [&hellip;]<\/p>\n","protected":false},"author":15,"featured_media":0,"parent":2213,"menu_order":0,"comment_status":"closed","ping_status":"closed","template":"","meta":{"_et_pb_use_builder":"on","_et_pb_old_content":"","_et_gb_content_width":"","footnotes":""},"class_list":["post-3277","page","type-page","status-publish","hentry"],"_links":{"self":[{"href":"https:\/\/fan-info.ch\/fr\/wp-json\/wp\/v2\/pages\/3277","targetHints":{"allow":["GET"]}}],"collection":[{"href":"https:\/\/fan-info.ch\/fr\/wp-json\/wp\/v2\/pages"}],"about":[{"href":"https:\/\/fan-info.ch\/fr\/wp-json\/wp\/v2\/types\/page"}],"author":[{"embeddable":true,"href":"https:\/\/fan-info.ch\/fr\/wp-json\/wp\/v2\/users\/15"}],"replies":[{"embeddable":true,"href":"https:\/\/fan-info.ch\/fr\/wp-json\/wp\/v2\/comments?post=3277"}],"version-history":[{"count":24,"href":"https:\/\/fan-info.ch\/fr\/wp-json\/wp\/v2\/pages\/3277\/revisions"}],"predecessor-version":[{"id":9810,"href":"https:\/\/fan-info.ch\/fr\/wp-json\/wp\/v2\/pages\/3277\/revisions\/9810"}],"up":[{"embeddable":true,"href":"https:\/\/fan-info.ch\/fr\/wp-json\/wp\/v2\/pages\/2213"}],"wp:attachment":[{"href":"https:\/\/fan-info.ch\/fr\/wp-json\/wp\/v2\/media?parent=3277"}],"curies":[{"name":"wp","href":"https:\/\/api.w.org\/{rel}","templated":true}]}}