{"id":3720,"date":"2021-01-15T10:00:10","date_gmt":"2021-01-15T09:00:10","guid":{"rendered":"https:\/\/fan-info.ch\/protect-praxis\/"},"modified":"2021-02-05T08:45:37","modified_gmt":"2021-02-05T07:45:37","slug":"protect-praxis","status":"publish","type":"page","link":"https:\/\/fan-info.ch\/fr\/a-propos-de-fan\/groupes-de-travail\/protect-praxis\/","title":{"rendered":"PROTECT Praxis"},"content":{"rendered":"<p>[et_pb_section fb_built=\u00a0\u00bb1&Prime; _builder_version=\u00a0\u00bb4.6.1&Prime; _module_preset=\u00a0\u00bbdefault\u00a0\u00bb][et_pb_row column_structure=\u00a0\u00bb3_5,2_5&Prime; _builder_version=\u00a0\u00bb4.6.1&Prime; _module_preset=\u00a0\u00bbdefault\u00a0\u00bb][et_pb_column type=\u00a0\u00bb3_5&Prime; _builder_version=\u00a0\u00bb4.6.1&Prime; _module_preset=\u00a0\u00bbdefault\u00a0\u00bb][et_pb_text _builder_version=\u00a0\u00bb4.6.1&Prime; _module_preset=\u00a0\u00bbdefault\u00a0\u00bb]<\/p>\n<h3>PROTECT Praxis<\/h3>\n<p><a href=\"https:\/\/fan-info.ch\/wp-content\/uploads\/IMG_2446.jpg\"><img loading=\"lazy\" decoding=\"async\" class=\"alignright wp-image-605 size-thumbnail\" src=\"https:\/\/fan-info.ch\/wp-content\/uploads\/IMG_2446-150x150.jpg\" alt=\"\" width=\"150\" height=\"150\" \/><\/a>Im Auftrag des Bundesamts f\u00fcr Umwelt (BAFU) \u00fcberarbeiten die Fachleute Naturgefahren (FAN) die Methodik PROTECT, um daraus eine praxistauglichen Anwendung f\u00fcr die Beurteilung der Wirkung von baulichen, biologischen und organisatorischen Schutzmassnahmen zu machen.<\/p>\n<p>Die Projektleitung f\u00fcr die \u00dcberarbeitung von PROTECT liegt der FAN inne, die Arbeiten zum Projekt \u00abPROTECT Praxis\u00bb erfolgen modular und umfassen sieben Teilprojekte:<\/p>\n<p>[\/et_pb_text][et_pb_text _builder_version=\u00a0\u00bb4.6.1&Prime; _module_preset=\u00a0\u00bbdefault\u00a0\u00bb]<\/p>\n<ul>\n<li>Modul 1: \u00dcberarbeitung Grunds\u00e4tze und generelles Vorgehen<\/li>\n<li>Modul 2: Bauliche oder technische Massnahmen<\/li>\n<li>Modul 3: Integration Protect Bio<\/li>\n<li>Modul 4: Integration organisatorische Massnahmen<\/li>\n<li>Modul 5: Zusammenf\u00fchrung Ergebnisse<\/li>\n<li>Modul 6: Fallbeispiele<\/li>\n<li>Modul 7: Begleitung Publikation der Resultate<\/li>\n<\/ul>\n<p>[\/et_pb_text][et_pb_text _builder_version=\u00a0\u00bb4.6.1&Prime; _module_preset=\u00a0\u00bbdefault\u00a0\u00bb background_color=\u00a0\u00bbrgba(237,240,0,0.18)\u00a0\u00bb hover_enabled=\u00a0\u00bb0&Prime; sticky_enabled=\u00a0\u00bb0&Prime;]Il y a actuellement un <a href=\"https:\/\/fan-info.ch\/wp-content\/uploads\/PROTECT_Praxis_Mitarbeit_D_F_I.pdf\" target=\"_blank\" rel=\"noopener noreferrer\">appel \u00e0 participer<\/a> au d\u00e9veloppement des modules. Date: 12 f\u00e9vrier 2021[\/et_pb_text][et_pb_text _builder_version=\u00a0\u00bb4.6.1&Prime; _module_preset=\u00a0\u00bbdefault\u00a0\u00bb background_color=\u00a0\u00bbrgba(237,240,0,0.18)\u00a0\u00bb hover_enabled=\u00a0\u00bb0&Prime; sticky_enabled=\u00a0\u00bb0&Prime;]<a href=\"https:\/\/fan-info.ch\/wp-content\/uploads\/PROTECT-Fragen-und-Antworten.pdf\" target=\"_blank\" rel=\"noopener noreferrer\">Questions et r\u00e9ponses<\/a> concernant l&rsquo;appel.<br \/>\n[\/et_pb_text][\/et_pb_column][et_pb_column type=\u00a0\u00bb2_5&Prime; _builder_version=\u00a0\u00bb4.6.1&Prime; _module_preset=\u00a0\u00bbdefault\u00a0\u00bb][et_pb_blurb title=\u00a0\u00bbProjektleitung\u00a0\u00bb _builder_version=\u00a0\u00bb4.6.1&Prime; _module_preset=\u00a0\u00bbdefault\u00a0\u00bb background_color=\u00a0\u00bb#92ab63&Prime; custom_margin=\u00a0\u00bb||20px||false|false\u00a0\u00bb custom_padding=\u00a0\u00bb5px|5px|5px|5px|false|false\u00a0\u00bb box_shadow_style=\u00a0\u00bbpreset2&Prime;]<\/p>\n<p><span style=\"color: #333333;\">Gabi Hunziker, Markus Stoffel (PL FAN),<\/span><br \/><span style=\"color: #333333;\"> Bernard Loup, St\u00e9phane Losey (BAFU)<\/span><\/p>\n<p>[\/et_pb_blurb][et_pb_blurb title=\u00a0\u00bbKontakt\u00a0\u00bb _builder_version=\u00a0\u00bb4.6.1&Prime; _module_preset=\u00a0\u00bbdefault\u00a0\u00bb background_color=\u00a0\u00bb#92ab63&Prime; custom_margin=\u00a0\u00bb||20px||false|false\u00a0\u00bb custom_padding=\u00a0\u00bb5px|5px|5px|5px|false|false\u00a0\u00bb box_shadow_style=\u00a0\u00bbpreset2&Prime;]<\/p>\n<p><a href=\"mailto:protect@fan-info.ch\"><span style=\"color: #333333;\">Projektleitung<\/span><\/a><\/p>\n<p>[\/et_pb_blurb][et_pb_blurb title=\u00a0\u00bbAufruf\u00a0\u00bb _builder_version=\u00a0\u00bb4.6.1&Prime; _module_preset=\u00a0\u00bbdefault\u00a0\u00bb background_color=\u00a0\u00bb#92ab63&Prime; custom_margin=\u00a0\u00bb||20px||false|false\u00a0\u00bb custom_padding=\u00a0\u00bb5px|5px|5px|5px|false|false\u00a0\u00bb box_shadow_style=\u00a0\u00bbpreset2&Prime;]<\/p>\n<p><a href=\"https:\/\/fan-info.ch\/wp-content\/uploads\/PROTECT_Praxis_Mitarbeit_D_F_I.pdf\" target=\"_blank\" rel=\"attachment noopener wp-att-3726 noreferrer\"><span style=\"color: #333333;\">Aufruf Mitarbeit \/ Appel \u00e0 coop\u00e9ration \/ Invito alla cooperazione<\/span><\/a><\/p>\n<p>[\/et_pb_blurb][et_pb_blurb title=\u00a0\u00bbAusschreibung\u00a0\u00bb url_new_window=\u00a0\u00bbon\u00a0\u00bb _builder_version=\u00a0\u00bb4.6.1&Prime; _module_preset=\u00a0\u00bbdefault\u00a0\u00bb background_color=\u00a0\u00bb#92ab63&Prime; custom_margin=\u00a0\u00bb||20px||false|false\u00a0\u00bb custom_padding=\u00a0\u00bb5px|5px|5px|5px|false|false\u00a0\u00bb box_shadow_style=\u00a0\u00bbpreset2&Prime;]<\/p>\n<p><a href=\"https:\/\/fan-info.ch\/wp-content\/uploads\/PROTECT_Praxis_Ausschreibung-1.pdf\" target=\"_blank\" rel=\"attachment noopener wp-att-3680 noreferrer\"><span style=\"color: #333333;\"><span style=\"color: #999999;\"><span style=\"color: #808080;\"><span style=\"color: #333333;\">PROTECT_Praxis_Ausschreibung<\/span><\/span><\/span><\/span><\/a><\/p>\n<p>[\/et_pb_blurb][et_pb_blurb title=\u00a0\u00bbPflichtenheft\u00a0\u00bb _builder_version=\u00a0\u00bb4.6.1&Prime; _module_preset=\u00a0\u00bbdefault\u00a0\u00bb background_color=\u00a0\u00bb#92ab63&Prime; custom_margin=\u00a0\u00bb||20px||false|false\u00a0\u00bb custom_padding=\u00a0\u00bb5px|5px|5px|5px|false|false\u00a0\u00bb box_shadow_style=\u00a0\u00bbpreset2&Prime;]<\/p>\n<p><a href=\"https:\/\/fan-info.ch\/wp-content\/uploads\/PROTECT_Praxis_Pflichtenhefte-1.pdf\" target=\"_blank\" rel=\"attachment noopener wp-att-3671 noreferrer\"><span style=\"color: #333333;\">PROTECT_Praxis_Pflichtenhefte<\/span><\/a><\/p>\n<p>[\/et_pb_blurb][et_pb_blurb title=\u00a0\u00bbTerminprogramm\u00a0\u00bb _builder_version=\u00a0\u00bb4.6.1&Prime; _module_preset=\u00a0\u00bbdefault\u00a0\u00bb background_color=\u00a0\u00bb#92ab63&Prime; custom_margin=\u00a0\u00bb||20px||false|false\u00a0\u00bb custom_padding=\u00a0\u00bb5px|5px|5px|5px|false|false\u00a0\u00bb box_shadow_style=\u00a0\u00bbpreset2&Prime;]<\/p>\n<p><a href=\"https:\/\/fan-info.ch\/wp-content\/uploads\/PROTECT_Praxis_Terminprogramm.pdf\" target=\"_blank\" rel=\"attachment noopener wp-att-3677 noreferrer\"><span style=\"color: #333333;\">PROTECT_Praxis_Terminprogramm<\/span><\/a><\/p>\n<p>[\/et_pb_blurb][et_pb_blurb title=\u00a0\u00bbProjektvorschlag FAN z.H. BAFU\u00a0\u00bb _builder_version=\u00a0\u00bb4.6.1&Prime; _module_preset=\u00a0\u00bbdefault\u00a0\u00bb background_color=\u00a0\u00bb#92ab63&Prime; custom_margin=\u00a0\u00bb||20px||false|false\u00a0\u00bb custom_padding=\u00a0\u00bb5px|5px|5px|5px|false|false\u00a0\u00bb box_shadow_style=\u00a0\u00bbpreset2&Prime;]<\/p>\n<p><a href=\"https:\/\/fan-info.ch\/wp-content\/uploads\/PROTECT_Praxis_Projektvorschlag-1.pdf\" target=\"_blank\" rel=\"attachment noopener wp-att-3674 noreferrer\"><span style=\"color: #333333;\">PROTECT_Praxis_Projektvorschlag<\/span><\/a><\/p>\n<p>[\/et_pb_blurb][\/et_pb_column][\/et_pb_row][\/et_pb_section]<\/p>\n","protected":false},"excerpt":{"rendered":"<p>PROTECT Praxis Im Auftrag des Bundesamts f\u00fcr Umwelt (BAFU) \u00fcberarbeiten die Fachleute Naturgefahren (FAN) die Methodik PROTECT, um daraus eine praxistauglichen Anwendung f\u00fcr die Beurteilung der Wirkung von baulichen, biologischen und organisatorischen Schutzmassnahmen zu machen. Die Projektleitung f\u00fcr die \u00dcberarbeitung von PROTECT liegt der FAN inne, die Arbeiten zum Projekt \u00abPROTECT Praxis\u00bb erfolgen modular und [&hellip;]<\/p>\n","protected":false},"author":15,"featured_media":606,"parent":3734,"menu_order":0,"comment_status":"closed","ping_status":"closed","template":"","meta":{"_et_pb_use_builder":"on","_et_pb_old_content":"","_et_gb_content_width":"","footnotes":""},"class_list":["post-3720","page","type-page","status-publish","has-post-thumbnail","hentry"],"_links":{"self":[{"href":"https:\/\/fan-info.ch\/fr\/wp-json\/wp\/v2\/pages\/3720","targetHints":{"allow":["GET"]}}],"collection":[{"href":"https:\/\/fan-info.ch\/fr\/wp-json\/wp\/v2\/pages"}],"about":[{"href":"https:\/\/fan-info.ch\/fr\/wp-json\/wp\/v2\/types\/page"}],"author":[{"embeddable":true,"href":"https:\/\/fan-info.ch\/fr\/wp-json\/wp\/v2\/users\/15"}],"replies":[{"embeddable":true,"href":"https:\/\/fan-info.ch\/fr\/wp-json\/wp\/v2\/comments?post=3720"}],"version-history":[{"count":2,"href":"https:\/\/fan-info.ch\/fr\/wp-json\/wp\/v2\/pages\/3720\/revisions"}],"predecessor-version":[{"id":3903,"href":"https:\/\/fan-info.ch\/fr\/wp-json\/wp\/v2\/pages\/3720\/revisions\/3903"}],"up":[{"embeddable":true,"href":"https:\/\/fan-info.ch\/fr\/wp-json\/wp\/v2\/pages\/3734"}],"wp:featuredmedia":[{"embeddable":true,"href":"https:\/\/fan-info.ch\/fr\/wp-json\/wp\/v2\/media\/606"}],"wp:attachment":[{"href":"https:\/\/fan-info.ch\/fr\/wp-json\/wp\/v2\/media?parent=3720"}],"curies":[{"name":"wp","href":"https:\/\/api.w.org\/{rel}","templated":true}]}}