{"id":3734,"date":"2021-01-14T10:43:30","date_gmt":"2021-01-14T09:43:30","guid":{"rendered":"https:\/\/fan-info.ch\/a-propos-de-fan\/groupes-de-travail\/"},"modified":"2025-07-20T11:08:31","modified_gmt":"2025-07-20T09:08:31","slug":"groupes-de-travail","status":"publish","type":"page","link":"https:\/\/fan-info.ch\/fr\/a-propos-de-fan\/groupes-de-travail\/","title":{"rendered":"Groupes de travail et projects"},"content":{"rendered":"<p>[et_pb_section fb_built=\u00a0\u00bb1&Prime; _builder_version=\u00a0\u00bb4.16&Prime; global_colors_info=\u00a0\u00bb{}\u00a0\u00bb][et_pb_row admin_label=\u00a0\u00bbZeile\u00a0\u00bb _builder_version=\u00a0\u00bb4.16&Prime; background_size=\u00a0\u00bbinitial\u00a0\u00bb background_position=\u00a0\u00bbtop_left\u00a0\u00bb background_repeat=\u00a0\u00bbrepeat\u00a0\u00bb global_colors_info=\u00a0\u00bb{}\u00a0\u00bb][et_pb_column type=\u00a0\u00bb4_4&Prime; _builder_version=\u00a0\u00bb4.16&Prime; custom_padding=\u00a0\u00bb|||\u00a0\u00bb global_colors_info=\u00a0\u00bb{}\u00a0\u00bb custom_padding__hover=\u00a0\u00bb|||\u00a0\u00bb][et_pb_text admin_label=\u00a0\u00bbArbeitsgruppen\u00a0\u00bb _builder_version=\u00a0\u00bb4.22.2&Prime; background_size=\u00a0\u00bbinitial\u00a0\u00bb background_position=\u00a0\u00bbtop_left\u00a0\u00bb background_repeat=\u00a0\u00bbrepeat\u00a0\u00bb global_colors_info=\u00a0\u00bb{}\u00a0\u00bb]<\/p>\n<h2>Groupes de travail<\/h2>\n<p>Conform\u00e9ment aux statuts (4.2.3), le <a href=\"https:\/\/fan-info.ch\/fr\/a-propos-de-fan\/vorstand-ausschuss\/\">comit\u00e9 FAN<\/a> peut mettre en place des groupes de travail. Des th\u00e8mes sp\u00e9cifiques sont trait\u00e9s de mani\u00e8re approfondie dans les groupes de travail. Les travaux peuvent \u00eatre effectu\u00e9s \u00e0 titre gracieux ou partiellement r\u00e9mun\u00e9r\u00e9s. Les groupes de travail se composent g\u00e9n\u00e9ralement de repr\u00e9sentants du Comit\u00e9 FAN et d&rsquo;autres experts techniques. Des produits (entre autres des <a href=\"https:\/\/fan-info.ch\/fr\/publications\/\">publications<\/a>) sont \u00e9labor\u00e9s lors de r\u00e9unions et d&rsquo;ateliers. Les groupes de travail peuvent \u00e9galement \u00e9laborer les bases de futures manifestations.<\/p>\n<p>[\/et_pb_text][et_pb_divider _builder_version=\u00a0\u00bb4.16&Prime; _module_preset=\u00a0\u00bbdefault\u00a0\u00bb global_colors_info=\u00a0\u00bb{}\u00a0\u00bb][\/et_pb_divider][et_pb_text admin_label=\u00a0\u00bbAktuelle Arbeitsgruppen\u00a0\u00bb _builder_version=\u00a0\u00bb4.22.2&Prime; _module_preset=\u00a0\u00bbdefault\u00a0\u00bb global_colors_info=\u00a0\u00bb{}\u00a0\u00bb]<\/p>\n<h2>Groupes de travail actuel<\/h2>\n<p>[\/et_pb_text][\/et_pb_column][\/et_pb_row][et_pb_row column_structure=\u00a0\u00bb1_2,1_2&Prime; _builder_version=\u00a0\u00bb4.16&Prime; _module_preset=\u00a0\u00bbdefault\u00a0\u00bb global_colors_info=\u00a0\u00bb{}\u00a0\u00bb][et_pb_column type=\u00a0\u00bb1_2&Prime; _builder_version=\u00a0\u00bb4.16&Prime; _module_preset=\u00a0\u00bbdefault\u00a0\u00bb global_colors_info=\u00a0\u00bb{}\u00a0\u00bb][et_pb_text admin_label=\u00a0\u00bbPROTECT Praxis\u00a0\u00bb _builder_version=\u00a0\u00bb4.22.2&Prime; _module_preset=\u00a0\u00bbdefault\u00a0\u00bb global_colors_info=\u00a0\u00bb{}\u00a0\u00bb]<\/p>\n<h4>PROTECT Praxis<\/h4>\n<p>Sur mandat de l&rsquo;Office f\u00e9d\u00e9ral de l&rsquo;environnement (OFEV), les sp\u00e9cialistes des dangers naturels (FAN) r\u00e9visent la m\u00e9thodologie PROTECT afin d&rsquo;en faire une application pratique pour l&rsquo;\u00e9valuation de l&rsquo;efficacit\u00e9 des mesures de protection constructives, biologiques et organisationnelles.<\/p>\n<p>La direction du projet de r\u00e9vision de PROTECT est assur\u00e9e par la FAN, les travaux du projet \u00ab\u00a0PROTECT Pratique\u00a0\u00bb se d\u00e9roulent de mani\u00e8re modulaire et comprennent sept sous-projets :<\/p>\n<p>&nbsp;<\/p>\n<p>&nbsp;<\/p>\n<ul>\n<li>Module 1: r\u00e9vision des principes et de la proc\u00e9dure g\u00e9n\u00e9rale<\/li>\n<li>Module 2: Mesures architecturales ou techniques<\/li>\n<li>Module 3: Int\u00e9gration Protect Bio<\/li>\n<li>Module 4: Int\u00e9gration des mesures organisationnelles<\/li>\n<li>Module 5: Synth\u00e8se des r\u00e9sultats<\/li>\n<li>Module 6: \u00c9tudes de cas<\/li>\n<li>Module 7: Accompagnement Publication des r\u00e9sultats<\/li>\n<\/ul>\n<p>[\/et_pb_text][\/et_pb_column][et_pb_column type=\u00a0\u00bb1_2&Prime; _builder_version=\u00a0\u00bb4.16&Prime; _module_preset=\u00a0\u00bbdefault\u00a0\u00bb global_colors_info=\u00a0\u00bb{}\u00a0\u00bb][et_pb_image src=\u00a0\u00bbhttps:\/\/fan-info.ch\/wp-content\/uploads\/IMG_2446-300&#215;225.jpg\u00a0\u00bb title_text=\u00a0\u00bbIMG_2446&Prime; _builder_version=\u00a0\u00bb4.16&Prime; _module_preset=\u00a0\u00bbdefault\u00a0\u00bb global_colors_info=\u00a0\u00bb{}\u00a0\u00bb][\/et_pb_image][et_pb_blurb title=\u00a0\u00bbDirection du projet\u00a0\u00bb admin_label=\u00a0\u00bbProjektleitung\u00a0\u00bb _builder_version=\u00a0\u00bb4.22.2&Prime; _module_preset=\u00a0\u00bbdefault\u00a0\u00bb background_color=\u00a0\u00bb#efefef\u00a0\u00bb custom_margin=\u00a0\u00bb0px|0px|20px|0px|false|false\u00a0\u00bb custom_padding=\u00a0\u00bb5px|5px|5px|5px|false|false\u00a0\u00bb box_shadow_style=\u00a0\u00bbpreset3&Prime; global_colors_info=\u00a0\u00bb{}\u00a0\u00bb]<\/p>\n<p>Gabi Hunziker, Markus Stoffel (FAN), Bernard Loup, St\u00e9phane Losey (BAFU)<\/p>\n<p>[\/et_pb_blurb][et_pb_blurb title=\u00a0\u00bbDur\u00e9e du projet\u00a0\u00bb admin_label=\u00a0\u00bbProjektdauer\u00a0\u00bb _builder_version=\u00a0\u00bb4.22.2&Prime; _module_preset=\u00a0\u00bbdefault\u00a0\u00bb background_color=\u00a0\u00bb#efefef\u00a0\u00bb custom_margin=\u00a0\u00bb0px|0px|20px|0px|false|false\u00a0\u00bb custom_padding=\u00a0\u00bb5px|5px|5px|5px|false|false\u00a0\u00bb box_shadow_style=\u00a0\u00bbpreset3&Prime; global_colors_info=\u00a0\u00bb{}\u00a0\u00bb]<\/p>\n<p>2020 &#8211; 2024<\/p>\n<p>[\/et_pb_blurb][et_pb_blurb title=\u00a0\u00bbOrganigramme\u00a0\u00bb url=\u00a0\u00bbhttps:\/\/fan-info.ch\/wp-content\/uploads\/Organigramm_PROTECT.png\u00a0\u00bb content_max_width=\u00a0\u00bb1100px\u00a0\u00bb admin_label=\u00a0\u00bbOrganigram\u00a0\u00bb _builder_version=\u00a0\u00bb4.22.2&Prime; _module_preset=\u00a0\u00bbdefault\u00a0\u00bb background_color=\u00a0\u00bb#efefef\u00a0\u00bb custom_margin=\u00a0\u00bb0px|0px|20px|0px|false|false\u00a0\u00bb custom_padding=\u00a0\u00bb5px|5px|5px|5px|false|false\u00a0\u00bb link_option_url=\u00a0\u00bbhttps:\/\/fan-info.ch\/wp-content\/uploads\/Organigramm_PROTECT.png\u00a0\u00bb box_shadow_style=\u00a0\u00bbpreset3&Prime; global_colors_info=\u00a0\u00bb{}\u00a0\u00bb]<\/p>\n<p><img loading=\"lazy\" decoding=\"async\" class=\"wp-image-4579 alignnone \" src=\"https:\/\/fan-info.ch\/wp-content\/uploads\/Organigramm_PROTECT-1024x470.png\" alt=\"Organigramm PROTECT\" width=\"1275\" height=\"585\" srcset=\"https:\/\/fan-info.ch\/wp-content\/uploads\/Organigramm_PROTECT-1024x470.png 1275w, https:\/\/fan-info.ch\/wp-content\/uploads\/Organigramm_PROTECT-980x450.png 980w, https:\/\/fan-info.ch\/wp-content\/uploads\/Organigramm_PROTECT-480x220.png 480w\" sizes=\"(min-width: 0px) and (max-width: 480px) 480px, (min-width: 481px) and (max-width: 980px) 980px, (min-width: 981px) 1275px, 100vw\" \/><\/p>\n<p>[\/et_pb_blurb][et_pb_blurb title=\u00a0\u00bbRapports d&rsquo;\u00e9tat\u00a0\u00bb admin_label=\u00a0\u00bbStatusberichte\u00a0\u00bb _builder_version=\u00a0\u00bb4.22.2&Prime; _module_preset=\u00a0\u00bbdefault\u00a0\u00bb background_color=\u00a0\u00bb#efefef\u00a0\u00bb custom_margin=\u00a0\u00bb0px|0px|20px|0px|false|false\u00a0\u00bb custom_padding=\u00a0\u00bb5px|5px|5px|5px|false|false\u00a0\u00bb box_shadow_style=\u00a0\u00bbpreset3&Prime; global_colors_info=\u00a0\u00bb{}\u00a0\u00bb]<\/p>\n<ul>\n<li><a  data-e-Disable-Page-Transition=\"true\" class=\"download-link\" title=\"\" href=\"https:\/\/fan-info.ch\/fr\/download\/6779\/?tmstv=1776580549\" rel=\"nofollow\" id=\"download-link-6779\" data-redirect=\"false\" >\n\tStatusbericht 1\/2023<\/a>\n<\/li>\n<li><a  data-e-Disable-Page-Transition=\"true\" class=\"download-link\" title=\"\" href=\"https:\/\/fan-info.ch\/fr\/download\/6289\/?tmstv=1776580549\" rel=\"nofollow\" id=\"download-link-6289\" data-redirect=\"false\" >\n\tStatusbericht 2\/2022<\/a>\n<\/li>\n<li><a  data-e-Disable-Page-Transition=\"true\" class=\"download-link\" title=\"\" href=\"https:\/\/fan-info.ch\/fr\/download\/5911\/?tmstv=1776580549\" rel=\"nofollow\" id=\"download-link-5911\" data-redirect=\"false\" >\n\tStatusbericht 1\/2022<\/a>\n<\/li>\n<li><a  data-e-Disable-Page-Transition=\"true\" class=\"download-link\" title=\"\" href=\"https:\/\/fan-info.ch\/fr\/download\/5765\/?tmstv=1776580549\" rel=\"nofollow\" id=\"download-link-5765\" data-redirect=\"false\" >\n\tStatusbericht 2\/2021<\/a>\n<\/li>\n<li><a  data-e-Disable-Page-Transition=\"true\" class=\"download-link\" title=\"\" href=\"https:\/\/fan-info.ch\/fr\/download\/5760\/?tmstv=1776580549\" rel=\"nofollow\" id=\"download-link-5760\" data-redirect=\"false\" >\n\tStatusbericht 1\/2021<\/a>\n<\/li>\n<\/ul>\n<p>[\/et_pb_blurb][\/et_pb_column][\/et_pb_row][et_pb_row column_structure=\u00a0\u00bb1_2,1_2&Prime; _builder_version=\u00a0\u00bb4.16&Prime; _module_preset=\u00a0\u00bbdefault\u00a0\u00bb global_colors_info=\u00a0\u00bb{}\u00a0\u00bb][et_pb_column type=\u00a0\u00bb1_2&Prime; _builder_version=\u00a0\u00bb4.16&Prime; _module_preset=\u00a0\u00bbdefault\u00a0\u00bb global_colors_info=\u00a0\u00bb{}\u00a0\u00bb][et_pb_text admin_label=\u00a0\u00bbGefahrenbeurteilung Wildb\u00e4che\u00a0\u00bb _builder_version=\u00a0\u00bb4.24.2&Prime; _module_preset=\u00a0\u00bbdefault\u00a0\u00bb global_colors_info=\u00a0\u00bb{}\u00a0\u00bb]<\/p>\n<h4>Groupe de travail \u00c9valuation des dangers des torrents<\/h4>\n<p>En 2021, la FAN a constitu\u00e9 un groupe de travail pour discuter de la mani\u00e8re dont la qualit\u00e9 des \u00e9valuations des torrents peut \u00eatre garantie et am\u00e9lior\u00e9e. Quinze personnes issues de la recherche, de l&rsquo;enseignement, de l&rsquo;administration et de la pratique, sp\u00e9cialis\u00e9es dans les torrents, ont particip\u00e9 \u00e0 ce groupe. Dans leurs domaines de sp\u00e9cialisation respectifs, elles ont analys\u00e9 les lacunes, d\u00e9fini des objectifs et formul\u00e9 des recommandations de mesures. Les r\u00e9sultats de ces travaux ont \u00e9t\u00e9 publi\u00e9s dans un rapport final. Au cours du premier semestre 2024, les r\u00e9sultats ont \u00e9t\u00e9 discut\u00e9s avec des experts et des d\u00e9cideurs lors de deux ateliers. Outre la pr\u00e9sentation des r\u00e9sultats, l&rsquo;objectif d\u00e9clar\u00e9 des ateliers \u00e9tait de formuler ensemble des id\u00e9es concr\u00e8tes et de trouver des experts engag\u00e9s pour les \u00e9tapes suivantes.<\/p>\n<p>&nbsp;<\/p>\n<p>&nbsp;<\/p>\n<p><strong>2023 &#8211; \u00c9valuation des dangers des torrents en Suisse : \u00e9tat actuel et d\u00e9fis futurs (Groupe de travail FAN \u00ab\u00a0\u00c9valuation des dangers des torrents\u00a0\u00bb)<\/strong><\/p>\n<ul>\n<li><a href=\"https:\/\/owncloud.fan-info.ch\/s\/XCxl0Omz7yuK8O8\" target=\"_blank\" rel=\"noopener\">Gefahrenbeurteilung Wildb\u00e4che in der Schweiz \u2013 Aktueller Stand und k\u00fcnftige Herausforderungen\u201c<\/a><\/li>\n<li><a href=\"https:\/\/owncloud.fan-info.ch\/s\/0JoqbUzchRHwf0Z\" target=\"_blank\" rel=\"noopener\">Anhang<\/a><a href=\"https:\/\/owncloud.fan-info.ch\/s\/0JoqbUzchRHwf0Z\" target=\"_blank\" rel=\"noopener\">\u00a0zum Schlussbericht: Gefahrenbeurteilung Wildb\u00e4che in der Schweiz \u2013 Aktueller Stand und k\u00fcnftige Herausforderungen<\/a><\/li>\n<li><a href=\"https:\/\/fan-info.ch\/fr\/publications\/agenda-de-la-fan\/\">FAN Agenda<\/a><\/li>\n<\/ul>\n<p>[\/et_pb_text][\/et_pb_column][et_pb_column type=\u00a0\u00bb1_2&Prime; _builder_version=\u00a0\u00bb4.16&Prime; _module_preset=\u00a0\u00bbdefault\u00a0\u00bb global_colors_info=\u00a0\u00bb{}\u00a0\u00bb][et_pb_image src=\u00a0\u00bbhttps:\/\/fan-info.ch\/wp-content\/uploads\/IMG_3259-scaled.jpeg\u00a0\u00bb title_text=\u00a0\u00bbIMG_3259&Prime; _builder_version=\u00a0\u00bb4.24.2&Prime; _module_preset=\u00a0\u00bbdefault\u00a0\u00bb global_colors_info=\u00a0\u00bb{}\u00a0\u00bb][\/et_pb_image][et_pb_blurb title=\u00a0\u00bbGroupe de pr\u00e9paration\u00a0\u00bb admin_label=\u00a0\u00bbVorbereitungsgruppe\u00a0\u00bb _builder_version=\u00a0\u00bb4.24.2&Prime; _module_preset=\u00a0\u00bbdefault\u00a0\u00bb background_color=\u00a0\u00bb#efefef\u00a0\u00bb custom_margin=\u00a0\u00bb0px|0px|20px|0px|false|false\u00a0\u00bb custom_padding=\u00a0\u00bb5px|5px|5px|5px|false|false\u00a0\u00bb box_shadow_style=\u00a0\u00bbpreset3&Prime; global_colors_info=\u00a0\u00bb{}\u00a0\u00bb]<\/p>\n<p>\u00c9quipe centrale: Dieter Rickenmann, Eva Frick, Christoph Graf, Gabi Hunziker, Matthias Busslinger, Melanie Ulrich<br \/>Mitglieder Arbeitsgruppe: Mark Bertogliati, Christian Rickli, Massimiliano Schwarz, Catherine Berger, Seppi Berwert, Peter Mosimann, Kathrin Niederer, Thomas Schneider<\/p>\n<p>&nbsp;<\/p>\n<p>[\/et_pb_blurb][\/et_pb_column][\/et_pb_row][et_pb_row _builder_version=\u00a0\u00bb4.16&Prime; _module_preset=\u00a0\u00bbdefault\u00a0\u00bb global_colors_info=\u00a0\u00bb{}\u00a0\u00bb][et_pb_column type=\u00a0\u00bb4_4&Prime; _builder_version=\u00a0\u00bb4.16&Prime; _module_preset=\u00a0\u00bbdefault\u00a0\u00bb global_colors_info=\u00a0\u00bb{}\u00a0\u00bb][et_pb_divider _builder_version=\u00a0\u00bb4.16&Prime; _module_preset=\u00a0\u00bbdefault\u00a0\u00bb global_colors_info=\u00a0\u00bb{}\u00a0\u00bb][\/et_pb_divider][et_pb_text admin_label=\u00a0\u00bbEhemalige Arbeitsgruppen\u00a0\u00bb _builder_version=\u00a0\u00bb4.22.2&Prime; _module_preset=\u00a0\u00bbdefault\u00a0\u00bb global_colors_info=\u00a0\u00bb{}\u00a0\u00bb]<\/p>\n<h3>Anciens groupes de travail<\/h3>\n<p>[\/et_pb_text][\/et_pb_column][\/et_pb_row][et_pb_row column_structure=\u00a0\u00bb1_2,1_2&Prime; _builder_version=\u00a0\u00bb4.16&Prime; _module_preset=\u00a0\u00bbdefault\u00a0\u00bb global_colors_info=\u00a0\u00bb{}\u00a0\u00bb][et_pb_column type=\u00a0\u00bb1_2&Prime; _builder_version=\u00a0\u00bb4.16&Prime; _module_preset=\u00a0\u00bbdefault\u00a0\u00bb global_colors_info=\u00a0\u00bb{}\u00a0\u00bb][et_pb_text admin_label=\u00a0\u00bbUfererosion\u00a0\u00bb _builder_version=\u00a0\u00bb4.22.2&Prime; _module_preset=\u00a0\u00bbdefault\u00a0\u00bb global_colors_info=\u00a0\u00bb{}\u00a0\u00bb]<\/p>\n<h4>\u00c9rosion des berges<\/h4>\n<p>Les sp\u00e9cialistes Dangers naturels en Suisse (FAN) et la Commis<br \/>Protection contre les crues, am\u00e9nagement des eaux et entretien des cours d&rsquo;eau (KOHS) ont publi\u00e9 une<br \/>recommandation pour l&rsquo;\u00e9valuation du risque d&rsquo;\u00e9rosion des berges des cours d&rsquo;eau.<br \/>a \u00e9t\u00e9 \u00e9labor\u00e9e.<\/p>\n<p>La recommandation d\u00e9crit une proc\u00e9dure d&rsquo;\u00e9valuation du risque de ripisylve.<br \/>\u00e9rosion des berges avec les \u00e9tapes de traitement Sc\u00e9narios de base,<br \/>analyse des points faibles et analyse des effets. Dans le cadre de l&rsquo;analyse des<br \/>l&rsquo;analyse des points faibles, la morphologie et les zones d&rsquo;\u00e9rosion connues sont<br \/>les zones d&rsquo;\u00e9rosion, les dangers d\u00e9terminants sont identifi\u00e9s. Pour<br \/>chaque image de danger, les grandeurs de charge sur la rive et la r\u00e9sistance \u00e0 l&rsquo;\u00e9rosion sont analys\u00e9es.<br \/>r\u00e9sistance \u00e0 l&rsquo;\u00e9rosion de la rive sont d\u00e9termin\u00e9es qualitativement ou quantitativement. Si<br \/>selon les conclusions de l&rsquo;analyse des points faibles, un tron\u00e7on de cours d&rsquo;eau doit \u00eatre<br \/>l&rsquo;\u00e9rosion des berges, l&rsquo;analyse des effets d\u00e9termine son ampleur et sa probabilit\u00e9 d&rsquo;occurrence.<br \/>probabilit\u00e9 d&rsquo;apparition dans l&rsquo;espace. Ensuite, on \u00e9value les<br \/>les processus cons\u00e9cutifs possibles sont \u00e9valu\u00e9s.<\/p>\n<p>La recommandation pour l&rsquo;\u00e9valuation du risque d&rsquo;\u00e9rosion des berges sur les<br \/>cours d&rsquo;eau est disponible sous forme \u00e9lectronique et en allemand ou en anglais.<br \/>fran\u00e7ais sur les sites Internet de la FAN et de l&rsquo;Association suisse pour la protection des eaux.<br \/>Association suisse pour l&rsquo;am\u00e9nagement des eaux (<a href=\"http:\/\/www.swv.ch\/\">www.swv.ch<\/a>).<\/p>\n<p>[\/et_pb_text][\/et_pb_column][et_pb_column type=\u00a0\u00bb1_2&Prime; _builder_version=\u00a0\u00bb4.16&Prime; _module_preset=\u00a0\u00bbdefault\u00a0\u00bb global_colors_info=\u00a0\u00bb{}\u00a0\u00bb][et_pb_image src=\u00a0\u00bbhttps:\/\/fan-info.ch\/wp-content\/uploads\/Ufererosion_Secklisbach_Wolfenschiessen_NW_2005-300&#215;225.jpg\u00a0\u00bb title_text=\u00a0\u00bbUfererosion_Secklisbach_Wolfenschiessen_NW_2005&Prime; _builder_version=\u00a0\u00bb4.16&Prime; _module_preset=\u00a0\u00bbdefault\u00a0\u00bb global_colors_info=\u00a0\u00bb{}\u00a0\u00bb][\/et_pb_image][et_pb_blurb title=\u00a0\u00bbGroupe de travail\u00a0\u00bb admin_label=\u00a0\u00bbArbeitsgruppe\u00a0\u00bb _builder_version=\u00a0\u00bb4.22.2&Prime; _module_preset=\u00a0\u00bbdefault\u00a0\u00bb background_color=\u00a0\u00bb#efefef\u00a0\u00bb custom_margin=\u00a0\u00bb0px|0px|20px|0px|false|false\u00a0\u00bb custom_padding=\u00a0\u00bb5px|5px|5px|5px|false|false\u00a0\u00bb box_shadow_style=\u00a0\u00bbpreset3&Prime; global_colors_info=\u00a0\u00bb{}\u00a0\u00bb]<\/p>\n<p>Lukas Hunzinger (Flussbau AG SAH), Annette Bachmann (CSD Ing\u00e9nieurs SA), Ralph Br\u00e4ndle (Sektion Naturgefahren Kanton St. Gallen), Paul D\u00e4ndliker (Abteilung Gefahrenpr\u00e4vention BAFU), David Jud (Meier und Partner AG), Mario Koksch (Verkehr und Infrastruktur Kanton Luzern)<\/p>\n<p>[\/et_pb_blurb][et_pb_blurb title=\u00a0\u00bbDocuments\u00a0\u00bb admin_label=\u00a0\u00bbDokumente\u00a0\u00bb _builder_version=\u00a0\u00bb4.22.2&Prime; _module_preset=\u00a0\u00bbdefault\u00a0\u00bb background_color=\u00a0\u00bb#efefef\u00a0\u00bb custom_margin=\u00a0\u00bb0px|0px|20px|0px|false|false\u00a0\u00bb custom_padding=\u00a0\u00bb5px|5px|5px|5px|false|false\u00a0\u00bb box_shadow_style=\u00a0\u00bbpreset3&Prime; global_colors_info=\u00a0\u00bb{}\u00a0\u00bb]<\/p>\n<p><a href=\"https:\/\/fan-info.ch\/wp-content\/uploads\/empfehlung_ufererosion_v32_151005.pdf\" rel=\"attachment wp-att-916\">Empfehlung Ufererosion<\/a><\/p>\n<p><a href=\"https:\/\/fan-info.ch\/wp-content\/uploads\/empfehlung_ufererosion_AnhangA_151005.pdf\" rel=\"attachment wp-att-910\">Anhang A<\/a><\/p>\n<p><a href=\"https:\/\/fan-info.ch\/wp-content\/uploads\/empfehlung_ufererosion_AnhangB_150914.pdf\" rel=\"attachment wp-att-913\">Anhang B<\/a><\/p>\n<p>[\/et_pb_blurb][\/et_pb_column][\/et_pb_row][\/et_pb_section]<\/p>\n","protected":false},"excerpt":{"rendered":"<p>Groupes de travail Conform\u00e9ment aux statuts (4.2.3), le comit\u00e9 FAN peut mettre en place des groupes de travail. Des th\u00e8mes sp\u00e9cifiques sont trait\u00e9s de mani\u00e8re approfondie dans les groupes de travail. Les travaux peuvent \u00eatre effectu\u00e9s \u00e0 titre gracieux ou partiellement r\u00e9mun\u00e9r\u00e9s. Les groupes de travail se composent g\u00e9n\u00e9ralement de repr\u00e9sentants du Comit\u00e9 FAN et [&hellip;]<\/p>\n","protected":false},"author":15,"featured_media":0,"parent":2213,"menu_order":0,"comment_status":"closed","ping_status":"closed","template":"","meta":{"_et_pb_use_builder":"on","_et_pb_old_content":"<p>Gem\u00e4ss <a href=\"https:\/\/fan-info.ch\/ueber-fan\/fan-statuten\/\" target=\"_blank\" rel=\"noopener\">Statuten<\/a> (4.2.3) kann der Ausschuss der FAN <strong>Arbeitsgruppen<\/strong> einsetzen. In Arbeitsgruppen werden spezifische Themen vertieft bearbeitet. Die Arbeiten k\u00f6nnen unentgeltlich oder teilweise bezahlt erfolgen. Arbeitsgruppen setzten sich typischerweise aus Vertreterinnen und Vertretern des Ausschusses sowie weiteren Fachexpertinnen und Fachexperten zusammen. In Sitzungen und Workshops werden Produkte (Publikationen) erarbeitet. Arbeitsgruppen k\u00f6nnen auch die Grundlagen f\u00fcr k\u00fcnftige Veranstaltungen erarbeiten.<\/p><p>\u00a0<\/p><p>\u00a0<\/p>","_et_gb_content_width":"","footnotes":""},"class_list":["post-3734","page","type-page","status-publish","hentry"],"_links":{"self":[{"href":"https:\/\/fan-info.ch\/fr\/wp-json\/wp\/v2\/pages\/3734","targetHints":{"allow":["GET"]}}],"collection":[{"href":"https:\/\/fan-info.ch\/fr\/wp-json\/wp\/v2\/pages"}],"about":[{"href":"https:\/\/fan-info.ch\/fr\/wp-json\/wp\/v2\/types\/page"}],"author":[{"embeddable":true,"href":"https:\/\/fan-info.ch\/fr\/wp-json\/wp\/v2\/users\/15"}],"replies":[{"embeddable":true,"href":"https:\/\/fan-info.ch\/fr\/wp-json\/wp\/v2\/comments?post=3734"}],"version-history":[{"count":22,"href":"https:\/\/fan-info.ch\/fr\/wp-json\/wp\/v2\/pages\/3734\/revisions"}],"predecessor-version":[{"id":8913,"href":"https:\/\/fan-info.ch\/fr\/wp-json\/wp\/v2\/pages\/3734\/revisions\/8913"}],"up":[{"embeddable":true,"href":"https:\/\/fan-info.ch\/fr\/wp-json\/wp\/v2\/pages\/2213"}],"wp:attachment":[{"href":"https:\/\/fan-info.ch\/fr\/wp-json\/wp\/v2\/media?parent=3734"}],"curies":[{"name":"wp","href":"https:\/\/api.w.org\/{rel}","templated":true}]}}