{"id":401,"date":"2019-05-21T07:04:37","date_gmt":"2019-05-21T07:04:37","guid":{"rendered":"https:\/\/fan-info.ch\/publikationen\/"},"modified":"2026-01-08T16:17:44","modified_gmt":"2026-01-08T15:17:44","slug":"publications","status":"publish","type":"page","link":"https:\/\/fan-info.ch\/fr\/publications\/","title":{"rendered":"Publications"},"content":{"rendered":"<p>[et_pb_section fb_built=\u00a0\u00bb1&Prime; _builder_version=\u00a0\u00bb4.16&Prime; global_colors_info=\u00a0\u00bb{}\u00a0\u00bb][et_pb_row _builder_version=\u00a0\u00bb4.27.4&Prime; background_size=\u00a0\u00bbinitial\u00a0\u00bb background_position=\u00a0\u00bbtop_left\u00a0\u00bb background_repeat=\u00a0\u00bbrepeat\u00a0\u00bb link_option_url=\u00a0\u00bbhttps:\/\/owncloud.fan-info.ch\/s\/iC1WX5bavHkX2Fb\u00a0\u00bb global_colors_info=\u00a0\u00bb{}\u00a0\u00bb][et_pb_column type=\u00a0\u00bb4_4&Prime; _builder_version=\u00a0\u00bb4.16&Prime; custom_padding=\u00a0\u00bb|||\u00a0\u00bb global_colors_info=\u00a0\u00bb{}\u00a0\u00bb custom_padding__hover=\u00a0\u00bb|||\u00a0\u00bb][et_pb_text admin_label=\u00a0\u00bbPublikationen\u00a0\u00bb _builder_version=\u00a0\u00bb4.27.4&Prime; hover_enabled=\u00a0\u00bb0&Prime; z_index_tablet=\u00a0\u00bb500&Prime; global_colors_info=\u00a0\u00bb{}\u00a0\u00bb sticky_enabled=\u00a0\u00bb0&Prime;]<\/p>\n<h1>Publications<\/h1>\n<p>L&rsquo;organe de publication officiel de la FAN est <a href=\"https:\/\/fan-info.ch\/fr\/publications\/agenda-de-la-fan\/\" target=\"_blank\" rel=\"noopener\">l&rsquo;Agenda FAN<\/a>. Elle para\u00eet 1 \u00e0 2 fois par an et contient des rapports int\u00e9ressants sur le th\u00e8me des dangers naturels. Tous les membres re\u00e7oivent une version papier.<a href=\"https:\/\/owncloud.fan-info.ch\/s\/h8kvPAvAjCEwvuI\" target=\"_blank\" rel=\"noopener\"> Cliquez ici pour acc\u00e9der \u00e0 l&rsquo;\u00e9dition actuelle.<\/a><\/p>\n<p>[\/et_pb_text][et_pb_divider _builder_version=\u00a0\u00bb4.16&Prime; hover_enabled=\u00a0\u00bb0&Prime; global_colors_info=\u00a0\u00bb{}\u00a0\u00bb sticky_enabled=\u00a0\u00bb0&Prime;][\/et_pb_divider][et_pb_text admin_label=\u00a0\u00bbDie FAN ver\u00f6ffentlicht auch weitere Publikationen, etwa&#8230;\u00a0\u00bb _builder_version=\u00a0\u00bb4.27.4&Prime; global_colors_info=\u00a0\u00bb{}\u00a0\u00bb]<\/p>\n<p>La FAN publie \u00e9galement<a href=\"https:\/\/fan-info.ch\/fr\/publications\/autres-publications\/\" target=\"_blank\" rel=\"noopener\"> d&rsquo;autres publications<\/a>, telles que des recommandations ou des aides pratiques, parfois en collaboration avec d&rsquo;autres organisations partenaires. Derni\u00e8re publication en date :<\/p>\n<p><\/p>\n<p><strong>2015: <a href=\"https:\/\/fan-info.ch\/fr\/publications\/autres-publications\/\" target=\"_blank\" rel=\"noopener noreferrer\">Empfehlung zur Beurteilung der Ufererosion<\/a><\/strong><\/p>\n<p><\/p>\n<p><strong>2019: <a href=\"https:\/\/fan-info.ch\/fr\/publications\/autres-publications\/\" target=\"_blank\" rel=\"noopener noreferrer\">Recommandations pour l\u2019\u00e9valuation des dangers d\u2019\u00e9rosion des berges des cours d\u2019eau<\/a><\/strong><\/p>\n<p>[\/et_pb_text][et_pb_divider _builder_version=\u00a0\u00bb4.16&Prime; global_colors_info=\u00a0\u00bb{}\u00a0\u00bb][\/et_pb_divider][et_pb_image src=\u00a0\u00bbhttps:\/\/fan-info.ch\/wp-content\/uploads\/Deckblatt_FAN_Agenda_02_25_1.jpg\u00a0\u00bb alt=\u00a0\u00bbFAN-Agenda 2\/2025&Prime; title_text=\u00a0\u00bbDeckblatt_FAN_Agenda_02_25_1&Prime; url=\u00a0\u00bbhttps:\/\/owncloud.fan-info.ch\/s\/h8kvPAvAjCEwvuI\u00a0\u00bb url_new_window=\u00a0\u00bbon\u00a0\u00bb align=\u00a0\u00bbcenter\u00a0\u00bb admin_label=\u00a0\u00bbFAN Agenda Bild\u00a0\u00bb _builder_version=\u00a0\u00bb4.27.4&Prime; hover_enabled=\u00a0\u00bb0&Prime; box_shadow_style=\u00a0\u00bbpreset2&Prime; global_colors_info=\u00a0\u00bb{}\u00a0\u00bb sticky_enabled=\u00a0\u00bb0&Prime;][\/et_pb_image][\/et_pb_column][\/et_pb_row][\/et_pb_section]<\/p>\n","protected":false},"excerpt":{"rendered":"<p>Publications L&rsquo;organe de publication officiel de la FAN est l&rsquo;Agenda FAN. Elle para\u00eet 1 \u00e0 2 fois par an et contient des rapports int\u00e9ressants sur le th\u00e8me des dangers naturels. Tous les membres re\u00e7oivent une version papier. Cliquez ici pour acc\u00e9der \u00e0 l&rsquo;\u00e9dition actuelle.La FAN publie \u00e9galement d&rsquo;autres publications, telles que des recommandations ou des [&hellip;]<\/p>\n","protected":false},"author":1,"featured_media":0,"parent":0,"menu_order":0,"comment_status":"closed","ping_status":"closed","template":"","meta":{"_et_pb_use_builder":"on","_et_pb_old_content":"","_et_gb_content_width":"","footnotes":""},"class_list":["post-401","page","type-page","status-publish","hentry"],"_links":{"self":[{"href":"https:\/\/fan-info.ch\/fr\/wp-json\/wp\/v2\/pages\/401","targetHints":{"allow":["GET"]}}],"collection":[{"href":"https:\/\/fan-info.ch\/fr\/wp-json\/wp\/v2\/pages"}],"about":[{"href":"https:\/\/fan-info.ch\/fr\/wp-json\/wp\/v2\/types\/page"}],"author":[{"embeddable":true,"href":"https:\/\/fan-info.ch\/fr\/wp-json\/wp\/v2\/users\/1"}],"replies":[{"embeddable":true,"href":"https:\/\/fan-info.ch\/fr\/wp-json\/wp\/v2\/comments?post=401"}],"version-history":[{"count":29,"href":"https:\/\/fan-info.ch\/fr\/wp-json\/wp\/v2\/pages\/401\/revisions"}],"predecessor-version":[{"id":9393,"href":"https:\/\/fan-info.ch\/fr\/wp-json\/wp\/v2\/pages\/401\/revisions\/9393"}],"wp:attachment":[{"href":"https:\/\/fan-info.ch\/fr\/wp-json\/wp\/v2\/media?parent=401"}],"curies":[{"name":"wp","href":"https:\/\/api.w.org\/{rel}","templated":true}]}}