{"id":417,"date":"2019-12-02T16:55:12","date_gmt":"2019-12-02T15:55:12","guid":{"rendered":"https:\/\/fan-info.ch\/?page_id=417"},"modified":"2025-06-26T09:55:31","modified_gmt":"2025-06-26T07:55:31","slug":"fan-herbstkurs","status":"publish","type":"page","link":"https:\/\/fan-info.ch\/fr\/evenements\/fan-herbstkurs\/","title":{"rendered":"Cours d&rsquo;automne FAN"},"content":{"rendered":"<p>[et_pb_section fb_built=\u00a0\u00bb1&Prime; _builder_version=\u00a0\u00bb4.16&Prime; global_colors_info=\u00a0\u00bb{}\u00a0\u00bb][et_pb_row _builder_version=\u00a0\u00bb4.16&Prime; global_colors_info=\u00a0\u00bb{}\u00a0\u00bb][et_pb_column type=\u00a0\u00bb4_4&Prime; _builder_version=\u00a0\u00bb4.16&Prime; global_colors_info=\u00a0\u00bb{}\u00a0\u00bb][et_pb_text admin_label=\u00a0\u00bbFAN-Herbstkurs\u00a0\u00bb _builder_version=\u00a0\u00bb4.22.2&Prime; _module_preset=\u00a0\u00bbdefault\u00a0\u00bb global_colors_info=\u00a0\u00bb{}\u00a0\u00bb]<\/p>\n<h3>Cours d&rsquo;automne FAN<\/h3>\n<p>[\/et_pb_text][et_pb_text admin_label=\u00a0\u00bbDer j\u00e4hrliche FAN-Herbstkurs ist das traditionelle Herzst\u00fcck des Weiterbildungsangebots der&#8230;\u00a0\u00bb _builder_version=\u00a0\u00bb4.22.2&Prime; global_colors_info=\u00a0\u00bb{}\u00a0\u00bb]Le cours d&rsquo;automne annuel de la FAN est <strong>le c\u0153ur traditionnel du programme de formation continue<\/strong> pour les sp\u00e9cialistes des dangers naturels (FAN). Il traite d&rsquo;un sujet sp\u00e9cifique \u00e0 travers des conf\u00e9rences, des excursions, des ateliers et des discussions. Le cours dure g\u00e9n\u00e9ralement <strong>deux jours<\/strong> (jeudi et vendredi) et offre donc \u00e9galement un espace pour \u00e9changer des id\u00e9es et \u00e9tablir et maintenir des contacts. Le cours d&rsquo;automne a lieu entre septembre et novembre.[\/et_pb_text][et_pb_text admin_label=\u00a0\u00bbKommender FAN-Herbstkurs:\u00a0\u00bb _builder_version=\u00a0\u00bb4.27.4&Prime; hover_enabled=\u00a0\u00bb0&Prime; global_colors_info=\u00a0\u00bb{}\u00a0\u00bb disabled_on=\u00a0\u00bbon|on|on\u00a0\u00bb disabled=\u00a0\u00bbon\u00a0\u00bb sticky_enabled=\u00a0\u00bb0&Prime;]<\/p>\n<p>Prochain cours d&rsquo;automne de la FAN:\u00a0<\/p>\n<p><\/p>\n<p class=\"entry-title\"><a href=\"https:\/\/fan-info.ch\/fr\/?post_type=event&amp;p=8702\" target=\"_blank\" rel=\"noopener\">Cours d\u2019automne FAN 2024 \u2013 Inspection des ouvrages de protection vieillissants<\/a><\/p>\n<p><\/p>\n<p>&nbsp;<\/p>\n<p>[\/et_pb_text][et_pb_code _builder_version=\u00a0\u00bb4.27.4&Prime; _module_preset=\u00a0\u00bbdefault\u00a0\u00bb global_colors_info=\u00a0\u00bb{}\u00a0\u00bb]<pee>Prochain cours d&rsquo;automne de la FAN:<!\u2013- [et_pb_br_holder] -\u2013><div class=\"em em-view-container\" id=\"em-view-701598332\" data-view=\"list\">\r\n\t<div class=\"em em-list em-events-list\" id=\"em-events-list-701598332\" data-view-id=\"701598332\">\r\n\tAucun \u00e9v\u00e9nement\t<\/div>\r\n<\/div><\/pee>[\/et_pb_code][et_pb_text admin_label=\u00a0\u00bbVergangene FAN-Herbstkurse:\u00a0\u00bb _builder_version=\u00a0\u00bb4.22.2&Prime; global_colors_info=\u00a0\u00bb{}\u00a0\u00bb]<\/p>\n<p>Cours d&rsquo;automne FAN pass\u00e9s:<\/p>\n<p><\/p>\nAucun \u00e9v\u00e9nement\n<p>[\/et_pb_text][et_pb_text admin_label=\u00a0\u00bbKursunterlagen vergangener Herbstkurse (Archiv)\u00a0\u00bb _builder_version=\u00a0\u00bb4.27.4&Prime; _module_preset=\u00a0\u00bbdefault\u00a0\u00bb global_colors_info=\u00a0\u00bb{}\u00a0\u00bb]<\/p>\n<h3>Archiv<\/h3>\n<p><\/p>\n<h3>\u00a0<\/h3>\n<p><\/p>\n<p><a href=\"https:\/\/owncloud.fan-info.ch\/s\/IVlIkEd9HrpUwAB\" target=\"_blank\" rel=\"noopener\">Documentation des cours d&rsquo;automne pr\u00e9c\u00e9dents\u00a0<\/a><\/p>\n<p>[\/et_pb_text][\/et_pb_column][\/et_pb_row][\/et_pb_section]<\/p>\n","protected":false},"excerpt":{"rendered":"<p>Cours d&rsquo;automne FANLe cours d&rsquo;automne annuel de la FAN est le c\u0153ur traditionnel du programme de formation continue pour les sp\u00e9cialistes des dangers naturels (FAN). Il traite d&rsquo;un sujet sp\u00e9cifique \u00e0 travers des conf\u00e9rences, des excursions, des ateliers et des discussions. Le cours dure g\u00e9n\u00e9ralement deux jours (jeudi et vendredi) et offre donc \u00e9galement un [&hellip;]<\/p>\n","protected":false},"author":15,"featured_media":0,"parent":1057,"menu_order":0,"comment_status":"closed","ping_status":"closed","template":"","meta":{"_et_pb_use_builder":"on","_et_pb_old_content":"","_et_gb_content_width":"","footnotes":""},"class_list":["post-417","page","type-page","status-publish","hentry"],"_links":{"self":[{"href":"https:\/\/fan-info.ch\/fr\/wp-json\/wp\/v2\/pages\/417","targetHints":{"allow":["GET"]}}],"collection":[{"href":"https:\/\/fan-info.ch\/fr\/wp-json\/wp\/v2\/pages"}],"about":[{"href":"https:\/\/fan-info.ch\/fr\/wp-json\/wp\/v2\/types\/page"}],"author":[{"embeddable":true,"href":"https:\/\/fan-info.ch\/fr\/wp-json\/wp\/v2\/users\/15"}],"replies":[{"embeddable":true,"href":"https:\/\/fan-info.ch\/fr\/wp-json\/wp\/v2\/comments?post=417"}],"version-history":[{"count":23,"href":"https:\/\/fan-info.ch\/fr\/wp-json\/wp\/v2\/pages\/417\/revisions"}],"predecessor-version":[{"id":8788,"href":"https:\/\/fan-info.ch\/fr\/wp-json\/wp\/v2\/pages\/417\/revisions\/8788"}],"up":[{"embeddable":true,"href":"https:\/\/fan-info.ch\/fr\/wp-json\/wp\/v2\/pages\/1057"}],"wp:attachment":[{"href":"https:\/\/fan-info.ch\/fr\/wp-json\/wp\/v2\/media?parent=417"}],"curies":[{"name":"wp","href":"https:\/\/api.w.org\/{rel}","templated":true}]}}