{"id":9596,"date":"2026-02-05T14:25:46","date_gmt":"2026-02-05T13:25:46","guid":{"rendered":"https:\/\/fan-info.ch\/?page_id=9596"},"modified":"2026-02-05T14:25:46","modified_gmt":"2026-02-05T13:25:46","slug":"groupes-de-travail-fan","status":"publish","type":"page","link":"https:\/\/fan-info.ch\/fr\/a-propos-de-fan\/groupes-de-travail\/groupes-de-travail-fan\/","title":{"rendered":"Groupes de travail FAN"},"content":{"rendered":"<p>[et_pb_section fb_built=\u00a0\u00bb1&Prime; _builder_version=\u00a0\u00bb4.16&Prime; global_colors_info=\u00a0\u00bb{}\u00a0\u00bb][et_pb_row _builder_version=\u00a0\u00bb4.16&Prime; background_size=\u00a0\u00bbinitial\u00a0\u00bb background_position=\u00a0\u00bbtop_left\u00a0\u00bb background_repeat=\u00a0\u00bbrepeat\u00a0\u00bb global_colors_info=\u00a0\u00bb{}\u00a0\u00bb][et_pb_column type=\u00a0\u00bb4_4&Prime; _builder_version=\u00a0\u00bb4.16&Prime; custom_padding=\u00a0\u00bb|||\u00a0\u00bb global_colors_info=\u00a0\u00bb{}\u00a0\u00bb custom_padding__hover=\u00a0\u00bb|||\u00a0\u00bb][et_pb_text admin_label=\u00a0\u00bbGrundsatz\u00a0\u00bb _builder_version=\u00a0\u00bb4.27.5&Prime; background_size=\u00a0\u00bbinitial\u00a0\u00bb background_position=\u00a0\u00bbtop_left\u00a0\u00bb background_repeat=\u00a0\u00bbrepeat\u00a0\u00bb global_colors_info=\u00a0\u00bb{}\u00a0\u00bb]<\/p>\n<p>Conform\u00e9ment aux <a href=\"https:\/\/fan-info.ch\/fr\/a-propos-de-fan\/statuts\/\" target=\"_blank\" rel=\"noopener noreferrer\">statuts<\/a> (4.2.3), le <a href=\"https:\/\/fan-info.ch\/fr\/a-propos-de-fan\/vorstand-ausschuss\/\" target=\"_blank\" rel=\"noopener noreferrer\">comit\u00e9 FAN<\/a> peut mettre en place des <strong>groupes de travail<\/strong>. Les groupes de travail permettent d&rsquo;approfondir des th\u00e8mes sp\u00e9cifiques. Le travail peut \u00eatre effectu\u00e9 \u00e0 titre gracieux ou \u00eatre partiellement r\u00e9mun\u00e9r\u00e9. Les groupes de travail sont g\u00e9n\u00e9ralement compos\u00e9s de repr\u00e9sentants du comit\u00e9 FAN et d&rsquo;autres experts. Les produits (notamment les <a href=\"https:\/\/fan-info.ch\/fr\/publications\/\" target=\"_blank\" rel=\"noopener noreferrer\">publications<\/a>) sont \u00e9labor\u00e9s lors de r\u00e9unions et d&rsquo;ateliers. Les groupes de travail peuvent \u00e9galement pr\u00e9parer le terrain pour de futurs \u00e9v\u00e9nements.[\/et_pb_text][et_pb_divider _builder_version=\u00a0\u00bb4.27.5&Prime; _module_preset=\u00a0\u00bbdefault\u00a0\u00bb global_colors_info=\u00a0\u00bb{}\u00a0\u00bb][\/et_pb_divider][et_pb_text admin_label=\u00a0\u00bbAktuelle Arbeitsgruppen\u00a0\u00bb _builder_version=\u00a0\u00bb4.27.5&Prime; _module_preset=\u00a0\u00bbdefault\u00a0\u00bb global_colors_info=\u00a0\u00bb{}\u00a0\u00bb]<\/p>\n<h3>Groupes de travail actuels<\/h3>\n<p>[\/et_pb_text][et_pb_text _builder_version=\u00a0\u00bb4.27.5&Prime; _module_preset=\u00a0\u00bbdefault\u00a0\u00bb global_colors_info=\u00a0\u00bb{}\u00a0\u00bb]<\/p>\n<h4>Groupe de travail \u00ab \u00c9valuation des dangers li\u00e9s aux torrents \u00bb<\/h4>\n<p><\/p>\n<p>En 2021, la FAN a cr\u00e9\u00e9 un groupe de travail afin de discuter des moyens de garantir et d&rsquo;am\u00e9liorer la qualit\u00e9 des \u00e9valuations des torrents.[\/et_pb_text][et_pb_divider _builder_version=\u00a0\u00bb4.27.5&Prime; _module_preset=\u00a0\u00bbdefault\u00a0\u00bb global_colors_info=\u00a0\u00bb{}\u00a0\u00bb][\/et_pb_divider][et_pb_text admin_label=\u00a0\u00bbEhemalige Arbeitsgruppen\u00a0\u00bb _builder_version=\u00a0\u00bb4.27.5&Prime; _module_preset=\u00a0\u00bbdefault\u00a0\u00bb global_colors_info=\u00a0\u00bb{}\u00a0\u00bb]<\/p>\n<h3>Anciens groupes de travail<\/h3>\n<p>[\/et_pb_text][et_pb_text _builder_version=\u00a0\u00bb4.27.5&Prime; _module_preset=\u00a0\u00bbdefault\u00a0\u00bb global_colors_info=\u00a0\u00bb{}\u00a0\u00bb]<\/p>\n<h4>\u00c9rosion des berges<\/h4>\n<p><\/p>\n<p>Les sp\u00e9cialistes des dangers naturels (FAN) et la Commission pour la protection contre les crues, l&rsquo;am\u00e9nagement des cours d&rsquo;eau et l&rsquo;entretien des eaux (KOHS) ont \u00e9labor\u00e9 une recommandation pour \u00e9valuer le risque d&rsquo;\u00e9rosion des berges des cours d&rsquo;eau.[\/et_pb_text][\/et_pb_column][\/et_pb_row][\/et_pb_section]<\/p>\n","protected":false},"excerpt":{"rendered":"<p>Conform\u00e9ment aux statuts (4.2.3), le comit\u00e9 FAN peut mettre en place des groupes de travail. Les groupes de travail permettent d&rsquo;approfondir des th\u00e8mes sp\u00e9cifiques. Le travail peut \u00eatre effectu\u00e9 \u00e0 titre gracieux ou \u00eatre partiellement r\u00e9mun\u00e9r\u00e9. Les groupes de travail sont g\u00e9n\u00e9ralement compos\u00e9s de repr\u00e9sentants du comit\u00e9 FAN et d&rsquo;autres experts. Les produits (notamment les [&hellip;]<\/p>\n","protected":false},"author":15,"featured_media":0,"parent":3734,"menu_order":0,"comment_status":"closed","ping_status":"closed","template":"","meta":{"_et_pb_use_builder":"on","_et_pb_old_content":"<p>Gem\u00e4ss <a href=\"https:\/\/fan-info.ch\/ueber-fan\/fan-statuten\/\" target=\"_blank\" rel=\"noopener noreferrer\">Statuten<\/a> (4.2.3) kann der <a href=\"https:\/\/fan-info.ch\/ueber-fan\/vorstand\/\" target=\"_blank\" rel=\"noopener noreferrer\">FAN-Ausschuss<\/a> <strong>Arbeitsgruppen<\/strong> einsetzen. In Arbeitsgruppen werden spezifische Themen vertieft bearbeitet. Die Arbeiten k\u00f6nnen unentgeltlich oder teilweise bezahlt erfolgen. Arbeitsgruppen setzen sich typischerweise aus Vertreterinnen und Vertretern des FAN-Ausschusses sowie weiteren Fachexpertinnen und Fachexperten zusammen. In Sitzungen und Workshops werden Produkte (u.a. <a href=\"https:\/\/fan-info.ch\/publikationen\/\" target=\"_blank\" rel=\"noopener noreferrer\">Publikationen<\/a>) erarbeitet. Arbeitsgruppen k\u00f6nnen auch die Grundlagen f\u00fcr k\u00fcnftige Veranstaltungen erarbeiten.<\/p>","_et_gb_content_width":"","footnotes":""},"class_list":["post-9596","page","type-page","status-publish","hentry"],"_links":{"self":[{"href":"https:\/\/fan-info.ch\/fr\/wp-json\/wp\/v2\/pages\/9596","targetHints":{"allow":["GET"]}}],"collection":[{"href":"https:\/\/fan-info.ch\/fr\/wp-json\/wp\/v2\/pages"}],"about":[{"href":"https:\/\/fan-info.ch\/fr\/wp-json\/wp\/v2\/types\/page"}],"author":[{"embeddable":true,"href":"https:\/\/fan-info.ch\/fr\/wp-json\/wp\/v2\/users\/15"}],"replies":[{"embeddable":true,"href":"https:\/\/fan-info.ch\/fr\/wp-json\/wp\/v2\/comments?post=9596"}],"version-history":[{"count":7,"href":"https:\/\/fan-info.ch\/fr\/wp-json\/wp\/v2\/pages\/9596\/revisions"}],"predecessor-version":[{"id":9665,"href":"https:\/\/fan-info.ch\/fr\/wp-json\/wp\/v2\/pages\/9596\/revisions\/9665"}],"up":[{"embeddable":true,"href":"https:\/\/fan-info.ch\/fr\/wp-json\/wp\/v2\/pages\/3734"}],"wp:attachment":[{"href":"https:\/\/fan-info.ch\/fr\/wp-json\/wp\/v2\/media?parent=9596"}],"curies":[{"name":"wp","href":"https:\/\/api.w.org\/{rel}","templated":true}]}}