{"id":2229,"date":"2020-07-13T17:24:59","date_gmt":"2020-07-13T15:24:59","guid":{"rendered":"https:\/\/fan-info.ch\/eventi\/fan-corso-pratico\/"},"modified":"2026-03-20T09:20:25","modified_gmt":"2026-03-20T08:20:25","slug":"fan-corso-pratico","status":"publish","type":"page","link":"https:\/\/fan-info.ch\/it\/eventi\/fan-corso-pratico\/","title":{"rendered":"FAN-Corso pratico"},"content":{"rendered":"<p><a href=\"https:\/\/fan-info.ch\/wp-content\/uploads\/190627_11_FAN-Praxiskurs_cg-scaled.jpg\"><img loading=\"lazy\" decoding=\"async\" class=\"aligncenter size-large wp-image-2956\" src=\"https:\/\/fan-info.ch\/wp-content\/uploads\/190627_11_FAN-Praxiskurs_cg-1024x768.jpg\" alt=\"\" width=\"1024\" height=\"768\" srcset=\"https:\/\/fan-info.ch\/wp-content\/uploads\/190627_11_FAN-Praxiskurs_cg-980x735.jpg 980w, https:\/\/fan-info.ch\/wp-content\/uploads\/190627_11_FAN-Praxiskurs_cg-480x360.jpg 480w\" sizes=\"(min-width: 0px) and (max-width: 480px) 480px, (min-width: 481px) and (max-width: 980px) 980px, (min-width: 981px) 1024px, 100vw\" \/><\/a> <strong>Il corso di formazione avanzata &#8220;Valutazione dei pericoli naturali di origine gravitazionale&#8221; del<\/strong> <a href=\"http:\/\/www.fan-info.ch\">Fachleute Naturgefahren Schweiz (FAN)<\/a> per conto del <a href=\"https:\/\/www.bafu.admin.ch\">Bundesamtes f\u00fcr Umwelt (BAFU)<\/a> offre a chi inizia una carriera con poca esperienza pratica nella valutazione dei pericoli l&#8217;opportunit\u00e0 di acquisire le conoscenze necessarie. Un team di esperti di pericoli naturali offre ai partecipanti l&#8217;opportunit\u00e0 di acquisire una competenza completa nella valutazione dei processi di pericolo naturale gravitazionale nell&#8217;ambito di esercitazioni, di allenare le competenze corrispondenti su casi di studio, al fine di essere in grado di applicare quanto appreso in modo mirato nella loro vita lavorativa quotidiana in futuro.<\/p>\n<p>Durante una settimana, un totale di <strong>sei moduli<\/strong> (inizialmente in tedesco) sono offerti a un massimo di <strong>60 partecipanti<\/strong>: un modulo di base obbligatorio il primo giorno, cos\u00ec come i moduli di processo liberamente selezionabili su cadute, frane, torrenti, acque correnti e valanghe, due volte in 2 giorni ciascuno.<\/p>\n<p>Il corso di 5 giorni \u00e8 orientato alla pratica e comprende attivit\u00e0 sia all&#8217;interno che all&#8217;esterno. Il tempo di preparazione prima del corso \u00e8 di circa un giorno lavorativo. L&#8217;iscrizione \u00e8 aperta ai membri e ai non membri della FAN interessati. La lingua del corso \u00e8 il tedesco. Il corso si svolge ogni anno a <strong>Grindelwald<\/strong>.<\/p>\n<p data-section-id=\"1tv1ucj\" data-start=\"1836\" data-end=\"1867\"><strong>Prossimo corso pratico FAN:<\/strong><\/p>\n<p>Il corso pratico si terr\u00e0 da luned\u00ec <strong>18 a venerd\u00ec 22 maggio 2026<\/strong> a Grindelwald.<\/p>\n<p data-start=\"1949\" data-end=\"2061\">Informeremo sull\u2019apertura delle iscrizioni tramite newsletter.\u00a0Se non vi siete ancora registrati, potete farlo <a href=\"https:\/\/fan-info.ch\/it\/login\/\" target=\"_blank\" rel=\"noopener\">qui<\/a>.<\/p>\n<div class=\"em em-view-container\" id=\"em-view-1495411517\" data-view=\"list\">\r\n\t<div class=\"em em-list em-events-list\" id=\"em-events-list-1495411517\" data-view-id=\"1495411517\">\r\n\tNessun evento\t<\/div>\r\n<\/div>\n","protected":false},"excerpt":{"rendered":"<p>Il corso di formazione avanzata &#8220;Valutazione dei pericoli naturali di origine gravitazionale&#8221; del Fachleute Naturgefahren Schweiz (FAN) per conto del Bundesamtes f\u00fcr Umwelt (BAFU) offre a chi inizia una carriera con poca esperienza pratica nella valutazione dei pericoli l&#8217;opportunit\u00e0 di acquisire le conoscenze necessarie. Un team di esperti di pericoli naturali offre ai partecipanti l&#8217;opportunit\u00e0 [&hellip;]<\/p>\n","protected":false},"author":15,"featured_media":0,"parent":1058,"menu_order":0,"comment_status":"closed","ping_status":"closed","template":"","meta":{"_et_pb_use_builder":"","_et_pb_old_content":"","_et_gb_content_width":"","footnotes":""},"class_list":["post-2229","page","type-page","status-publish","hentry"],"_links":{"self":[{"href":"https:\/\/fan-info.ch\/it\/wp-json\/wp\/v2\/pages\/2229","targetHints":{"allow":["GET"]}}],"collection":[{"href":"https:\/\/fan-info.ch\/it\/wp-json\/wp\/v2\/pages"}],"about":[{"href":"https:\/\/fan-info.ch\/it\/wp-json\/wp\/v2\/types\/page"}],"author":[{"embeddable":true,"href":"https:\/\/fan-info.ch\/it\/wp-json\/wp\/v2\/users\/15"}],"replies":[{"embeddable":true,"href":"https:\/\/fan-info.ch\/it\/wp-json\/wp\/v2\/comments?post=2229"}],"version-history":[{"count":12,"href":"https:\/\/fan-info.ch\/it\/wp-json\/wp\/v2\/pages\/2229\/revisions"}],"predecessor-version":[{"id":10052,"href":"https:\/\/fan-info.ch\/it\/wp-json\/wp\/v2\/pages\/2229\/revisions\/10052"}],"up":[{"embeddable":true,"href":"https:\/\/fan-info.ch\/it\/wp-json\/wp\/v2\/pages\/1058"}],"wp:attachment":[{"href":"https:\/\/fan-info.ch\/it\/wp-json\/wp\/v2\/media?parent=2229"}],"curies":[{"name":"wp","href":"https:\/\/api.w.org\/{rel}","templated":true}]}}