{"id":2284,"date":"2020-07-14T09:15:19","date_gmt":"2020-07-14T07:15:19","guid":{"rendered":"https:\/\/fan-info.ch\/publikationen\/agenda-fan\/"},"modified":"2026-01-08T16:35:22","modified_gmt":"2026-01-08T15:35:22","slug":"agenda-fan","status":"publish","type":"page","link":"https:\/\/fan-info.ch\/it\/publikationen\/agenda-fan\/","title":{"rendered":"Agenda della FAN"},"content":{"rendered":"<p>[et_pb_section fb_built=&#8221;1&#8243; _builder_version=&#8221;4.16&#8243; global_colors_info=&#8221;{}&#8221;][et_pb_row _builder_version=&#8221;4.16&#8243; global_colors_info=&#8221;{}&#8221;][et_pb_column type=&#8221;4_4&#8243; _builder_version=&#8221;4.16&#8243; global_colors_info=&#8221;{}&#8221;][et_pb_text admin_label=&#8221;FAN-Agenda&#8221; _builder_version=&#8221;4.27.4&#8243; link_option_url=&#8221;https:\/\/owncloud.fan-info.ch\/s\/iC1WX5bavHkX2Fb&#8221; global_colors_info=&#8221;{}&#8221;]<\/p>\n<h1>FAN-Agenda<\/h1>\n<p>La pubblicazione ufficiale della FAN \u00e8 l&#8217;Agenda FAN. Viene pubblicata 1-2 volte l&#8217;anno con interessanti relazioni sul tema dei pericoli naturali. Tutti i membri ricevono una versione cartacea. <a href=\"https:\/\/owncloud.fan-info.ch\/s\/h8kvPAvAjCEwvuI\" target=\"_blank\" rel=\"noopener\">Cliccare qui per il numero attuale.<\/a><\/p>\n<p>[\/et_pb_text][et_pb_image src=&#8221;https:\/\/fan-info.ch\/wp-content\/uploads\/Deckblatt_FAN_Agenda_02_25_1.jpg&#8221; alt=&#8221;FAN-Agenda 2\/2025&#8243; title_text=&#8221;Deckblatt_FAN_Agenda_02_25_1&#8243; url=&#8221;https:\/\/owncloud.fan-info.ch\/s\/h8kvPAvAjCEwvuI&#8221; url_new_window=&#8221;on&#8221; align=&#8221;center&#8221; admin_label=&#8221;FAN Agenda Bild&#8221; _builder_version=&#8221;4.27.4&#8243; box_shadow_style=&#8221;preset2&#8243; locked=&#8221;off&#8221; global_colors_info=&#8221;{}&#8221;][\/et_pb_image][\/et_pb_column][\/et_pb_row][et_pb_row column_structure=&#8221;1_2,1_2&#8243; _builder_version=&#8221;4.16&#8243; background_size=&#8221;initial&#8221; background_position=&#8221;top_left&#8221; background_repeat=&#8221;repeat&#8221; global_colors_info=&#8221;{}&#8221;][et_pb_column type=&#8221;1_2&#8243; _builder_version=&#8221;4.16&#8243; custom_padding=&#8221;|||&#8221; global_colors_info=&#8221;{}&#8221; custom_padding__hover=&#8221;|||&#8221;][et_pb_text admin_label=&#8221;Redaktion FAN-Agenda&#8221; _builder_version=&#8221;4.27.4&#8243; global_colors_info=&#8221;{}&#8221;]<\/p>\n<h2>Redazione FAN-Agenda<\/h2>\n<ul>\n<li>Alexandre Badoux, WSL, Birmensdorf<\/li>\n<li>Martin Frei, MFrei Infra GmbH, Amriswil<\/li>\n<li><span class=\"name\">Alexander Dominik Ezuma May<\/span>, Zollikofen<\/li>\n<li>Maja Stucki, BAFU, Ittigen<\/li>\n<\/ul>\n<p>[\/et_pb_text][et_pb_text admin_label=&#8221;Layout FAN-Agenda&#8221; _builder_version=&#8221;4.24.2&#8243; global_colors_info=&#8221;{}&#8221;]<\/p>\n<p>Layout FAN Agenda<br \/>Universit\u00e0 di Scienze Applicate di Berna BFH, Scuola di Scienze Agrarie, Forestali e Alimentari HAFL, Zollikofen<\/p>\n<p><a href=\"https:\/\/owncloud.fan-info.ch\/s\/N3v3BBpAc7t4qc0\" target=\"_blank\" rel=\"noopener\">Informazioni di accompagnamento &#8211; Scrivere un articolo FAN<\/a><\/p>\n<p>[\/et_pb_text][\/et_pb_column][et_pb_column type=&#8221;1_2&#8243; _builder_version=&#8221;4.16&#8243; custom_padding=&#8221;|||&#8221; global_colors_info=&#8221;{}&#8221; custom_padding__hover=&#8221;|||&#8221;][et_pb_text admin_label=&#8221;Kontakt&#8221; _builder_version=&#8221;4.22.2&#8243; global_colors_info=&#8221;{}&#8221;]<\/p>\n<h2>Contattateci<\/h2>\n<p><strong>Meldungen, Beitr\u00e4ge <\/strong>und <strong>Anfragen<\/strong> betreffend <strong>FAN-Agenda<\/strong> sind zu richten an:<\/p>\n<p>Alexandre Badoux<br \/>Eidgen\u00f6ssische Forschungsanstalt f\u00fcr Wald, Schnee und Landschaft WSL<br \/>Gebirgshydrologie und Massenbewegung<br \/>Z\u00fcrcherstrasse 111<br \/>8903 Birmensdorf<br \/>Tel. 044 739 2283<br \/>E-Mail: alexandre.badoux(at)wsl.ch<\/p>\n<p>[\/et_pb_text][\/et_pb_column][\/et_pb_row][et_pb_row _builder_version=&#8221;4.16&#8243; global_colors_info=&#8221;{}&#8221;][et_pb_column type=&#8221;4_4&#8243; _builder_version=&#8221;4.16&#8243; global_colors_info=&#8221;{}&#8221;][et_pb_text admin_label=&#8221;Fr\u00fchere Ausgaben&#8221; _builder_version=&#8221;4.27.4&#8243; global_colors_info=&#8221;{}&#8221;]<\/p>\n<h2>Numeri precedenti:<\/h2>\n<p>[\/et_pb_text][et_pb_text admin_label=&#8221;Auflistung&#8221; _builder_version=&#8221;4.27.4&#8243; hover_enabled=&#8221;0&#8243; global_colors_info=&#8221;{}&#8221; sticky_enabled=&#8221;0&#8243;]<\/p>\n<ul>\n<li>1\/2025: <a href=\"https:\/\/owncloud.fan-info.ch\/s\/PkvoBhfhI5r77BL\" target=\"_blank\" rel=\"noopener\">Beitr\u00e4ge zum FAN-Forum 2025 &#8211; Digitalisierung und K\u00fcnstliche Intelligenz im Naturgefahrenmanagement \/ Artikel aus der Fachgemeinschaft (Lawinenkartierung \/ EconoMe \/ Hochwasserschutz Alpenrhein \/ Anrissm\u00e4chtigkeit flachgr\u00fcndige Rutschungen \/ Kurven\u00fcberh\u00f6hung Mug\u00e4nge \/ Corps Suisse d&#8217;aide humanitaire \/ Veranstaltungen des BAFU)<\/a><\/li>\n<li>2\/2024: <a href=\"https:\/\/owncloud.fan-info.ch\/s\/k6kJzGY1tsk4bAZ\" target=\"_blank\" rel=\"noopener\">R\u00fcckblick FAN-Herbstkurs 2024 \/ Fachtagung Wildb\u00e4che 2024 \/ Reaktivierte Rutschung Ah\u00f6rndler, Wattenwil\u00a0<\/a><\/li>\n<li>1\/2024: <a href=\"https:\/\/owncloud.fan-info.ch\/s\/LY8KtPGLuCUcW0y\" target=\"_blank\" rel=\"noopener\">Beitr\u00e4ge zum FAN-Forum 2024 \u2013 Flutkatastrophen in Deutschland, Frankreich, \u00d6sterreich und Italien<\/a><\/li>\n<li>2\/2023: <a href=\"https:\/\/owncloud.fan-info.ch\/s\/5tdj0go5vyb9DT3\" target=\"_blank\" rel=\"noopener\">Nachtr\u00e4ge zum FAN-Forum 2023 \u2013 Einsatz von Satellitendaten im Risikomanagement von Naturgefahren<\/a><\/li>\n<li>1\/2023: <a href=\"https:\/\/owncloud.fan-info.ch\/s\/g1b3aiTuT7EPIrA\" target=\"_blank\" rel=\"noopener\">Beitr\u00e4ge zum FAN-Forum 2023 \/ \u00dcberwachung Instabilit\u00e4t &#8220;Spitze Stei&#8221; \/ SIA 101 \/ FAN-Kleinforen\u00a0<\/a><\/li>\n<li>2\/2022: <a href=\"https:\/\/fan-info.ch\/wp-content\/uploads\/FAN-Agenda_22_2.pdf\">Schutzwaldpflege in Einzugsgebieten \/ Umgang mit alternden Schutzsystemen \/ Beurteilung der Gefahr und des Risikos Hochwasser in Emmental<\/a><\/li>\n<li>1\/2022: <a href=\"https:\/\/fan-info.ch\/wp-content\/uploads\/FAN-Agenda_22_1.pdf\">R\u00fcckblick FAN-Forum 2022 \/ Unsicherheiten in der Gefahrenbeurteilung von Hangmuren \/ Empfehlung zur Beurteilung von Gef\u00e4hrdung an Hangkanten \/ Verj\u00fcngungsentwicklung in einem Gerinneeinhang-Schutzwald<\/a><\/li>\n<li>2\/2021: <a href=\"https:\/\/fan-info.ch\/wp-content\/uploads\/FAN-Agenda_21_2.pdf\" target=\"_blank\" rel=\"noopener\">Modellierung Hangmuren in bewaldetem Gebiet (RAMMS) \/ Klimawandelauswirkungen auf Murg\u00e4nge und Setimentfrachten Illgraben \/ neue SIA Norm \/ Praxishilfe Murgang und Hanmurenschutznetze (d, f, e)<\/a><\/li>\n<li>1\/2021: <a href=\"https:\/\/fan-info.ch\/wp-content\/uploads\/FAN-Agenda_21_1.pdf\">Ist der Bund gewappnet f\u00fcr Herausforderungen im Bereich Naturgefahren? \/ RadNAP \/ Bergsturzszenarien bei der Rutschung Brienz\/Brinzauls (GR) \/ und vieles mehr<\/a><\/li>\n<li>2\/2020: <a href=\"https:\/\/fan-info.ch\/wp-content\/uploads\/FAN-Agenda_20_2.pdf\" target=\"_blank\" rel=\"noopener noreferrer\">R\u00fcckblick FAN-Kleinforum Modellierungen \/ Angewandte 3D-Murgang- und Hangmurensimulation \/ Gefahrenkarten in der Schweiz \u2013 Entwicklung und Umsetzung \/ und vieles mehr<\/a><\/li>\n<li>1\/2020: <a href=\"https:\/\/fan-info.ch\/wp-content\/uploads\/FAN-Agenda_20_1.pdf\" target=\"_blank\" rel=\"noopener noreferrer\">FAN-Forum<\/a><a href=\"https:\/\/fan-info.ch\/wp-content\/uploads\/FAN-Agenda_20_1.pdf\" target=\"_blank\" rel=\"noopener noreferrer\"> 2020 \/ Umgang mit<\/a><a href=\"https:\/\/fan-info.ch\/wp-content\/uploads\/FAN-Agenda_20_1.pdf\" target=\"_blank\" rel=\"noopener noreferrer\"> Klimaszenarien<\/a><\/li>\n<li>2\/2019: <a href=\"https:\/\/fan-info.ch\/wp-content\/uploads\/FAN-Agenda_19_2.pdf\" target=\"_blank\" rel=\"noopener noreferrer\">Steinschlag, Schwemmholz und Verbau<\/a><\/li>\n<li>1\/2019: <a href=\"https:\/\/fan-info.ch\/wp-content\/uploads\/FAN-Agenda_19_1.pdf\" target=\"_blank\" rel=\"noopener noreferrer\">FAN Forum 2019: Aktueller Umgang mit Oberfl\u00e4chenabfluss<\/a><\/li>\n<li>2\/2018: <a href=\"https:\/\/fan-info.ch\/wp-content\/uploads\/FAN-Agenda_18_2.pdf\" target=\"_blank\" rel=\"noopener noreferrer\">Ganzheitlichen Schutz vor Naturgefahren<\/a><\/li>\n<li>1\/2018: <a href=\"https:\/\/fan-info.ch\/wp-content\/uploads\/FAN-Agenda_18_1.pdf\" target=\"_blank\" rel=\"noopener noreferrer\">FAN Forum 2018 \/ wie gut ist gut genug<\/a><\/li>\n<li>2\/2017: <a href=\"https:\/\/fan-info.ch\/wp-content\/uploads\/FAN-Agenda_17_2.pdf\" target=\"_blank\" rel=\"noopener noreferrer\">Vegetation und Naturgefahren<\/a><\/li>\n<li>1\/2017: <a href=\"https:\/\/fan-info.ch\/wp-content\/uploads\/FAN-Agenda_17_1.pdf\" target=\"_blank\" rel=\"noopener noreferrer\">FAN Forum 2017 \/ 25 Jahre FAN<\/a><\/li>\n<li>2\/2016: <a href=\"https:\/\/fan-info.ch\/wp-content\/uploads\/FAN-Agenda_16_2.pdf\" target=\"_blank\" rel=\"noopener noreferrer\">Prozesskaskaden: Naturgefahrenmanagement im Bahndienst<\/a><\/li>\n<li>1\/2016: <a href=\"https:\/\/fan-info.ch\/wp-content\/uploads\/FAN-Agenda_16_1.pdf\" target=\"_blank\" rel=\"noopener noreferrer\">FAN Forum 2016 \/ Notfallplanung &amp; Naturgefahrenberater<\/a><\/li>\n<li>3\/2015: <a href=\"https:\/\/fan-info.ch\/wp-content\/uploads\/FAN-Agenda_15_3.pdf\" target=\"_blank\" rel=\"noopener noreferrer\">Fliessgew\u00e4sser &#8211; Beurteilung und Bewirtschaftung<\/a><\/li>\n<li>2\/2015: <a href=\"https:\/\/fan-info.ch\/wp-content\/uploads\/FAN-Agenda_15_2.pdf\" target=\"_blank\" rel=\"noopener noreferrer\">FAN Kleinforum Risiko \/ Umsetzung des Risikokonzepts in die Praxis \/ GRIP in Graub\u00fcnden<\/a><\/li>\n<li>1\/2015: <a href=\"https:\/\/fan-info.ch\/wp-content\/uploads\/FAN-Agenda_15_1.pdf\" target=\"_blank\" rel=\"noopener noreferrer\">FAN Forum 2015 \/ Die Gefahr ist beurteilt \u2013 und jetzt?<\/a><\/li>\n<li>2\/2014: <a href=\"https:\/\/fan-info.ch\/wp-content\/uploads\/FAN-Agenda_14_2.pdf\" target=\"_blank\" rel=\"noopener noreferrer\">Edition bilingue<\/a><\/li>\n<li>1\/2014: <a href=\"https:\/\/fan-info.ch\/wp-content\/uploads\/FAN-Agenda_14_1.pdf\" target=\"_blank\" rel=\"noopener noreferrer\">FAN Forum 2014 \/ 20 Jahre Gefahrenbeurteilung<\/a><\/li>\n<li>2\/2013: <a href=\"https:\/\/fan-info.ch\/wp-content\/uploads\/FAN-Agenda_13_2.pdf\" target=\"_blank\" rel=\"noopener noreferrer\">Wildbachforschung\/Bodenstabilit\u00e4t\/Schutzwald<\/a><\/li>\n<li>1\/2013: <a href=\"https:\/\/fan-info.ch\/wp-content\/uploads\/FAN-Agenda_13_1.pdf\" target=\"_blank\" rel=\"noopener noreferrer\">Forum 2013 \/ Grundlagen f\u00fcr Gefahrenbeurteilung und Schutzprojekte<\/a><\/li>\n<li>3\/2012: <a href=\"https:\/\/fan-info.ch\/wp-content\/uploads\/FAN-Agenda_12_3.pdf\" target=\"_blank\" rel=\"noopener noreferrer\">Intervention bei Naturgefahren, Organisatorische Massnahmen und lokaler Naturgefahrenberater<\/a><\/li>\n<li>2\/2012: <a href=\"https:\/\/fan-info.ch\/wp-content\/uploads\/FAN-Agenda_12_2.pdf\" target=\"_blank\" rel=\"noopener noreferrer\">Forum 2012 \/ Spezialf\u00e4lle in der Gefahrenbeurteilung<\/a><\/li>\n<li>1\/2012: <a href=\"https:\/\/fan-info.ch\/wp-content\/uploads\/FAN-Agenda_12_1.pdf\" target=\"_blank\" rel=\"noopener noreferrer\">Schutzbauten im Kanton Graub\u00fcnden \/ Richtlinien Steinschlag\u00a0<\/a><\/li>\n<li>1\/2011: <a href=\"https:\/\/fan-info.ch\/wp-content\/uploads\/FAN-Agenda_11_1.pdf\" target=\"_blank\" rel=\"noopener noreferrer\">Naturgefahren: Datenmodelle, Datennutzung, Nachf\u00fchrung<\/a><\/li>\n<li>2\/2010: <a href=\"https:\/\/fan-info.ch\/wp-content\/uploads\/FAN-Agenda_10_2.pdf\" target=\"_blank\" rel=\"noopener noreferrer\">Geschiebemessung\/Zugfestigkeit von Wurzeln\/Schutzwald<\/a><\/li>\n<li>1\/2010: <a href=\"https:\/\/fan-info.ch\/wp-content\/uploads\/FAN-Agenda_10_1.pdf\" target=\"_blank\" rel=\"noopener noreferrer\">Warnung bei Naturgefahrenereignissen<\/a><\/li>\n<li>1\/2009: <a href=\"https:\/\/fan-info.ch\/wp-content\/uploads\/FAN-Agenda_09_1.pdf\" target=\"_blank\" rel=\"noopener noreferrer\">Gravitative Naturgefahren &#8211; Wirkung von B\u00e4umen und Wald<\/a><\/li>\n<\/ul>\n<p>&nbsp;<\/p>\n<p>[\/et_pb_text][\/et_pb_column][\/et_pb_row][\/et_pb_section]<\/p>\n","protected":false},"excerpt":{"rendered":"<p>FAN-Agenda La pubblicazione ufficiale della FAN \u00e8 l&#8217;Agenda FAN. Viene pubblicata 1-2 volte l&#8217;anno con interessanti relazioni sul tema dei pericoli naturali. Tutti i membri ricevono una versione cartacea. Cliccare qui per il numero attuale.Redazione FAN-Agenda Alexandre Badoux, WSL, Birmensdorf Martin Frei, MFrei Infra GmbH, Amriswil Alexander Dominik Ezuma May, Zollikofen Maja Stucki, BAFU, Ittigen [&hellip;]<\/p>\n","protected":false},"author":15,"featured_media":0,"parent":402,"menu_order":0,"comment_status":"closed","ping_status":"closed","template":"","meta":{"_et_pb_use_builder":"on","_et_pb_old_content":"<p>Das <strong>offizielle Publikationsorgan<\/strong> der FAN ist die <strong>FAN-Agenda<\/strong>. Sie erscheint 1-2 mal im Jahr und enth\u00e4lt interessanten Berichte zum Thema Naturgefahren. Alle Mitglieder erhalten eine Papierversion zugesandt.<\/p><p>Meldungen, Beitr\u00e4ge und Anfragen betreffend FAN-Agenda sind zu richten an:<\/p><p>Jean-Jacques Thormann<br \/>Berner Fachhochschule<br \/>Hochschule f\u00fcr Agrar-, Forst- und Lebensmittelwissenschaften HAFL<br \/>Fachgruppe Gebirgswald & Naturgefahren<br \/>L\u00e4nggasse 85, 3052 Zollikofen<br \/>Tel. 031 910 21 47, Fax 031 910 22 99,<br \/>E-Mail: jean-jacques.thormann@bfh.ch<\/p><h3>Aktuelle Ausgabe:<\/h3><p>FAN Agenda 2019\/2 als <strong>PDF\u00a0<\/strong>zum Download mit dem Thema: ...<\/p><h3>Fr\u00fchere Ausgaben:<\/h3><p>2019\/1: <a href=\"http:\/\/fan-info.ch\/cms\/media\/FAN_Agenda_1_2019_Onlineversion mit SOR-DEC.pdf\" target=\"_blank\" rel=\"noopener noreferrer\">FAN Forum 2019: Aktueller Umgang mit Oberfl\u00e4chenabfluss<\/a><\/p><p>2018\/2: Ganzheitlichen Schutz vor Naturgefahren<\/p><p>2018\/1:\u00a0FAN Forum 2018 \/ wie gut ist gut genug<\/p><p>2017\/2:\u00a0Vegetation und Naturgefahren<\/p><p>2017\/1:\u00a0FAN Forum 2017 \/ 25 Jahre FAN<\/p><p>2016\/2:\u00a0Prozesskaskaden: Naturgefahrenmanagement im Bahndienst<\/p><p>2016\/1:\u00a0FAN Forum 2016 \/ Notfallplanung & Naturgefahrenberater<\/p><p>2015\/3: Fliessgew\u00e4sser - Beurteilung und Bewirtschaftung<\/p><p>2015\/2:\u00a0FAN Kleinforum Risiko \/ Umsetzung des Risikokonzepts in die Praxis \/ GRIP in Graub\u00fcnden<\/p><p>2015\/1: FAN Forum 2015 \/ Die Gefahr ist beurteilt \u2013 und jetzt?<\/p><p>2014\/2: Edition bilingue<\/p><p>2014\/1:\u00a0FAN Forum 2014 \/ 20 Jahre Gefahrenbeurteilung<\/p><div>2013\/2: Wildbachforschung\/Bodenstabilit\u00e4t\/Schutzwald<\/div><p>2013\/1: Forum 2013 \/ Grundlagen f\u00fcr Gefahrenbeurteilung und Schutzprojekte<\/p><p>2012\/3: Intervention bei Naturgefahren, Organisatorische Massnahmen und lokaler Naturgefahrenberater<\/p><p>2012\/2: Forum 2012 \/ Spezialf\u00e4lle in der Gefahrenbeurteilung<\/p><p>2012\/1: Schutzbauten im Kanton Graub\u00fcnden \/ Richtlinien Steinschlag<\/p><p>2011\/1: Naturgefahren: Datenmodelle, Datennutzung, Nachf\u00fchrung<\/p><p>2010\/2: Geschiebemessung\/Zugfestigkeit von Wurzeln\/Schutzwald<\/p><p>2010\/1: Warnung bei Naturgefahrenereignissen<\/p><p>2009\/1: Gravitative Naturgefahren - Wirkung von B\u00e4umen und Wald<\/p>","_et_gb_content_width":"","footnotes":""},"class_list":["post-2284","page","type-page","status-publish","hentry"],"_links":{"self":[{"href":"https:\/\/fan-info.ch\/it\/wp-json\/wp\/v2\/pages\/2284","targetHints":{"allow":["GET"]}}],"collection":[{"href":"https:\/\/fan-info.ch\/it\/wp-json\/wp\/v2\/pages"}],"about":[{"href":"https:\/\/fan-info.ch\/it\/wp-json\/wp\/v2\/types\/page"}],"author":[{"embeddable":true,"href":"https:\/\/fan-info.ch\/it\/wp-json\/wp\/v2\/users\/15"}],"replies":[{"embeddable":true,"href":"https:\/\/fan-info.ch\/it\/wp-json\/wp\/v2\/comments?post=2284"}],"version-history":[{"count":41,"href":"https:\/\/fan-info.ch\/it\/wp-json\/wp\/v2\/pages\/2284\/revisions"}],"predecessor-version":[{"id":9405,"href":"https:\/\/fan-info.ch\/it\/wp-json\/wp\/v2\/pages\/2284\/revisions\/9405"}],"up":[{"embeddable":true,"href":"https:\/\/fan-info.ch\/it\/wp-json\/wp\/v2\/pages\/402"}],"wp:attachment":[{"href":"https:\/\/fan-info.ch\/it\/wp-json\/wp\/v2\/media?parent=2284"}],"curies":[{"name":"wp","href":"https:\/\/api.w.org\/{rel}","templated":true}]}}