{"id":2291,"date":"2020-07-14T09:17:00","date_gmt":"2020-07-14T07:17:00","guid":{"rendered":"https:\/\/fan-info.ch\/publikationen\/ulteriori-pubblicazioni\/"},"modified":"2024-11-13T13:34:57","modified_gmt":"2024-11-13T12:34:57","slug":"ulteriori-pubblicazioni","status":"publish","type":"page","link":"https:\/\/fan-info.ch\/it\/ulteriori-pubblicazioni\/","title":{"rendered":"Ulteriori pubblicazioni"},"content":{"rendered":"<h3>Pubblicato da FAN o con la partecipazione di FAN:<\/h3>\n<p><strong>04.11.2015 &#8211; Empfehlung zur Beurteilung der Ufererosion (FAN und <a href=\"https:\/\/www.swv.ch\/verband-swv\/kohs\" target=\"_blank\" rel=\"noopener\">KOHS<\/a>) <\/strong><\/p>\n<ul>\n<li><a href=\"https:\/\/fan-info.ch\/wp-content\/uploads\/empfehlung_ufererosion_v32_151005.pdf\" target=\"_blank\" rel=\"noopener noreferrer\">Empfehlung zur Beurteilung der Gefahr von Ufererosion an Fliessgew\u00e4ssern<\/a><\/li>\n<li><a href=\"https:\/\/fan-info.ch\/wp-content\/uploads\/empfehlung_ufererosion_AnhangA_151005.pdf\" target=\"_blank\" rel=\"noopener noreferrer\">Anwendungsbeispiele Weisse L\u00fctschine und Ticino<\/a><\/li>\n<li><a href=\"https:\/\/fan-info.ch\/wp-content\/uploads\/empfehlung_ufererosion_AnhangB_150914.pdf\" target=\"_blank\" rel=\"noopener noreferrer\">Arbeitshilfe Feldbegehung Schwachstellenanalyse f\u00fcr Ufererosion<\/a><\/li>\n<\/ul>\n<p><strong>31.12.2019 &#8211; Recommandations pour l\u2019\u00e9valuation des dangers d\u2019\u00e9rosion des berges des cours d\u2019eau (FAN et <a href=\"https:\/\/www.swv.ch\/fr\/portrait-asae\/cipc\" target=\"_blank\" rel=\"noopener\">CIPC<\/a>) <\/strong><\/p>\n<ul>\n<li><a href=\"https:\/\/fan-info.ch\/wp-content\/uploads\/recommendation_erosion_des_berges_F_200119.pdf\" target=\"_blank\" rel=\"noopener noreferrer\">Recommandations pour l\u2019\u00e9valuation des dangers d\u2019\u00e9rosion des berges des cours d\u2019eau<\/a><\/li>\n<li><a href=\"https:\/\/fan-info.ch\/wp-content\/uploads\/recommendation_erosion_des_berges_annexeA_F_200119.pdf\">Exemples d\u2019application : L\u00fctschine blanche et Ticino <\/a><\/li>\n<li><a href=\"https:\/\/fan-info.ch\/wp-content\/uploads\/recommendation_erosion_des_berges_annexeB_F_200119.pdf\">Guide pour les visites de terrain \u2013 Analyse des points faibles pour d\u00e9terminer l\u2019\u00e9rosion <\/a><\/li>\n<\/ul>\n<p><strong>2023 &#8211; Gefahrenbeurteilung Wildb\u00e4che in der Schweiz: Aktueller Stand und k\u00fcnftige Herausforderungen (<a href=\"https:\/\/fan-info.ch\/ueber-fan\/arbeitsgruppen\/\">FAN-Arbeitsgruppe<\/a> \u00abGefahrenbeurteilung Wildb\u00e4che\u00bb) <\/strong><\/p>\n<ul>\n<li><a href=\"https:\/\/owncloud.fan-info.ch\/s\/XCxl0Omz7yuK8O8\" target=\"_blank\" rel=\"noopener\">Gefahrenbeurteilung Wildb\u00e4che in der Schweiz &#8211; Aktueller Stand und k\u00fcnftige Herausforderungen&#8221;<\/a><\/li>\n<li><a href=\"https:\/\/owncloud.fan-info.ch\/s\/0JoqbUzchRHwf0Z\" target=\"_blank\" rel=\"noopener\">Anhang<\/a><a href=\"https:\/\/owncloud.fan-info.ch\/s\/0JoqbUzchRHwf0Z\" target=\"_blank\" rel=\"noopener\"> zum Schlussbericht: Gefahrenbeurteilung Wildb\u00e4che in der Schweiz &#8211; Aktueller Stand und k\u00fcnftige Herausforderungen <\/a><\/li>\n<\/ul>\n<p>&nbsp;<\/p>\n<h2>Pubblicazioni esterne:<\/h2>\n<p><strong>2023 &#8211; Erg\u00e4nzungen zu Berichten in der <a href=\"https:\/\/fan-info.ch\/publikationen\/fan-agenda\/\">FAN-Agenda<\/a><\/strong><\/p>\n<ul>\n<li>Gesamtbericht zur Publikation &#8220;<a href=\"https:\/\/www.gr.ch\/DE\/institutionen\/verwaltung\/diem\/awn\/dokumentenliste_afw\/digi_publikation_bodentemperaturen_im_gebirge.pdf\" target=\"_blank\" rel=\"noopener\">Bodentemperaturen im Gebirge &#8211; Eine Analyse ausgew\u00e4hlter Standorte mit praktischen Hinweisen<\/a> f\u00fcr die Arbeit mit Ankerm\u00f6rtel&#8221; von Gian Cla Feuerstein und Anita Zuidema in der FAN-Agenda 2\/2023 &#8211; Der Gesamtbericht kann <a href=\"https:\/\/www.gr.ch\/DE\/institutionen\/verwaltung\/diem\/awn\/dokumentation\/publikationen\/Seiten\/5_2_5_digi_publikationen.aspx\" target=\"_blank\" rel=\"noopener\">hier<\/a> heruntergeladen werden.<\/li>\n<\/ul>\n<p>&nbsp;<\/p>\n","protected":false},"excerpt":{"rendered":"<p>Pubblicato da FAN o con la partecipazione di FAN: 04.11.2015 &#8211; Empfehlung zur Beurteilung der Ufererosion (FAN und KOHS) Empfehlung zur Beurteilung der Gefahr von Ufererosion an Fliessgew\u00e4ssern Anwendungsbeispiele Weisse L\u00fctschine und Ticino Arbeitshilfe Feldbegehung Schwachstellenanalyse f\u00fcr Ufererosion 31.12.2019 &#8211; Recommandations pour l\u2019\u00e9valuation des dangers d\u2019\u00e9rosion des berges des cours d\u2019eau (FAN et CIPC) Recommandations [&hellip;]<\/p>\n","protected":false},"author":15,"featured_media":0,"parent":0,"menu_order":0,"comment_status":"closed","ping_status":"closed","template":"","meta":{"_et_pb_use_builder":"","_et_pb_old_content":"","_et_gb_content_width":"","footnotes":""},"class_list":["post-2291","page","type-page","status-publish","hentry"],"_links":{"self":[{"href":"https:\/\/fan-info.ch\/it\/wp-json\/wp\/v2\/pages\/2291","targetHints":{"allow":["GET"]}}],"collection":[{"href":"https:\/\/fan-info.ch\/it\/wp-json\/wp\/v2\/pages"}],"about":[{"href":"https:\/\/fan-info.ch\/it\/wp-json\/wp\/v2\/types\/page"}],"author":[{"embeddable":true,"href":"https:\/\/fan-info.ch\/it\/wp-json\/wp\/v2\/users\/15"}],"replies":[{"embeddable":true,"href":"https:\/\/fan-info.ch\/it\/wp-json\/wp\/v2\/comments?post=2291"}],"version-history":[{"count":3,"href":"https:\/\/fan-info.ch\/it\/wp-json\/wp\/v2\/pages\/2291\/revisions"}],"predecessor-version":[{"id":7978,"href":"https:\/\/fan-info.ch\/it\/wp-json\/wp\/v2\/pages\/2291\/revisions\/7978"}],"wp:attachment":[{"href":"https:\/\/fan-info.ch\/it\/wp-json\/wp\/v2\/media?parent=2291"}],"curies":[{"name":"wp","href":"https:\/\/api.w.org\/{rel}","templated":true}]}}