{"id":2307,"date":"2020-07-14T09:27:03","date_gmt":"2020-07-14T07:27:03","guid":{"rendered":"https:\/\/fan-info.ch\/impronta\/"},"modified":"2020-07-14T09:27:03","modified_gmt":"2020-07-14T07:27:03","slug":"impronta","status":"publish","type":"page","link":"https:\/\/fan-info.ch\/it\/impronta\/","title":{"rendered":"Impronta"},"content":{"rendered":"<p>[et_pb_section fb_built=&#8221;1&#8243; _builder_version=&#8221;4.0.6&#8243;][et_pb_row _builder_version=&#8221;4.0.6&#8243;][et_pb_column type=&#8221;4_4&#8243; _builder_version=&#8221;4.0.6&#8243;][et_pb_text _builder_version=&#8221;4.0.11&#8243; hover_enabled=&#8221;0&#8243;]<\/p>\n<h1>Impressum<\/h1>\n<p>&nbsp;<\/p>\n<h2>Inhaber der Website<\/h2>\n<p>Fachleute Naturgefahren (FAN)<br \/>c\/o Eidgen\u00f6ssische Forschungsanstalt f\u00fcr Wald, Schnee und Landschaft<br \/>Christoph Graf, Pr\u00e4sident<br \/>Z\u00fcrcherstr. 111<br \/>8903 Birmensdorf<\/p>\n<p>FAN\u2013Sekretariat<br \/>c\/o geo7 AG<br \/>Sonja Cosandey<br \/>Neufeldstrasse 5-9<br \/>3012 Bern<br \/>Tel: 031 300 44 33<br \/>kontakt@fan-info.ch<\/p>\n<p>&nbsp;<\/p>\n<h2>Copyright \/ Bildnachweis<\/h2>\n<p>Die Website der Fachleute Naturgefahren (FAN) dient ausschliesslich der Information. Das Copyright f\u00fcr s\u00e4mtliche Inhalte dieser Website liegt bei der FAN und ist urheberrechtlich gesch\u00fctzt.<\/p>\n<p>Das Verlinken auf diese Webseite sowie das Zitieren unter Angabe der Quelle (Quelle: Fachleute Naturgefahren (FAN), <a href=\"https:\/\/fan-info.ch\/it\/home\/\" target=\"_blank\" rel=\"noopener noreferrer\">www.fan-info.ch<\/a>) ist erlaubt. Der Verein Fachleute Naturgefahren beh\u00e4lt sich das Recht vor, einen Betreiber aufzufordern, Hyperlinks zu l\u00f6schen, die nicht den redaktionellen Richtlinien des Vereins entsprechen.<\/p>\n<p>&nbsp;<\/p>\n<h2>Haftungsausschluss<\/h2>\n<p>Die Inhalte wurden mit gr\u00f6sster Sorgfalt erstellt. F\u00fcr die Richtigkeit und Vollst\u00e4ndigkeit der Inhalte wird aber jegliche Haftung abgelehnt, ebenso f\u00fcr Sch\u00e4den, die sich aus der Nutzung der Website ergeben.<\/p>\n<p>Auf der Website des Vereins Fachleute Naturgefahren befinden sich Links, die zu anderen Websites f\u00fchren. Die Fachleute Naturgefahren haben diese Sites nicht gepr\u00fcft und \u00fcbernehmen keine Verantwortung f\u00fcr deren Inhalt.<\/p>\n<p>&nbsp;<\/p>\n<p>&nbsp;<\/p>\n<p>&nbsp;<\/p>\n<p>[\/et_pb_text][\/et_pb_column][\/et_pb_row][\/et_pb_section]<\/p>\n","protected":false},"excerpt":{"rendered":"<p>Impressum &nbsp; Inhaber der Website Fachleute Naturgefahren (FAN)c\/o Eidgen\u00f6ssische Forschungsanstalt f\u00fcr Wald, Schnee und LandschaftChristoph Graf, Pr\u00e4sidentZ\u00fcrcherstr. 1118903 Birmensdorf FAN\u2013Sekretariatc\/o geo7 AGSonja CosandeyNeufeldstrasse 5-93012 BernTel: 031 300 44 33kontakt@fan-info.ch &nbsp; Copyright \/ Bildnachweis Die Website der Fachleute Naturgefahren (FAN) dient ausschliesslich der Information. Das Copyright f\u00fcr s\u00e4mtliche Inhalte dieser Website liegt bei der FAN und [&hellip;]<\/p>\n","protected":false},"author":1,"featured_media":0,"parent":0,"menu_order":0,"comment_status":"closed","ping_status":"closed","template":"","meta":{"_et_pb_use_builder":"on","_et_pb_old_content":"","_et_gb_content_width":"","footnotes":""},"class_list":["post-2307","page","type-page","status-publish","hentry"],"_links":{"self":[{"href":"https:\/\/fan-info.ch\/it\/wp-json\/wp\/v2\/pages\/2307","targetHints":{"allow":["GET"]}}],"collection":[{"href":"https:\/\/fan-info.ch\/it\/wp-json\/wp\/v2\/pages"}],"about":[{"href":"https:\/\/fan-info.ch\/it\/wp-json\/wp\/v2\/types\/page"}],"author":[{"embeddable":true,"href":"https:\/\/fan-info.ch\/it\/wp-json\/wp\/v2\/users\/1"}],"replies":[{"embeddable":true,"href":"https:\/\/fan-info.ch\/it\/wp-json\/wp\/v2\/comments?post=2307"}],"version-history":[{"count":1,"href":"https:\/\/fan-info.ch\/it\/wp-json\/wp\/v2\/pages\/2307\/revisions"}],"predecessor-version":[{"id":2308,"href":"https:\/\/fan-info.ch\/it\/wp-json\/wp\/v2\/pages\/2307\/revisions\/2308"}],"wp:attachment":[{"href":"https:\/\/fan-info.ch\/it\/wp-json\/wp\/v2\/media?parent=2307"}],"curies":[{"name":"wp","href":"https:\/\/api.w.org\/{rel}","templated":true}]}}