{"id":3746,"date":"2021-01-15T10:00:39","date_gmt":"2021-01-15T09:00:39","guid":{"rendered":"https:\/\/fan-info.ch\/protect-praxis\/"},"modified":"2021-02-05T08:46:49","modified_gmt":"2021-02-05T07:46:49","slug":"protect-praxis","status":"publish","type":"page","link":"https:\/\/fan-info.ch\/it\/a-proposito-di-fan\/gruppi-di-lavoro\/protect-praxis\/","title":{"rendered":"PROTECT Praxis"},"content":{"rendered":"<p>[et_pb_section fb_built=&#8221;1&#8243; _builder_version=&#8221;4.6.1&#8243; _module_preset=&#8221;default&#8221;][et_pb_row column_structure=&#8221;3_5,2_5&#8243; _builder_version=&#8221;4.6.1&#8243; _module_preset=&#8221;default&#8221;][et_pb_column type=&#8221;3_5&#8243; _builder_version=&#8221;4.6.1&#8243; _module_preset=&#8221;default&#8221;][et_pb_text _builder_version=&#8221;4.6.1&#8243; _module_preset=&#8221;default&#8221;]<\/p>\n<h3>PROTECT Praxis<\/h3>\n<p><a href=\"https:\/\/fan-info.ch\/wp-content\/uploads\/IMG_2446.jpg\"><img loading=\"lazy\" decoding=\"async\" class=\"alignright wp-image-605 size-thumbnail\" src=\"https:\/\/fan-info.ch\/wp-content\/uploads\/IMG_2446-150x150.jpg\" alt=\"\" width=\"150\" height=\"150\" \/><\/a>Im Auftrag des Bundesamts f\u00fcr Umwelt (BAFU) \u00fcberarbeiten die Fachleute Naturgefahren (FAN) die Methodik PROTECT, um daraus eine praxistauglichen Anwendung f\u00fcr die Beurteilung der Wirkung von baulichen, biologischen und organisatorischen Schutzmassnahmen zu machen.<\/p>\n<p>Die Projektleitung f\u00fcr die \u00dcberarbeitung von PROTECT liegt der FAN inne, die Arbeiten zum Projekt \u00abPROTECT Praxis\u00bb erfolgen modular und umfassen sieben Teilprojekte:[\/et_pb_text][et_pb_text _builder_version=&#8221;4.6.1&#8243; _module_preset=&#8221;default&#8221;]<\/p>\n<ul>\n<li>Modul 1: \u00dcberarbeitung Grunds\u00e4tze und generelles Vorgehen<\/li>\n<li>Modul 2: Bauliche oder technische Massnahmen<\/li>\n<li>Modul 3: Integration Protect Bio<\/li>\n<li>Modul 4: Integration organisatorische Massnahmen<\/li>\n<li>Modul 5: Zusammenf\u00fchrung Ergebnisse<\/li>\n<li>Modul 6: Fallbeispiele<\/li>\n<li>Modul 7: Begleitung Publikation der Resultate<\/li>\n<\/ul>\n<p>[\/et_pb_text][et_pb_text _builder_version=&#8221;4.6.1&#8243; _module_preset=&#8221;default&#8221; background_color=&#8221;rgba(237,240,0,0.18)&#8221; hover_enabled=&#8221;0&#8243; sticky_enabled=&#8221;0&#8243;]<span class=\"VIiyi\" lang=\"it\"><span class=\"JLqJ4b ChMk0b\" data-language-for-alternatives=\"it\" data-language-to-translate-into=\"auto\" data-phrase-index=\"0\">Attualmente \u00e8 in corso un <a href=\"https:\/\/fan-info.ch\/wp-content\/uploads\/PROTECT_Praxis_Mitarbeit_D_F_I.pdf\" target=\"_blank\" rel=\"noopener noreferrer\">invito a partecipare<\/a> allo sviluppo dei moduli.<\/span> <span class=\"JLqJ4b ChMk0b\" data-language-for-alternatives=\"it\" data-language-to-translate-into=\"auto\" data-phrase-index=\"1\">Data: 12 febbraio 2021<\/span><\/span>[\/et_pb_text][et_pb_text _builder_version=&#8221;4.6.1&#8243; _module_preset=&#8221;default&#8221; background_color=&#8221;rgba(237,240,0,0.18)&#8221; hover_enabled=&#8221;0&#8243; sticky_enabled=&#8221;0&#8243;]<a href=\"https:\/\/fan-info.ch\/wp-content\/uploads\/PROTECT-Fragen-und-Antworten.pdf\" target=\"_blank\" rel=\"noopener noreferrer\">Domande e risposte<\/a> sulla chiamata.<br \/>\n[\/et_pb_text][\/et_pb_column][et_pb_column type=&#8221;2_5&#8243; _builder_version=&#8221;4.6.1&#8243; _module_preset=&#8221;default&#8221;][et_pb_blurb title=&#8221;Projektleitung&#8221; _builder_version=&#8221;4.6.1&#8243; _module_preset=&#8221;default&#8221; background_color=&#8221;#92ab63&#8243; custom_margin=&#8221;||20px||false|false&#8221; custom_padding=&#8221;5px|5px|5px|5px|false|false&#8221; box_shadow_style=&#8221;preset2&#8243;]<span style=\"color: #333333;\">Gabi Hunziker, Markus Stoffel (PL FAN),<\/span><br \/>\n<span style=\"color: #333333;\"> Bernard Loup, St\u00e9phane Losey (BAFU)<\/span>[\/et_pb_blurb][et_pb_blurb title=&#8221;Kontakt&#8221; _builder_version=&#8221;4.6.1&#8243; _module_preset=&#8221;default&#8221; background_color=&#8221;#92ab63&#8243; custom_margin=&#8221;||20px||false|false&#8221; custom_padding=&#8221;5px|5px|5px|5px|false|false&#8221; box_shadow_style=&#8221;preset2&#8243;]<a href=\"mailto:protect@fan-info.ch\"><span style=\"color: #333333;\">Projektleitung<\/span><\/a>[\/et_pb_blurb][et_pb_blurb title=&#8221;Aufruf&#8221; _builder_version=&#8221;4.6.1&#8243; _module_preset=&#8221;default&#8221; background_color=&#8221;#92ab63&#8243; custom_margin=&#8221;||20px||false|false&#8221; custom_padding=&#8221;5px|5px|5px|5px|false|false&#8221; box_shadow_style=&#8221;preset2&#8243;]<a href=\"https:\/\/fan-info.ch\/wp-content\/uploads\/PROTECT_Praxis_Mitarbeit_D_F_I.pdf\" target=\"_blank\" rel=\"attachment noopener wp-att-3726 noreferrer\"><span style=\"color: #333333;\">Aufruf Mitarbeit \/ Appel \u00e0 coop\u00e9ration \/ Invito alla cooperazione<\/span><\/a>[\/et_pb_blurb][et_pb_blurb title=&#8221;Ausschreibung&#8221; url_new_window=&#8221;on&#8221; _builder_version=&#8221;4.6.1&#8243; _module_preset=&#8221;default&#8221; background_color=&#8221;#92ab63&#8243; custom_margin=&#8221;||20px||false|false&#8221; custom_padding=&#8221;5px|5px|5px|5px|false|false&#8221; box_shadow_style=&#8221;preset2&#8243;]<a href=\"https:\/\/fan-info.ch\/wp-content\/uploads\/PROTECT_Praxis_Ausschreibung-1.pdf\" target=\"_blank\" rel=\"attachment noopener wp-att-3680 noreferrer\"><span style=\"color: #333333;\"><span style=\"color: #999999;\"><span style=\"color: #808080;\"><span style=\"color: #333333;\">PROTECT_Praxis_Ausschreibung<\/span><\/span><\/span><\/span><\/a>[\/et_pb_blurb][et_pb_blurb title=&#8221;Pflichtenheft&#8221; _builder_version=&#8221;4.6.1&#8243; _module_preset=&#8221;default&#8221; background_color=&#8221;#92ab63&#8243; custom_margin=&#8221;||20px||false|false&#8221; custom_padding=&#8221;5px|5px|5px|5px|false|false&#8221; box_shadow_style=&#8221;preset2&#8243;]<a href=\"https:\/\/fan-info.ch\/wp-content\/uploads\/PROTECT_Praxis_Pflichtenhefte-1.pdf\" target=\"_blank\" rel=\"attachment noopener wp-att-3671 noreferrer\"><span style=\"color: #333333;\">PROTECT_Praxis_Pflichtenhefte<\/span><\/a>[\/et_pb_blurb][et_pb_blurb title=&#8221;Terminprogramm&#8221; _builder_version=&#8221;4.6.1&#8243; _module_preset=&#8221;default&#8221; background_color=&#8221;#92ab63&#8243; custom_margin=&#8221;||20px||false|false&#8221; custom_padding=&#8221;5px|5px|5px|5px|false|false&#8221; box_shadow_style=&#8221;preset2&#8243;]<a href=\"https:\/\/fan-info.ch\/wp-content\/uploads\/PROTECT_Praxis_Terminprogramm.pdf\" target=\"_blank\" rel=\"attachment noopener wp-att-3677 noreferrer\"><span style=\"color: #333333;\">PROTECT_Praxis_Terminprogramm<\/span><\/a>[\/et_pb_blurb][et_pb_blurb title=&#8221;Projektvorschlag FAN z.H. BAFU&#8221; _builder_version=&#8221;4.6.1&#8243; _module_preset=&#8221;default&#8221; background_color=&#8221;#92ab63&#8243; custom_margin=&#8221;||20px||false|false&#8221; custom_padding=&#8221;5px|5px|5px|5px|false|false&#8221; box_shadow_style=&#8221;preset2&#8243;]<a href=\"https:\/\/fan-info.ch\/wp-content\/uploads\/PROTECT_Praxis_Projektvorschlag-1.pdf\" target=\"_blank\" rel=\"attachment noopener wp-att-3674 noreferrer\"><span style=\"color: #333333;\">PROTECT_Praxis_Projektvorschlag<\/span><\/a>[\/et_pb_blurb][\/et_pb_column][\/et_pb_row][\/et_pb_section]<\/p>\n","protected":false},"excerpt":{"rendered":"<p>PROTECT Praxis Im Auftrag des Bundesamts f\u00fcr Umwelt (BAFU) \u00fcberarbeiten die Fachleute Naturgefahren (FAN) die Methodik PROTECT, um daraus eine praxistauglichen Anwendung f\u00fcr die Beurteilung der Wirkung von baulichen, biologischen und organisatorischen Schutzmassnahmen zu machen. Die Projektleitung f\u00fcr die \u00dcberarbeitung von PROTECT liegt der FAN inne, die Arbeiten zum Projekt \u00abPROTECT Praxis\u00bb erfolgen modular und [&hellip;]<\/p>\n","protected":false},"author":15,"featured_media":607,"parent":3750,"menu_order":0,"comment_status":"closed","ping_status":"closed","template":"","meta":{"_et_pb_use_builder":"on","_et_pb_old_content":"","_et_gb_content_width":"","footnotes":""},"class_list":["post-3746","page","type-page","status-publish","has-post-thumbnail","hentry"],"_links":{"self":[{"href":"https:\/\/fan-info.ch\/it\/wp-json\/wp\/v2\/pages\/3746","targetHints":{"allow":["GET"]}}],"collection":[{"href":"https:\/\/fan-info.ch\/it\/wp-json\/wp\/v2\/pages"}],"about":[{"href":"https:\/\/fan-info.ch\/it\/wp-json\/wp\/v2\/types\/page"}],"author":[{"embeddable":true,"href":"https:\/\/fan-info.ch\/it\/wp-json\/wp\/v2\/users\/15"}],"replies":[{"embeddable":true,"href":"https:\/\/fan-info.ch\/it\/wp-json\/wp\/v2\/comments?post=3746"}],"version-history":[{"count":2,"href":"https:\/\/fan-info.ch\/it\/wp-json\/wp\/v2\/pages\/3746\/revisions"}],"predecessor-version":[{"id":3905,"href":"https:\/\/fan-info.ch\/it\/wp-json\/wp\/v2\/pages\/3746\/revisions\/3905"}],"up":[{"embeddable":true,"href":"https:\/\/fan-info.ch\/it\/wp-json\/wp\/v2\/pages\/3750"}],"wp:featuredmedia":[{"embeddable":true,"href":"https:\/\/fan-info.ch\/it\/wp-json\/wp\/v2\/media\/607"}],"wp:attachment":[{"href":"https:\/\/fan-info.ch\/it\/wp-json\/wp\/v2\/media?parent=3746"}],"curies":[{"name":"wp","href":"https:\/\/api.w.org\/{rel}","templated":true}]}}