{"id":3750,"date":"2021-01-15T09:31:10","date_gmt":"2021-01-15T08:31:10","guid":{"rendered":"https:\/\/fan-info.ch\/a-proposito-di-fan\/gruppi-di-lavoro\/"},"modified":"2024-07-09T10:08:02","modified_gmt":"2024-07-09T08:08:02","slug":"gruppi-di-lavoro","status":"publish","type":"page","link":"https:\/\/fan-info.ch\/it\/a-proposito-di-fan\/gruppi-di-lavoro\/","title":{"rendered":"Gruppi di lavoro e progetti"},"content":{"rendered":"<p>[et_pb_section fb_built=&#8221;1&#8243; _builder_version=&#8221;4.16&#8243; global_colors_info=&#8221;{}&#8221;][et_pb_row admin_label=&#8221;Linea&#8221; _builder_version=&#8221;4.16&#8243; background_size=&#8221;initial&#8221; background_position=&#8221;top_left&#8221; background_repeat=&#8221;repeat&#8221; global_colors_info=&#8221;{}&#8221;][et_pb_column type=&#8221;4_4&#8243; _builder_version=&#8221;4.16&#8243; custom_padding=&#8221;|||&#8221; global_colors_info=&#8221;{}&#8221; custom_padding__hover=&#8221;|||&#8221;][et_pb_text admin_label=&#8221;Arbeitsgruppen&#8221; _builder_version=&#8221;4.22.2&#8243; background_size=&#8221;initial&#8221; background_position=&#8221;top_left&#8221; background_repeat=&#8221;repeat&#8221; global_colors_info=&#8221;{}&#8221;]<\/p>\n<h2>Gruppi di lavoro e progetti<\/h2>\n<p>In conformit\u00e0 allo Statuto (4.2.3), il Comitato FAN pu\u00f2 istituire gruppi di lavoro. I gruppi di lavoro si occupano di approfondire argomenti specifici. Il lavoro pu\u00f2 essere svolto a titolo gratuito o parzialmente retribuito. I gruppi di lavoro sono generalmente composti da rappresentanti del Comitato FAN e da altri esperti tecnici. I prodotti (ad esempio, le pubblicazioni) vengono sviluppati nel corso di riunioni e workshop. I gruppi di lavoro possono anche sviluppare le basi per eventi futuri.<\/p>\n<p>[\/et_pb_text][et_pb_divider _builder_version=&#8221;4.16&#8243; _module_preset=&#8221;default&#8221; global_colors_info=&#8221;{}&#8221;][\/et_pb_divider][et_pb_text admin_label=&#8221;Aktuelle Arbeitsgruppen&#8221; _builder_version=&#8221;4.22.2&#8243; _module_preset=&#8221;default&#8221; global_colors_info=&#8221;{}&#8221;]<\/p>\n<h2>Attuali gruppi di lavoro<\/h2>\n<p>[\/et_pb_text][\/et_pb_column][\/et_pb_row][et_pb_row column_structure=&#8221;1_2,1_2&#8243; _builder_version=&#8221;4.16&#8243; _module_preset=&#8221;default&#8221; global_colors_info=&#8221;{}&#8221;][et_pb_column type=&#8221;1_2&#8243; _builder_version=&#8221;4.16&#8243; _module_preset=&#8221;default&#8221; global_colors_info=&#8221;{}&#8221;][et_pb_text admin_label=&#8221;PROTECT Praxis&#8221; _builder_version=&#8221;4.22.2&#8243; _module_preset=&#8221;default&#8221; global_colors_info=&#8221;{}&#8221;]<\/p>\n<p>Su incarico dell&#8217;Ufficio federale dell&#8217;ambiente (UFAM), gli esperti in materia di pericoli naturali (FAN) stanno rivedendo la metodologia PROTECT per farne un&#8217;applicazione pratica per la valutazione dell&#8217;impatto delle misure di protezione strutturale, biologica e organizzativa.<\/p>\n<p>La gestione del progetto di revisione di PROTECT \u00e8 affidata alla FAN; il lavoro sul progetto &#8220;PROTECT Practice&#8221; \u00e8 modulare e comprende sette sottoprogetti:<\/p>\n<p>&nbsp;<\/p>\n<p>Modulo 1: revisione dei principi e della procedura generale<br \/>Modulo 2: Misure strutturali o tecniche<br \/>Modulo 3: Integrazione di Protect Bio<br \/>Modulo 4: Integrazione delle misure organizzative<br \/>Modulo 5: Consolidamento dei risultati<br \/>Modulo 6: Casi di studio<br \/>Modulo 7: Monitoraggio Pubblicazione dei risultati<\/p>\n<ul><\/ul>\n<p>[\/et_pb_text][\/et_pb_column][et_pb_column type=&#8221;1_2&#8243; _builder_version=&#8221;4.16&#8243; _module_preset=&#8221;default&#8221; global_colors_info=&#8221;{}&#8221;][et_pb_image src=&#8221;https:\/\/fan-info.ch\/wp-content\/uploads\/IMG_2446-300&#215;225.jpg&#8221; title_text=&#8221;IMG_2446&#8243; _builder_version=&#8221;4.16&#8243; _module_preset=&#8221;default&#8221; global_colors_info=&#8221;{}&#8221;][\/et_pb_image][et_pb_blurb title=&#8221;Gestione del progetto&#8221; admin_label=&#8221;Projektleitung&#8221; _builder_version=&#8221;4.24.2&#8243; _module_preset=&#8221;default&#8221; background_color=&#8221;#efefef&#8221; custom_margin=&#8221;0px|0px|20px|0px|false|false&#8221; custom_padding=&#8221;5px|5px|5px|5px|false|false&#8221; box_shadow_style=&#8221;preset3&#8243; global_colors_info=&#8221;{}&#8221;]<\/p>\n<p>Gabi Hunziker, Markus Stoffel (FAN), Bernard Loup, St\u00e9phane Losey (BAFU)<\/p>\n<p>[\/et_pb_blurb][et_pb_blurb title=&#8221;Durata del progetto&#8221; admin_label=&#8221;Projektdauer&#8221; _builder_version=&#8221;4.24.2&#8243; _module_preset=&#8221;default&#8221; background_color=&#8221;#efefef&#8221; custom_margin=&#8221;0px|0px|20px|0px|false|false&#8221; custom_padding=&#8221;5px|5px|5px|5px|false|false&#8221; box_shadow_style=&#8221;preset3&#8243; global_colors_info=&#8221;{}&#8221;]<\/p>\n<p>2020 &#8211; 2024<\/p>\n<p>[\/et_pb_blurb][et_pb_blurb title=&#8221;Organigramma&#8221; url=&#8221;https:\/\/fan-info.ch\/wp-content\/uploads\/Organigramm_PROTECT.png&#8221; content_max_width=&#8221;1100px&#8221; admin_label=&#8221;Organigram&#8221; _builder_version=&#8221;4.22.2&#8243; _module_preset=&#8221;default&#8221; background_color=&#8221;#efefef&#8221; custom_margin=&#8221;0px|0px|20px|0px|false|false&#8221; custom_padding=&#8221;5px|5px|5px|5px|false|false&#8221; link_option_url=&#8221;https:\/\/fan-info.ch\/wp-content\/uploads\/Organigramm_PROTECT.png&#8221; box_shadow_style=&#8221;preset3&#8243; global_colors_info=&#8221;{}&#8221;]<\/p>\n<p><img loading=\"lazy\" decoding=\"async\" class=\"wp-image-4579 alignnone \" src=\"https:\/\/fan-info.ch\/wp-content\/uploads\/Organigramm_PROTECT-1024x470.png\" alt=\"Organigramm PROTECT\" width=\"1275\" height=\"585\" srcset=\"https:\/\/fan-info.ch\/wp-content\/uploads\/Organigramm_PROTECT-1024x470.png 1275w, https:\/\/fan-info.ch\/wp-content\/uploads\/Organigramm_PROTECT-980x450.png 980w, https:\/\/fan-info.ch\/wp-content\/uploads\/Organigramm_PROTECT-480x220.png 480w\" sizes=\"(min-width: 0px) and (max-width: 480px) 480px, (min-width: 481px) and (max-width: 980px) 980px, (min-width: 981px) 1275px, 100vw\" \/><\/p>\n<p>[\/et_pb_blurb][et_pb_blurb title=&#8221;Statusberichte&#8221; admin_label=&#8221;Statusberichte&#8221; _builder_version=&#8221;4.22.2&#8243; _module_preset=&#8221;default&#8221; background_color=&#8221;#efefef&#8221; custom_margin=&#8221;0px|0px|20px|0px|false|false&#8221; custom_padding=&#8221;5px|5px|5px|5px|false|false&#8221; box_shadow_style=&#8221;preset3&#8243; global_colors_info=&#8221;{}&#8221;]<\/p>\n<ul>\n<li><a class=\"download-link\" title=\"\" href=\"https:\/\/owncloud.fan-info.ch\/s\/qHqEU70BcSA0IwU\" target=\"_blank\" rel=\"nofollow noopener\" data-e-disable-page-transition=\"true\">Statusbericht 2\/2023<\/a><\/li>\n<li><a  data-e-Disable-Page-Transition=\"true\" class=\"download-link\" title=\"\" href=\"https:\/\/fan-info.ch\/it\/download\/6779\/?tmstv=1776586919\" rel=\"nofollow\" id=\"download-link-6779\" data-redirect=\"false\" >\n\tStatusbericht 1\/2023<\/a>\n<\/li>\n<li><a  data-e-Disable-Page-Transition=\"true\" class=\"download-link\" title=\"\" href=\"https:\/\/fan-info.ch\/it\/download\/6289\/?tmstv=1776586919\" rel=\"nofollow\" id=\"download-link-6289\" data-redirect=\"false\" >\n\tStatusbericht 2\/2022<\/a>\n<\/li>\n<li><a  data-e-Disable-Page-Transition=\"true\" class=\"download-link\" title=\"\" href=\"https:\/\/fan-info.ch\/it\/download\/5911\/?tmstv=1776586919\" rel=\"nofollow\" id=\"download-link-5911\" data-redirect=\"false\" >\n\tStatusbericht 1\/2022<\/a>\n<\/li>\n<li><a  data-e-Disable-Page-Transition=\"true\" class=\"download-link\" title=\"\" href=\"https:\/\/fan-info.ch\/it\/download\/5765\/?tmstv=1776586919\" rel=\"nofollow\" id=\"download-link-5765\" data-redirect=\"false\" >\n\tStatusbericht 2\/2021<\/a>\n<\/li>\n<li><a  data-e-Disable-Page-Transition=\"true\" class=\"download-link\" title=\"\" href=\"https:\/\/fan-info.ch\/it\/download\/5760\/?tmstv=1776586919\" rel=\"nofollow\" id=\"download-link-5760\" data-redirect=\"false\" >\n\tStatusbericht 1\/2021<\/a>\n<\/li>\n<\/ul>\n<p>[\/et_pb_blurb][\/et_pb_column][\/et_pb_row][et_pb_row column_structure=&#8221;1_2,1_2&#8243; _builder_version=&#8221;4.16&#8243; _module_preset=&#8221;default&#8221; global_colors_info=&#8221;{}&#8221;][et_pb_column type=&#8221;1_2&#8243; _builder_version=&#8221;4.16&#8243; _module_preset=&#8221;default&#8221; global_colors_info=&#8221;{}&#8221;][et_pb_text admin_label=&#8221;Gefahrenbeurteilung Wildb\u00e4che&#8221; _builder_version=&#8221;4.16&#8243; _module_preset=&#8221;default&#8221; global_colors_info=&#8221;{}&#8221;]<\/p>\n<h4>Gruppo di lavoro sulla valutazione del rischio dei torrent<\/h4>\n<p>Nel 2021, la FAN ha formato un gruppo di lavoro per discutere come garantire e migliorare la qualit\u00e0 delle valutazioni dei torrent. Sono state coinvolte quindici persone provenienti dal mondo della ricerca, dell&#8217;insegnamento, dell&#8217;amministrazione e della pratica specializzate in torrenti. Nelle rispettive aree di competenza, hanno analizzato le lacune, definito gli obiettivi e formulato raccomandazioni per le misure da adottare. I risultati di questo lavoro sono stati pubblicati in un rapporto finale. Nella prima met\u00e0 del 2024, i risultati sono stati discussi con esperti e decisori in due workshop. Oltre a presentare i risultati, l&#8217;obiettivo dichiarato dei workshop era quello di formulare insieme idee concrete e trovare esperti impegnati per le fasi successive.<\/p>\n<p>&nbsp;<\/p>\n<p>&nbsp;<\/p>\n<p><strong>2023 &#8211; Valutazione della pericolosit\u00e0 dei torrenti in Svizzera: stato attuale e sfide future (gruppo di lavoro FAN &#8220;Valutazione della pericolosit\u00e0 dei torrenti&#8221;)<\/strong><\/p>\n<ul>\n<li><a href=\"https:\/\/owncloud.fan-info.ch\/s\/XCxl0Omz7yuK8O8\" target=\"_blank\" rel=\"noopener\">Gefahrenbeurteilung Wildb\u00e4che in der Schweiz \u2013 Aktueller Stand und k\u00fcnftige Herausforderungen\u201c<\/a><\/li>\n<li><a href=\"https:\/\/owncloud.fan-info.ch\/s\/0JoqbUzchRHwf0Z\" target=\"_blank\" rel=\"noopener\">Anhang<\/a><a href=\"https:\/\/owncloud.fan-info.ch\/s\/0JoqbUzchRHwf0Z\" target=\"_blank\" rel=\"noopener\"><span>\u00a0<\/span>zum Schlussbericht: Gefahrenbeurteilung Wildb\u00e4che in der Schweiz \u2013 Aktueller Stand und k\u00fcnftige Herausforderungen<\/a><\/li>\n<li><a href=\"https:\/\/fan-info.ch\/publikationen\/fan-agenda\/\">FAN Agenda<\/a><\/li>\n<\/ul>\n<p>[\/et_pb_text][\/et_pb_column][et_pb_column type=&#8221;1_2&#8243; _builder_version=&#8221;4.16&#8243; _module_preset=&#8221;default&#8221; global_colors_info=&#8221;{}&#8221;][et_pb_image src=&#8221;https:\/\/fan-info.ch\/wp-content\/uploads\/IMG_3259-scaled.jpeg&#8221; title_text=&#8221;IMG_3259&#8243; _builder_version=&#8221;4.24.2&#8243; _module_preset=&#8221;default&#8221; global_colors_info=&#8221;{}&#8221;][\/et_pb_image][et_pb_blurb title=&#8221;Gruppo di preparazione&#8221; admin_label=&#8221;Vorbereitungsgruppe&#8221; _builder_version=&#8221;4.24.2&#8243; _module_preset=&#8221;default&#8221; background_color=&#8221;#efefef&#8221; custom_margin=&#8221;0px|0px|20px|0px|false|false&#8221; custom_padding=&#8221;5px|5px|5px|5px|false|false&#8221; box_shadow_style=&#8221;preset3&#8243; global_colors_info=&#8221;{}&#8221;]<\/p>\n<p><span>Gruppo centrale: Dieter Rickenmann, Eva Frick, Christoph Graf, Gabi Hunziker, Matthias Busslinger, Melanie Ulrich<\/span><br \/><span>Mitglieder Arbeitsgruppe: Mark Bertogliati, Christian Rickli, Massimiliano Schwarz, Catherine Berger, Seppi Berwert, Peter Mosimann, Kathrin Niederer, Thomas Schneider<\/span>r<\/p>\n<p>[\/et_pb_blurb][\/et_pb_column][\/et_pb_row][et_pb_row _builder_version=&#8221;4.16&#8243; _module_preset=&#8221;default&#8221; global_colors_info=&#8221;{}&#8221;][et_pb_column type=&#8221;4_4&#8243; _builder_version=&#8221;4.16&#8243; _module_preset=&#8221;default&#8221; global_colors_info=&#8221;{}&#8221;][et_pb_divider _builder_version=&#8221;4.16&#8243; _module_preset=&#8221;default&#8221; global_colors_info=&#8221;{}&#8221;][\/et_pb_divider][et_pb_text admin_label=&#8221;Ehemalige Arbeitsgruppen&#8221; _builder_version=&#8221;4.24.2&#8243; _module_preset=&#8221;default&#8221; global_colors_info=&#8221;{}&#8221;]<\/p>\n<h3>Ex gruppi di lavoro<\/h3>\n<p>[\/et_pb_text][\/et_pb_column][\/et_pb_row][et_pb_row column_structure=&#8221;1_2,1_2&#8243; _builder_version=&#8221;4.16&#8243; _module_preset=&#8221;default&#8221; global_colors_info=&#8221;{}&#8221;][et_pb_column type=&#8221;1_2&#8243; _builder_version=&#8221;4.16&#8243; _module_preset=&#8221;default&#8221; global_colors_info=&#8221;{}&#8221;][et_pb_text admin_label=&#8221;Ufererosion&#8221; _builder_version=&#8221;4.16&#8243; _module_preset=&#8221;default&#8221; global_colors_info=&#8221;{}&#8221;]<\/p>\n<h4>Erosione delle sponde<\/h4>\n<p>&nbsp;<\/p>\n<p>Gli esperti svizzeri in materia di pericoli naturali (FAN) e la Commissione per la protezione dalle inondazioni, l&#8217;ingegneria idraulica e la manutenzione dei fiumi (KOHS) hanno elaborato una raccomandazione per la valutazione del rischio di erosione delle sponde dei corsi d&#8217;acqua. La raccomandazione descrive una procedura per la valutazione del rischio di erosione delle sponde con le fasi di elaborazione degli scenari di base, dell&#8217;analisi dei punti deboli e dell&#8217;analisi dell&#8217;impatto. Nell&#8217;ambito dell&#8217;analisi di vulnerabilit\u00e0, vengono identificati i principali scenari di pericolo sulla base della morfologia e dei punti di erosione noti. Per ogni modello di pericolo, vengono determinati qualitativamente o quantitativamente i parametri di carico sulla sponda e la resistenza all&#8217;erosione della stessa. Se, in base alle conclusioni dell&#8217;analisi dei punti deboli, si ipotizza l&#8217;erosione della sponda per un tratto di corso d&#8217;acqua, la sua estensione e la probabilit\u00e0 spaziale di verificarsi vengono determinate nell&#8217;analisi d&#8217;impatto. Vengono quindi valutati i possibili processi successivi. Le raccomandazioni per la valutazione del rischio di erosione spondale sui corsi d&#8217;acqua sono disponibili in formato elettronico e in tedesco o francese sui siti web della FAN e dell&#8217;Associazione svizzera per la gestione delle acque (www.swv.ch).<\/p>\n<p>[\/et_pb_text][\/et_pb_column][et_pb_column type=&#8221;1_2&#8243; _builder_version=&#8221;4.16&#8243; _module_preset=&#8221;default&#8221; global_colors_info=&#8221;{}&#8221;][et_pb_image src=&#8221;https:\/\/fan-info.ch\/wp-content\/uploads\/Ufererosion_Secklisbach_Wolfenschiessen_NW_2005-300&#215;225.jpg&#8221; title_text=&#8221;Ufererosion_Secklisbach_Wolfenschiessen_NW_2005&#8243; _builder_version=&#8221;4.16&#8243; _module_preset=&#8221;default&#8221; global_colors_info=&#8221;{}&#8221;][\/et_pb_image][et_pb_blurb title=&#8221;Gruppo di lavoro&#8221; admin_label=&#8221;Arbeitsgruppe&#8221; _builder_version=&#8221;4.22.2&#8243; _module_preset=&#8221;default&#8221; background_color=&#8221;#efefef&#8221; custom_margin=&#8221;0px|0px|20px|0px|false|false&#8221; custom_padding=&#8221;5px|5px|5px|5px|false|false&#8221; box_shadow_style=&#8221;preset3&#8243; global_colors_info=&#8221;{}&#8221;]<\/p>\n<p>Lukas Hunzinger (Flussbau AG SAH), Annette Bachmann (CSD Ing\u00e9nieurs SA), Ralph Br\u00e4ndle (Sektion Naturgefahren Kanton St. Gallen), Paul D\u00e4ndliker (Abteilung Gefahrenpr\u00e4vention BAFU), David Jud (Meier und Partner AG), Mario Koksch (Verkehr und Infrastruktur Kanton Luzern)<\/p>\n<p>[\/et_pb_blurb][et_pb_blurb title=&#8221;Documenti&#8221; admin_label=&#8221;Dokumente&#8221; _builder_version=&#8221;4.22.2&#8243; _module_preset=&#8221;default&#8221; background_color=&#8221;#efefef&#8221; custom_margin=&#8221;0px|0px|20px|0px|false|false&#8221; custom_padding=&#8221;5px|5px|5px|5px|false|false&#8221; box_shadow_style=&#8221;preset3&#8243; global_colors_info=&#8221;{}&#8221;]<\/p>\n<p><a href=\"https:\/\/fan-info.ch\/wp-content\/uploads\/empfehlung_ufererosion_v32_151005.pdf\" rel=\"attachment wp-att-916\">Empfehlung Ufererosion<\/a> <a href=\"https:\/\/fan-info.ch\/wp-content\/uploads\/empfehlung_ufererosion_AnhangA_151005.pdf\" rel=\"attachment wp-att-910\">Anhang A<\/a> <a href=\"https:\/\/fan-info.ch\/wp-content\/uploads\/empfehlung_ufererosion_AnhangB_150914.pdf\" rel=\"attachment wp-att-913\">Anhang B<\/a><\/p>\n<p>[\/et_pb_blurb][\/et_pb_column][\/et_pb_row][\/et_pb_section]<\/p>\n","protected":false},"excerpt":{"rendered":"<p>Gruppi di lavoro e progetti In conformit\u00e0 allo Statuto (4.2.3), il Comitato FAN pu\u00f2 istituire gruppi di lavoro. I gruppi di lavoro si occupano di approfondire argomenti specifici. Il lavoro pu\u00f2 essere svolto a titolo gratuito o parzialmente retribuito. I gruppi di lavoro sono generalmente composti da rappresentanti del Comitato FAN e da altri esperti [&hellip;]<\/p>\n","protected":false},"author":15,"featured_media":0,"parent":1029,"menu_order":0,"comment_status":"closed","ping_status":"closed","template":"","meta":{"_et_pb_use_builder":"on","_et_pb_old_content":"","_et_gb_content_width":"","footnotes":""},"class_list":["post-3750","page","type-page","status-publish","hentry"],"_links":{"self":[{"href":"https:\/\/fan-info.ch\/it\/wp-json\/wp\/v2\/pages\/3750","targetHints":{"allow":["GET"]}}],"collection":[{"href":"https:\/\/fan-info.ch\/it\/wp-json\/wp\/v2\/pages"}],"about":[{"href":"https:\/\/fan-info.ch\/it\/wp-json\/wp\/v2\/types\/page"}],"author":[{"embeddable":true,"href":"https:\/\/fan-info.ch\/it\/wp-json\/wp\/v2\/users\/15"}],"replies":[{"embeddable":true,"href":"https:\/\/fan-info.ch\/it\/wp-json\/wp\/v2\/comments?post=3750"}],"version-history":[{"count":31,"href":"https:\/\/fan-info.ch\/it\/wp-json\/wp\/v2\/pages\/3750\/revisions"}],"predecessor-version":[{"id":8916,"href":"https:\/\/fan-info.ch\/it\/wp-json\/wp\/v2\/pages\/3750\/revisions\/8916"}],"up":[{"embeddable":true,"href":"https:\/\/fan-info.ch\/it\/wp-json\/wp\/v2\/pages\/1029"}],"wp:attachment":[{"href":"https:\/\/fan-info.ch\/it\/wp-json\/wp\/v2\/media?parent=3750"}],"curies":[{"name":"wp","href":"https:\/\/api.w.org\/{rel}","templated":true}]}}