{"id":9598,"date":"2026-02-05T14:26:26","date_gmt":"2026-02-05T13:26:26","guid":{"rendered":"https:\/\/fan-info.ch\/?page_id=9598"},"modified":"2026-02-05T14:26:26","modified_gmt":"2026-02-05T13:26:26","slug":"gruppi-di-lavoro-fan","status":"publish","type":"page","link":"https:\/\/fan-info.ch\/it\/a-proposito-di-fan\/gruppi-di-lavoro\/gruppi-di-lavoro-fan\/","title":{"rendered":"Gruppi di lavoro FAN"},"content":{"rendered":"<p>[et_pb_section fb_built=&#8221;1&#8243; _builder_version=&#8221;4.16&#8243; global_colors_info=&#8221;{}&#8221;][et_pb_row _builder_version=&#8221;4.16&#8243; background_size=&#8221;initial&#8221; background_position=&#8221;top_left&#8221; background_repeat=&#8221;repeat&#8221; global_colors_info=&#8221;{}&#8221;][et_pb_column type=&#8221;4_4&#8243; _builder_version=&#8221;4.16&#8243; custom_padding=&#8221;|||&#8221; global_colors_info=&#8221;{}&#8221; custom_padding__hover=&#8221;|||&#8221;][et_pb_text admin_label=&#8221;Grundsatz&#8221; _builder_version=&#8221;4.27.5&#8243; background_size=&#8221;initial&#8221; background_position=&#8221;top_left&#8221; background_repeat=&#8221;repeat&#8221; global_colors_info=&#8221;{}&#8221;]<\/p>\n<p>Ai sensi dello <a href=\"https:\/\/fan-info.ch\/it\/a-proposito-di-fan\/statuti\/\" target=\"_blank\" rel=\"noopener noreferrer\">statuto<\/a> (4.2.3), il <a href=\"https:\/\/fan-info.ch\/it\/a-proposito-di-fan\/vorstand-ausschuss\/\" target=\"_blank\" rel=\"noopener noreferrer\">Comitato FAN<\/a> pu\u00f2 istituire <strong>gruppi di lavoro<\/strong>. I gruppi di lavoro approfondiscono tematiche specifiche. Il lavoro pu\u00f2 essere svolto a titolo gratuito o essere parzialmente retribuito. I gruppi di lavoro sono generalmente composti da rappresentanti del comitato FAN e da altri esperti del settore. Durante le riunioni e i workshop vengono elaborati dei prodotti (tra cui <a href=\"https:\/\/fan-info.ch\/it\/publikationen\/\" target=\"_blank\" rel=\"noopener noreferrer\">pubblicazioni<\/a>). I gruppi di lavoro possono anche gettare le basi per eventi futuri.[\/et_pb_text][et_pb_divider _builder_version=&#8221;4.27.5&#8243; _module_preset=&#8221;default&#8221; global_colors_info=&#8221;{}&#8221;][\/et_pb_divider][et_pb_text admin_label=&#8221;Aktuelle Arbeitsgruppen&#8221; _builder_version=&#8221;4.27.5&#8243; _module_preset=&#8221;default&#8221; global_colors_info=&#8221;{}&#8221;]<\/p>\n<h3>Gruppi di lavoro attuali<\/h3>\n<p>[\/et_pb_text][et_pb_text _builder_version=&#8221;4.27.5&#8243; _module_preset=&#8221;default&#8221; global_colors_info=&#8221;{}&#8221;]<\/p>\n<h4>Gruppo di lavoro sulla valutazione dei pericoli dei torrenti<\/h4>\n<p><\/p>\n<p>Nel 2021 la FAN ha costituito un gruppo di lavoro per discutere come garantire e migliorare la qualit\u00e0 delle valutazioni dei torrenti.<\/p>\n<p>[\/et_pb_text][et_pb_divider _builder_version=&#8221;4.27.5&#8243; _module_preset=&#8221;default&#8221; global_colors_info=&#8221;{}&#8221;][\/et_pb_divider][et_pb_text admin_label=&#8221;Ehemalige Arbeitsgruppen&#8221; _builder_version=&#8221;4.27.5&#8243; _module_preset=&#8221;default&#8221; global_colors_info=&#8221;{}&#8221;]<\/p>\n<h3>Gruppi di lavoro precedenti<\/h3>\n<p>[\/et_pb_text][et_pb_text _builder_version=&#8221;4.27.5&#8243; _module_preset=&#8221;default&#8221; global_colors_info=&#8221;{}&#8221;]<\/p>\n<h4>Erosione delle sponde<\/h4>\n<p><\/p>\n<p>I specialisti in pericoli naturali Svizzera (FAN) e la Commissione per la protezione contro le inondazioni, l&#8217;ingegneria idraulica e la manutenzione dei corsi d&#8217;acqua (KOHS) hanno elaborato una raccomandazione per la valutazione del pericolo di erosione delle sponde dei corsi d&#8217;acqua.[\/et_pb_text][\/et_pb_column][\/et_pb_row][\/et_pb_section]<\/p>\n","protected":false},"excerpt":{"rendered":"<p>Ai sensi dello statuto (4.2.3), il Comitato FAN pu\u00f2 istituire gruppi di lavoro. I gruppi di lavoro approfondiscono tematiche specifiche. Il lavoro pu\u00f2 essere svolto a titolo gratuito o essere parzialmente retribuito. I gruppi di lavoro sono generalmente composti da rappresentanti del comitato FAN e da altri esperti del settore. Durante le riunioni e i [&hellip;]<\/p>\n","protected":false},"author":15,"featured_media":0,"parent":3750,"menu_order":0,"comment_status":"closed","ping_status":"closed","template":"","meta":{"_et_pb_use_builder":"on","_et_pb_old_content":"<p>Gem\u00e4ss <a href=\"https:\/\/fan-info.ch\/ueber-fan\/fan-statuten\/\" target=\"_blank\" rel=\"noopener noreferrer\">Statuten<\/a> (4.2.3) kann der <a href=\"https:\/\/fan-info.ch\/ueber-fan\/vorstand\/\" target=\"_blank\" rel=\"noopener noreferrer\">FAN-Ausschuss<\/a> <strong>Arbeitsgruppen<\/strong> einsetzen. In Arbeitsgruppen werden spezifische Themen vertieft bearbeitet. Die Arbeiten k\u00f6nnen unentgeltlich oder teilweise bezahlt erfolgen. Arbeitsgruppen setzen sich typischerweise aus Vertreterinnen und Vertretern des FAN-Ausschusses sowie weiteren Fachexpertinnen und Fachexperten zusammen. In Sitzungen und Workshops werden Produkte (u.a. <a href=\"https:\/\/fan-info.ch\/publikationen\/\" target=\"_blank\" rel=\"noopener noreferrer\">Publikationen<\/a>) erarbeitet. Arbeitsgruppen k\u00f6nnen auch die Grundlagen f\u00fcr k\u00fcnftige Veranstaltungen erarbeiten.<\/p>","_et_gb_content_width":"","footnotes":""},"class_list":["post-9598","page","type-page","status-publish","hentry"],"_links":{"self":[{"href":"https:\/\/fan-info.ch\/it\/wp-json\/wp\/v2\/pages\/9598","targetHints":{"allow":["GET"]}}],"collection":[{"href":"https:\/\/fan-info.ch\/it\/wp-json\/wp\/v2\/pages"}],"about":[{"href":"https:\/\/fan-info.ch\/it\/wp-json\/wp\/v2\/types\/page"}],"author":[{"embeddable":true,"href":"https:\/\/fan-info.ch\/it\/wp-json\/wp\/v2\/users\/15"}],"replies":[{"embeddable":true,"href":"https:\/\/fan-info.ch\/it\/wp-json\/wp\/v2\/comments?post=9598"}],"version-history":[{"count":7,"href":"https:\/\/fan-info.ch\/it\/wp-json\/wp\/v2\/pages\/9598\/revisions"}],"predecessor-version":[{"id":9666,"href":"https:\/\/fan-info.ch\/it\/wp-json\/wp\/v2\/pages\/9598\/revisions\/9666"}],"up":[{"embeddable":true,"href":"https:\/\/fan-info.ch\/it\/wp-json\/wp\/v2\/pages\/3750"}],"wp:attachment":[{"href":"https:\/\/fan-info.ch\/it\/wp-json\/wp\/v2\/media?parent=9598"}],"curies":[{"name":"wp","href":"https:\/\/api.w.org\/{rel}","templated":true}]}}